{"id":4409,"date":"2020-04-25T14:18:09","date_gmt":"2020-04-25T12:18:09","guid":{"rendered":"https:\/\/www.mantasezcaray.com\/producto\/ref-19-b\/"},"modified":"2025-11-16T19:14:52","modified_gmt":"2025-11-16T18:14:52","slug":"ref-19-b","status":"publish","type":"product","link":"https:\/\/www.mantasezcaray.com\/fr\/producto\/ref-19-b\/","title":{"rendered":"Ref. 19-B"},"content":{"rendered":"","protected":false},"excerpt":{"rendered":"<p>La couverture \u00e0 carreaux en Mohair ou notre fameux \u00ab\u00a0Tartan\u00a0\u00bb en rouge, blanc, bleu, vert et marron est un produit qui se distingue par sa qualit\u00e9 et son design classique.<\/p>\n<p>\u00c0 Ezcaray, nos artisans ont travaill\u00e9 m\u00e9ticuleusement pour cr\u00e9er cette couverture, en soignant chaque d\u00e9tail.<\/p>\n<p>Son style classique s&rsquo;adapte \u00e0 n&rsquo;importe quel int\u00e9rieur et la production artisanale \u00e0 Ezcaray garantit sa durabilit\u00e9 et son excellence.<\/p>\n","protected":false},"featured_media":3249,"template":"","meta":{"_acf_changed":false,"_editorskit_title_hidden":false,"_editorskit_reading_time":0,"_editorskit_is_block_options_detached":false,"_editorskit_block_options_position":"{}"},"product_brand":[],"product_cat":[190],"product_tag":[],"class_list":{"0":"post-4409","1":"product","2":"type-product","3":"status-publish","4":"has-post-thumbnail","6":"product_cat-couvertures","7":"g4co_collection-mohair-cuadros-fr","9":"first","10":"onbackorder","11":"shipping-taxable","12":"product-type-variable"},"acf":[],"yoast_head":"<!-- This site is optimized with the Yoast SEO plugin v27.2 - https:\/\/yoast.com\/product\/yoast-seo-wordpress\/ -->\n<title>Ref. 19-B - Couvertures - Mohair Cuadros - Mantas Ezcaray<\/title>\n<meta name=\"description\" content=\"La couverture \u00e0 carreaux en Mohair ou notre fameux &quot;Tartan&quot; en rouge, blanc, bleu, vert et marron est un produit qui se distingue par sa qualit\u00e9 et son design classique.  \u00c0 Ezcaray, nos artisans ont travaill\u00e9 m\u00e9ticuleusement pour cr\u00e9er cette couverture, en soignant chaque d\u00e9tail.  Son style classique s&#039;adapte \u00e0 n&#039;importe quel int\u00e9rieur et la production artisanale \u00e0 Ezcaray garantit sa durabilit\u00e9 et son excellence.\" \/>\n<meta name=\"robots\" content=\"index, follow, max-snippet:-1, max-image-preview:large, max-video-preview:-1\" \/>\n<link rel=\"canonical\" href=\"https:\/\/www.mantasezcaray.com\/fr\/producto\/ref-19-b\/\" \/>\n<meta property=\"og:locale\" content=\"fr_FR\" \/>\n<meta property=\"og:type\" content=\"article\" \/>\n<meta property=\"og:title\" content=\"Ref. 19-B - Couvertures - Mohair Cuadros - Mantas Ezcaray\" \/>\n<meta property=\"og:description\" content=\"La couverture \u00e0 carreaux en Mohair ou notre fameux &quot;Tartan&quot; en rouge, blanc, bleu, vert et marron est un produit qui se distingue par sa qualit\u00e9 et son design classique.  \u00c0 Ezcaray, nos artisans ont travaill\u00e9 m\u00e9ticuleusement pour cr\u00e9er cette couverture, en soignant chaque d\u00e9tail.  Son style classique s&#039;adapte \u00e0 n&#039;importe quel int\u00e9rieur et la production artisanale \u00e0 Ezcaray garantit sa durabilit\u00e9 et son excellence.\" \/>\n<meta property=\"og:url\" content=\"https:\/\/www.mantasezcaray.com\/fr\/producto\/ref-19-b\/\" \/>\n<meta property=\"og:site_name\" content=\"Mantas Ezcaray\" \/>\n<meta property=\"article:publisher\" content=\"http:\/\/www.facebook.com\/pages\/Mantas-Ezcaray\/279923425355139\" \/>\n<meta property=\"article:modified_time\" content=\"2025-11-16T18:14:52+00:00\" \/>\n<meta property=\"og:image\" content=\"https:\/\/www.mantasezcaray.com\/wp-content\/uploads\/2020\/04\/REF-19B.jpg\" \/>\n\t<meta property=\"og:image:width\" content=\"1667\" \/>\n\t<meta property=\"og:image:height\" content=\"2500\" \/>\n\t<meta property=\"og:image:type\" content=\"image\/jpeg\" \/>\n<meta name=\"twitter:card\" content=\"summary_large_image\" \/>\n<meta name=\"twitter:site\" content=\"@mantasezcaray\" \/>\n<script type=\"application\/ld+json\" class=\"yoast-schema-graph\">{\"@context\":\"https:\/\/schema.org\",\"@graph\":[{\"@type\":\"WebPage\",\"@id\":\"https:\/\/www.mantasezcaray.com\/fr\/producto\/ref-19-b\/\",\"url\":\"https:\/\/www.mantasezcaray.com\/fr\/producto\/ref-19-b\/\",\"name\":\"Ref. 19-B - Couvertures - Mohair Cuadros - Mantas Ezcaray\",\"isPartOf\":{\"@id\":\"https:\/\/www.mantasezcaray.com\/fr\/#website\"},\"primaryImageOfPage\":{\"@id\":\"https:\/\/www.mantasezcaray.com\/fr\/producto\/ref-19-b\/#primaryimage\"},\"image\":{\"@id\":\"https:\/\/www.mantasezcaray.com\/fr\/producto\/ref-19-b\/#primaryimage\"},\"thumbnailUrl\":\"https:\/\/www.mantasezcaray.com\/wp-content\/uploads\/2020\/04\/REF-19B.jpg\",\"datePublished\":\"2020-04-25T12:18:09+00:00\",\"dateModified\":\"2025-11-16T18:14:52+00:00\",\"description\":\"La couverture \u00e0 carreaux en Mohair ou notre fameux \\\"Tartan\\\" en rouge, blanc, bleu, vert et marron est un produit qui se distingue par sa qualit\u00e9 et son design classique. \u00c0 Ezcaray, nos artisans ont travaill\u00e9 m\u00e9ticuleusement pour cr\u00e9er cette couverture, en soignant chaque d\u00e9tail. Son style classique s'adapte \u00e0 n'importe quel int\u00e9rieur et la production artisanale \u00e0 Ezcaray garantit sa durabilit\u00e9 et son excellence.\",\"breadcrumb\":{\"@id\":\"https:\/\/www.mantasezcaray.com\/fr\/producto\/ref-19-b\/#breadcrumb\"},\"inLanguage\":\"fr-FR\",\"potentialAction\":[{\"@type\":\"ReadAction\",\"target\":[\"https:\/\/www.mantasezcaray.com\/fr\/producto\/ref-19-b\/\"]}]},{\"@type\":\"ImageObject\",\"inLanguage\":\"fr-FR\",\"@id\":\"https:\/\/www.mantasezcaray.com\/fr\/producto\/ref-19-b\/#primaryimage\",\"url\":\"https:\/\/www.mantasezcaray.com\/wp-content\/uploads\/2020\/04\/REF-19B.jpg\",\"contentUrl\":\"https:\/\/www.mantasezcaray.com\/wp-content\/uploads\/2020\/04\/REF-19B.jpg\",\"width\":1667,\"height\":2500,\"caption\":\"12\/2\/18 Cuadro 19-B, Mantas Ezcaray, Ezcaray, La Rioja, Spain. Photo by James Sturcke | sturcke.org\"},{\"@type\":\"BreadcrumbList\",\"@id\":\"https:\/\/www.mantasezcaray.com\/fr\/producto\/ref-19-b\/#breadcrumb\",\"itemListElement\":[{\"@type\":\"ListItem\",\"position\":1,\"name\":\"Inicio\",\"item\":\"https:\/\/www.mantasezcaray.com\/fr\/\"},{\"@type\":\"ListItem\",\"position\":2,\"name\":\"Produits\",\"item\":\"https:\/\/www.mantasezcaray.com\/fr\/produits\/\"},{\"@type\":\"ListItem\",\"position\":3,\"name\":\"Couvertures\",\"item\":\"https:\/\/www.mantasezcaray.com\/fr\/categorie-produits\/couvertures\/\"},{\"@type\":\"ListItem\",\"position\":4,\"name\":\"Ref. 19-B\"}]},{\"@type\":\"WebSite\",\"@id\":\"https:\/\/www.mantasezcaray.com\/fr\/#website\",\"url\":\"https:\/\/www.mantasezcaray.com\/fr\/\",\"name\":\"Mantas Ezcaray\",\"description\":\"Desde 1930 tejiendo el mejor mohair\",\"publisher\":{\"@id\":\"https:\/\/www.mantasezcaray.com\/fr\/#organization\"},\"potentialAction\":[{\"@type\":\"SearchAction\",\"target\":{\"@type\":\"EntryPoint\",\"urlTemplate\":\"https:\/\/www.mantasezcaray.com\/fr\/?s={search_term_string}\"},\"query-input\":{\"@type\":\"PropertyValueSpecification\",\"valueRequired\":true,\"valueName\":\"search_term_string\"}}],\"inLanguage\":\"fr-FR\"},{\"@type\":\"Organization\",\"@id\":\"https:\/\/www.mantasezcaray.com\/fr\/#organization\",\"name\":\"Mantas Ezcaray\",\"url\":\"https:\/\/www.mantasezcaray.com\/fr\/\",\"logo\":{\"@type\":\"ImageObject\",\"inLanguage\":\"fr-FR\",\"@id\":\"https:\/\/www.mantasezcaray.com\/fr\/#\/schema\/logo\/image\/\",\"url\":\"https:\/\/www.mantasezcaray.com\/wp-content\/uploads\/2020\/05\/logo-mantasezcaray-negro-600x400-1.png\",\"contentUrl\":\"https:\/\/www.mantasezcaray.com\/wp-content\/uploads\/2020\/05\/logo-mantasezcaray-negro-600x400-1.png\",\"width\":600,\"height\":400,\"caption\":\"Mantas Ezcaray\"},\"image\":{\"@id\":\"https:\/\/www.mantasezcaray.com\/fr\/#\/schema\/logo\/image\/\"},\"sameAs\":[\"http:\/\/www.facebook.com\/pages\/Mantas-Ezcaray\/279923425355139\",\"https:\/\/x.com\/mantasezcaray\",\"https:\/\/www.instagram.com\/mantasezcaray\/\",\"https:\/\/www.youtube.com\/channel\/UCCYt_HCWxLvImAGnaItH2qQ\"]}]}<\/script>\n<!-- \/ Yoast SEO plugin. -->","yoast_head_json":{"title":"Ref. 19-B - Couvertures - Mohair Cuadros - Mantas Ezcaray","description":"La couverture \u00e0 carreaux en Mohair ou notre fameux \"Tartan\" en rouge, blanc, bleu, vert et marron est un produit qui se distingue par sa qualit\u00e9 et son design classique.  \u00c0 Ezcaray, nos artisans ont travaill\u00e9 m\u00e9ticuleusement pour cr\u00e9er cette couverture, en soignant chaque d\u00e9tail.  Son style classique s'adapte \u00e0 n'importe quel int\u00e9rieur et la production artisanale \u00e0 Ezcaray garantit sa durabilit\u00e9 et son excellence.","robots":{"index":"index","follow":"follow","max-snippet":"max-snippet:-1","max-image-preview":"max-image-preview:large","max-video-preview":"max-video-preview:-1"},"canonical":"https:\/\/www.mantasezcaray.com\/fr\/producto\/ref-19-b\/","og_locale":"fr_FR","og_type":"article","og_title":"Ref. 19-B - Couvertures - Mohair Cuadros - Mantas Ezcaray","og_description":"La couverture \u00e0 carreaux en Mohair ou notre fameux \"Tartan\" en rouge, blanc, bleu, vert et marron est un produit qui se distingue par sa qualit\u00e9 et son design classique.  \u00c0 Ezcaray, nos artisans ont travaill\u00e9 m\u00e9ticuleusement pour cr\u00e9er cette couverture, en soignant chaque d\u00e9tail.  Son style classique s'adapte \u00e0 n'importe quel int\u00e9rieur et la production artisanale \u00e0 Ezcaray garantit sa durabilit\u00e9 et son excellence.","og_url":"https:\/\/www.mantasezcaray.com\/fr\/producto\/ref-19-b\/","og_site_name":"Mantas Ezcaray","article_publisher":"http:\/\/www.facebook.com\/pages\/Mantas-Ezcaray\/279923425355139","article_modified_time":"2025-11-16T18:14:52+00:00","og_image":[{"width":1667,"height":2500,"url":"https:\/\/www.mantasezcaray.com\/wp-content\/uploads\/2020\/04\/REF-19B.jpg","type":"image\/jpeg"}],"twitter_card":"summary_large_image","twitter_site":"@mantasezcaray","schema":{"@context":"https:\/\/schema.org","@graph":[{"@type":"WebPage","@id":"https:\/\/www.mantasezcaray.com\/fr\/producto\/ref-19-b\/","url":"https:\/\/www.mantasezcaray.com\/fr\/producto\/ref-19-b\/","name":"Ref. 19-B - Couvertures - Mohair Cuadros - Mantas Ezcaray","isPartOf":{"@id":"https:\/\/www.mantasezcaray.com\/fr\/#website"},"primaryImageOfPage":{"@id":"https:\/\/www.mantasezcaray.com\/fr\/producto\/ref-19-b\/#primaryimage"},"image":{"@id":"https:\/\/www.mantasezcaray.com\/fr\/producto\/ref-19-b\/#primaryimage"},"thumbnailUrl":"https:\/\/www.mantasezcaray.com\/wp-content\/uploads\/2020\/04\/REF-19B.jpg","datePublished":"2020-04-25T12:18:09+00:00","dateModified":"2025-11-16T18:14:52+00:00","description":"La couverture \u00e0 carreaux en Mohair ou notre fameux \"Tartan\" en rouge, blanc, bleu, vert et marron est un produit qui se distingue par sa qualit\u00e9 et son design classique. \u00c0 Ezcaray, nos artisans ont travaill\u00e9 m\u00e9ticuleusement pour cr\u00e9er cette couverture, en soignant chaque d\u00e9tail. Son style classique s'adapte \u00e0 n'importe quel int\u00e9rieur et la production artisanale \u00e0 Ezcaray garantit sa durabilit\u00e9 et son excellence.","breadcrumb":{"@id":"https:\/\/www.mantasezcaray.com\/fr\/producto\/ref-19-b\/#breadcrumb"},"inLanguage":"fr-FR","potentialAction":[{"@type":"ReadAction","target":["https:\/\/www.mantasezcaray.com\/fr\/producto\/ref-19-b\/"]}]},{"@type":"ImageObject","inLanguage":"fr-FR","@id":"https:\/\/www.mantasezcaray.com\/fr\/producto\/ref-19-b\/#primaryimage","url":"https:\/\/www.mantasezcaray.com\/wp-content\/uploads\/2020\/04\/REF-19B.jpg","contentUrl":"https:\/\/www.mantasezcaray.com\/wp-content\/uploads\/2020\/04\/REF-19B.jpg","width":1667,"height":2500,"caption":"12\/2\/18 Cuadro 19-B, Mantas Ezcaray, Ezcaray, La Rioja, Spain. Photo by James Sturcke | sturcke.org"},{"@type":"BreadcrumbList","@id":"https:\/\/www.mantasezcaray.com\/fr\/producto\/ref-19-b\/#breadcrumb","itemListElement":[{"@type":"ListItem","position":1,"name":"Inicio","item":"https:\/\/www.mantasezcaray.com\/fr\/"},{"@type":"ListItem","position":2,"name":"Produits","item":"https:\/\/www.mantasezcaray.com\/fr\/produits\/"},{"@type":"ListItem","position":3,"name":"Couvertures","item":"https:\/\/www.mantasezcaray.com\/fr\/categorie-produits\/couvertures\/"},{"@type":"ListItem","position":4,"name":"Ref. 19-B"}]},{"@type":"WebSite","@id":"https:\/\/www.mantasezcaray.com\/fr\/#website","url":"https:\/\/www.mantasezcaray.com\/fr\/","name":"Mantas Ezcaray","description":"Desde 1930 tejiendo el mejor mohair","publisher":{"@id":"https:\/\/www.mantasezcaray.com\/fr\/#organization"},"potentialAction":[{"@type":"SearchAction","target":{"@type":"EntryPoint","urlTemplate":"https:\/\/www.mantasezcaray.com\/fr\/?s={search_term_string}"},"query-input":{"@type":"PropertyValueSpecification","valueRequired":true,"valueName":"search_term_string"}}],"inLanguage":"fr-FR"},{"@type":"Organization","@id":"https:\/\/www.mantasezcaray.com\/fr\/#organization","name":"Mantas Ezcaray","url":"https:\/\/www.mantasezcaray.com\/fr\/","logo":{"@type":"ImageObject","inLanguage":"fr-FR","@id":"https:\/\/www.mantasezcaray.com\/fr\/#\/schema\/logo\/image\/","url":"https:\/\/www.mantasezcaray.com\/wp-content\/uploads\/2020\/05\/logo-mantasezcaray-negro-600x400-1.png","contentUrl":"https:\/\/www.mantasezcaray.com\/wp-content\/uploads\/2020\/05\/logo-mantasezcaray-negro-600x400-1.png","width":600,"height":400,"caption":"Mantas Ezcaray"},"image":{"@id":"https:\/\/www.mantasezcaray.com\/fr\/#\/schema\/logo\/image\/"},"sameAs":["http:\/\/www.facebook.com\/pages\/Mantas-Ezcaray\/279923425355139","https:\/\/x.com\/mantasezcaray","https:\/\/www.instagram.com\/mantasezcaray\/","https:\/\/www.youtube.com\/channel\/UCCYt_HCWxLvImAGnaItH2qQ"]}]}},"_links":{"self":[{"href":"https:\/\/www.mantasezcaray.com\/fr\/wp-json\/wp\/v2\/product\/4409","targetHints":{"allow":["GET"]}}],"collection":[{"href":"https:\/\/www.mantasezcaray.com\/fr\/wp-json\/wp\/v2\/product"}],"about":[{"href":"https:\/\/www.mantasezcaray.com\/fr\/wp-json\/wp\/v2\/types\/product"}],"wp:featuredmedia":[{"embeddable":true,"href":"https:\/\/www.mantasezcaray.com\/fr\/wp-json\/wp\/v2\/media\/3249"}],"wp:attachment":[{"href":"https:\/\/www.mantasezcaray.com\/fr\/wp-json\/wp\/v2\/media?parent=4409"}],"wp:term":[{"taxonomy":"product_brand","embeddable":true,"href":"https:\/\/www.mantasezcaray.com\/fr\/wp-json\/wp\/v2\/product_brand?post=4409"},{"taxonomy":"product_cat","embeddable":true,"href":"https:\/\/www.mantasezcaray.com\/fr\/wp-json\/wp\/v2\/product_cat?post=4409"},{"taxonomy":"product_tag","embeddable":true,"href":"https:\/\/www.mantasezcaray.com\/fr\/wp-json\/wp\/v2\/product_tag?post=4409"}],"curies":[{"name":"wp","href":"https:\/\/api.w.org\/{rel}","templated":true}]}}