{"id":4226,"date":"2020-04-26T01:35:30","date_gmt":"2020-04-25T23:35:30","guid":{"rendered":"https:\/\/www.mantasezcaray.com\/producto\/ref-609\/"},"modified":"2023-05-04T17:14:15","modified_gmt":"2023-05-04T15:14:15","slug":"ref-609","status":"publish","type":"product","link":"https:\/\/www.mantasezcaray.com\/fr\/producto\/ref-609\/","title":{"rendered":"Ref. 609"},"content":{"rendered":"","protected":false},"excerpt":{"rendered":"<p>La couverture en mohair orange br\u00fbl\u00e9 est une pi\u00e8ce essentielle pour toute maison qui souhaite allier fonctionnalit\u00e9, beaut\u00e9 et qualit\u00e9.<br \/>\nElle est fabriqu\u00e9e \u00e0 la main \u00e0 Ezcaray.<br \/>\nSes principales caract\u00e9ristiques sont sa l\u00e9g\u00e8ret\u00e9, sa chaleur, sa luminosit\u00e9 et sa douceur.<\/p>\n","protected":false},"featured_media":3280,"template":"","meta":{"_acf_changed":false,"_editorskit_title_hidden":false,"_editorskit_reading_time":0,"_editorskit_is_block_options_detached":false,"_editorskit_block_options_position":"{}"},"product_brand":[],"product_cat":[190],"product_tag":[290],"class_list":{"0":"post-4226","1":"product","2":"type-product","3":"status-publish","4":"has-post-thumbnail","6":"product_cat-couvertures","7":"product_tag-noel","8":"g4co_collection-mohair-lisos-fr","10":"first","11":"instock","12":"shipping-taxable","13":"product-type-variable"},"acf":[],"yoast_head":"<!-- This site is optimized with the Yoast SEO plugin v27.2 - https:\/\/yoast.com\/product\/yoast-seo-wordpress\/ -->\n<title>Ref. 609 - Couvertures - Mohair Lisos - Mantas Ezcaray<\/title>\n<meta name=\"description\" content=\"La couverture en mohair orange br\u00fbl\u00e9 est une pi\u00e8ce essentielle pour toute maison qui souhaite allier fonctionnalit\u00e9, beaut\u00e9 et qualit\u00e9. Elle est fabriqu\u00e9e \u00e0 la main \u00e0 Ezcaray. Ses principales caract\u00e9ristiques sont sa l\u00e9g\u00e8ret\u00e9, sa chaleur, sa luminosit\u00e9 et sa douceur.\" \/>\n<meta name=\"robots\" content=\"index, follow, max-snippet:-1, max-image-preview:large, max-video-preview:-1\" \/>\n<link rel=\"canonical\" href=\"https:\/\/www.mantasezcaray.com\/fr\/producto\/ref-609\/\" \/>\n<meta property=\"og:locale\" content=\"fr_FR\" \/>\n<meta property=\"og:type\" content=\"article\" \/>\n<meta property=\"og:title\" content=\"Ref. 609 - Couvertures - Mohair Lisos - Mantas Ezcaray\" \/>\n<meta property=\"og:description\" content=\"La couverture en mohair orange br\u00fbl\u00e9 est une pi\u00e8ce essentielle pour toute maison qui souhaite allier fonctionnalit\u00e9, beaut\u00e9 et qualit\u00e9. Elle est fabriqu\u00e9e \u00e0 la main \u00e0 Ezcaray. Ses principales caract\u00e9ristiques sont sa l\u00e9g\u00e8ret\u00e9, sa chaleur, sa luminosit\u00e9 et sa douceur.\" \/>\n<meta property=\"og:url\" content=\"https:\/\/www.mantasezcaray.com\/fr\/producto\/ref-609\/\" \/>\n<meta property=\"og:site_name\" content=\"Mantas Ezcaray\" \/>\n<meta property=\"article:publisher\" content=\"http:\/\/www.facebook.com\/pages\/Mantas-Ezcaray\/279923425355139\" \/>\n<meta property=\"article:modified_time\" content=\"2023-05-04T15:14:15+00:00\" \/>\n<meta property=\"og:image\" content=\"https:\/\/www.mantasezcaray.com\/wp-content\/uploads\/2020\/04\/REF-609.jpg\" \/>\n\t<meta property=\"og:image:width\" content=\"1800\" \/>\n\t<meta property=\"og:image:height\" content=\"1200\" \/>\n\t<meta property=\"og:image:type\" content=\"image\/jpeg\" \/>\n<meta name=\"twitter:card\" content=\"summary_large_image\" \/>\n<meta name=\"twitter:site\" content=\"@mantasezcaray\" \/>\n<script type=\"application\/ld+json\" class=\"yoast-schema-graph\">{\"@context\":\"https:\/\/schema.org\",\"@graph\":[{\"@type\":\"WebPage\",\"@id\":\"https:\/\/www.mantasezcaray.com\/fr\/producto\/ref-609\/\",\"url\":\"https:\/\/www.mantasezcaray.com\/fr\/producto\/ref-609\/\",\"name\":\"Ref. 609 - Couvertures - Mohair Lisos - Mantas Ezcaray\",\"isPartOf\":{\"@id\":\"https:\/\/www.mantasezcaray.com\/fr\/#website\"},\"primaryImageOfPage\":{\"@id\":\"https:\/\/www.mantasezcaray.com\/fr\/producto\/ref-609\/#primaryimage\"},\"image\":{\"@id\":\"https:\/\/www.mantasezcaray.com\/fr\/producto\/ref-609\/#primaryimage\"},\"thumbnailUrl\":\"https:\/\/www.mantasezcaray.com\/wp-content\/uploads\/2020\/04\/REF-609.jpg\",\"datePublished\":\"2020-04-25T23:35:30+00:00\",\"dateModified\":\"2023-05-04T15:14:15+00:00\",\"description\":\"La couverture en mohair orange br\u00fbl\u00e9 est une pi\u00e8ce essentielle pour toute maison qui souhaite allier fonctionnalit\u00e9, beaut\u00e9 et qualit\u00e9. Elle est fabriqu\u00e9e \u00e0 la main \u00e0 Ezcaray. Ses principales caract\u00e9ristiques sont sa l\u00e9g\u00e8ret\u00e9, sa chaleur, sa luminosit\u00e9 et sa douceur.\",\"breadcrumb\":{\"@id\":\"https:\/\/www.mantasezcaray.com\/fr\/producto\/ref-609\/#breadcrumb\"},\"inLanguage\":\"fr-FR\",\"potentialAction\":[{\"@type\":\"ReadAction\",\"target\":[\"https:\/\/www.mantasezcaray.com\/fr\/producto\/ref-609\/\"]}]},{\"@type\":\"ImageObject\",\"inLanguage\":\"fr-FR\",\"@id\":\"https:\/\/www.mantasezcaray.com\/fr\/producto\/ref-609\/#primaryimage\",\"url\":\"https:\/\/www.mantasezcaray.com\/wp-content\/uploads\/2020\/04\/REF-609.jpg\",\"contentUrl\":\"https:\/\/www.mantasezcaray.com\/wp-content\/uploads\/2020\/04\/REF-609.jpg\",\"width\":1800,\"height\":1200,\"caption\":\"609. Collection Ezcaray Mohair Liso. Mantas Ezcaray, Ezcaray, La Rioja, Spain. Photo by James Sturcke | www.sturcke.org\"},{\"@type\":\"BreadcrumbList\",\"@id\":\"https:\/\/www.mantasezcaray.com\/fr\/producto\/ref-609\/#breadcrumb\",\"itemListElement\":[{\"@type\":\"ListItem\",\"position\":1,\"name\":\"Inicio\",\"item\":\"https:\/\/www.mantasezcaray.com\/fr\/\"},{\"@type\":\"ListItem\",\"position\":2,\"name\":\"Produits\",\"item\":\"https:\/\/www.mantasezcaray.com\/fr\/produits\/\"},{\"@type\":\"ListItem\",\"position\":3,\"name\":\"Couvertures\",\"item\":\"https:\/\/www.mantasezcaray.com\/fr\/categorie-produits\/couvertures\/\"},{\"@type\":\"ListItem\",\"position\":4,\"name\":\"Ref. 609\"}]},{\"@type\":\"WebSite\",\"@id\":\"https:\/\/www.mantasezcaray.com\/fr\/#website\",\"url\":\"https:\/\/www.mantasezcaray.com\/fr\/\",\"name\":\"Mantas Ezcaray\",\"description\":\"Desde 1930 tejiendo el mejor mohair\",\"publisher\":{\"@id\":\"https:\/\/www.mantasezcaray.com\/fr\/#organization\"},\"potentialAction\":[{\"@type\":\"SearchAction\",\"target\":{\"@type\":\"EntryPoint\",\"urlTemplate\":\"https:\/\/www.mantasezcaray.com\/fr\/?s={search_term_string}\"},\"query-input\":{\"@type\":\"PropertyValueSpecification\",\"valueRequired\":true,\"valueName\":\"search_term_string\"}}],\"inLanguage\":\"fr-FR\"},{\"@type\":\"Organization\",\"@id\":\"https:\/\/www.mantasezcaray.com\/fr\/#organization\",\"name\":\"Mantas Ezcaray\",\"url\":\"https:\/\/www.mantasezcaray.com\/fr\/\",\"logo\":{\"@type\":\"ImageObject\",\"inLanguage\":\"fr-FR\",\"@id\":\"https:\/\/www.mantasezcaray.com\/fr\/#\/schema\/logo\/image\/\",\"url\":\"https:\/\/www.mantasezcaray.com\/wp-content\/uploads\/2020\/05\/logo-mantasezcaray-negro-600x400-1.png\",\"contentUrl\":\"https:\/\/www.mantasezcaray.com\/wp-content\/uploads\/2020\/05\/logo-mantasezcaray-negro-600x400-1.png\",\"width\":600,\"height\":400,\"caption\":\"Mantas Ezcaray\"},\"image\":{\"@id\":\"https:\/\/www.mantasezcaray.com\/fr\/#\/schema\/logo\/image\/\"},\"sameAs\":[\"http:\/\/www.facebook.com\/pages\/Mantas-Ezcaray\/279923425355139\",\"https:\/\/x.com\/mantasezcaray\",\"https:\/\/www.instagram.com\/mantasezcaray\/\",\"https:\/\/www.youtube.com\/channel\/UCCYt_HCWxLvImAGnaItH2qQ\"]}]}<\/script>\n<!-- \/ Yoast SEO plugin. -->","yoast_head_json":{"title":"Ref. 609 - Couvertures - Mohair Lisos - Mantas Ezcaray","description":"La couverture en mohair orange br\u00fbl\u00e9 est une pi\u00e8ce essentielle pour toute maison qui souhaite allier fonctionnalit\u00e9, beaut\u00e9 et qualit\u00e9. Elle est fabriqu\u00e9e \u00e0 la main \u00e0 Ezcaray. Ses principales caract\u00e9ristiques sont sa l\u00e9g\u00e8ret\u00e9, sa chaleur, sa luminosit\u00e9 et sa douceur.","robots":{"index":"index","follow":"follow","max-snippet":"max-snippet:-1","max-image-preview":"max-image-preview:large","max-video-preview":"max-video-preview:-1"},"canonical":"https:\/\/www.mantasezcaray.com\/fr\/producto\/ref-609\/","og_locale":"fr_FR","og_type":"article","og_title":"Ref. 609 - Couvertures - Mohair Lisos - Mantas Ezcaray","og_description":"La couverture en mohair orange br\u00fbl\u00e9 est une pi\u00e8ce essentielle pour toute maison qui souhaite allier fonctionnalit\u00e9, beaut\u00e9 et qualit\u00e9. Elle est fabriqu\u00e9e \u00e0 la main \u00e0 Ezcaray. Ses principales caract\u00e9ristiques sont sa l\u00e9g\u00e8ret\u00e9, sa chaleur, sa luminosit\u00e9 et sa douceur.","og_url":"https:\/\/www.mantasezcaray.com\/fr\/producto\/ref-609\/","og_site_name":"Mantas Ezcaray","article_publisher":"http:\/\/www.facebook.com\/pages\/Mantas-Ezcaray\/279923425355139","article_modified_time":"2023-05-04T15:14:15+00:00","og_image":[{"width":1800,"height":1200,"url":"https:\/\/www.mantasezcaray.com\/wp-content\/uploads\/2020\/04\/REF-609.jpg","type":"image\/jpeg"}],"twitter_card":"summary_large_image","twitter_site":"@mantasezcaray","schema":{"@context":"https:\/\/schema.org","@graph":[{"@type":"WebPage","@id":"https:\/\/www.mantasezcaray.com\/fr\/producto\/ref-609\/","url":"https:\/\/www.mantasezcaray.com\/fr\/producto\/ref-609\/","name":"Ref. 609 - Couvertures - Mohair Lisos - Mantas Ezcaray","isPartOf":{"@id":"https:\/\/www.mantasezcaray.com\/fr\/#website"},"primaryImageOfPage":{"@id":"https:\/\/www.mantasezcaray.com\/fr\/producto\/ref-609\/#primaryimage"},"image":{"@id":"https:\/\/www.mantasezcaray.com\/fr\/producto\/ref-609\/#primaryimage"},"thumbnailUrl":"https:\/\/www.mantasezcaray.com\/wp-content\/uploads\/2020\/04\/REF-609.jpg","datePublished":"2020-04-25T23:35:30+00:00","dateModified":"2023-05-04T15:14:15+00:00","description":"La couverture en mohair orange br\u00fbl\u00e9 est une pi\u00e8ce essentielle pour toute maison qui souhaite allier fonctionnalit\u00e9, beaut\u00e9 et qualit\u00e9. Elle est fabriqu\u00e9e \u00e0 la main \u00e0 Ezcaray. Ses principales caract\u00e9ristiques sont sa l\u00e9g\u00e8ret\u00e9, sa chaleur, sa luminosit\u00e9 et sa douceur.","breadcrumb":{"@id":"https:\/\/www.mantasezcaray.com\/fr\/producto\/ref-609\/#breadcrumb"},"inLanguage":"fr-FR","potentialAction":[{"@type":"ReadAction","target":["https:\/\/www.mantasezcaray.com\/fr\/producto\/ref-609\/"]}]},{"@type":"ImageObject","inLanguage":"fr-FR","@id":"https:\/\/www.mantasezcaray.com\/fr\/producto\/ref-609\/#primaryimage","url":"https:\/\/www.mantasezcaray.com\/wp-content\/uploads\/2020\/04\/REF-609.jpg","contentUrl":"https:\/\/www.mantasezcaray.com\/wp-content\/uploads\/2020\/04\/REF-609.jpg","width":1800,"height":1200,"caption":"609. Collection Ezcaray Mohair Liso. Mantas Ezcaray, Ezcaray, La Rioja, Spain. Photo by James Sturcke | www.sturcke.org"},{"@type":"BreadcrumbList","@id":"https:\/\/www.mantasezcaray.com\/fr\/producto\/ref-609\/#breadcrumb","itemListElement":[{"@type":"ListItem","position":1,"name":"Inicio","item":"https:\/\/www.mantasezcaray.com\/fr\/"},{"@type":"ListItem","position":2,"name":"Produits","item":"https:\/\/www.mantasezcaray.com\/fr\/produits\/"},{"@type":"ListItem","position":3,"name":"Couvertures","item":"https:\/\/www.mantasezcaray.com\/fr\/categorie-produits\/couvertures\/"},{"@type":"ListItem","position":4,"name":"Ref. 609"}]},{"@type":"WebSite","@id":"https:\/\/www.mantasezcaray.com\/fr\/#website","url":"https:\/\/www.mantasezcaray.com\/fr\/","name":"Mantas Ezcaray","description":"Desde 1930 tejiendo el mejor mohair","publisher":{"@id":"https:\/\/www.mantasezcaray.com\/fr\/#organization"},"potentialAction":[{"@type":"SearchAction","target":{"@type":"EntryPoint","urlTemplate":"https:\/\/www.mantasezcaray.com\/fr\/?s={search_term_string}"},"query-input":{"@type":"PropertyValueSpecification","valueRequired":true,"valueName":"search_term_string"}}],"inLanguage":"fr-FR"},{"@type":"Organization","@id":"https:\/\/www.mantasezcaray.com\/fr\/#organization","name":"Mantas Ezcaray","url":"https:\/\/www.mantasezcaray.com\/fr\/","logo":{"@type":"ImageObject","inLanguage":"fr-FR","@id":"https:\/\/www.mantasezcaray.com\/fr\/#\/schema\/logo\/image\/","url":"https:\/\/www.mantasezcaray.com\/wp-content\/uploads\/2020\/05\/logo-mantasezcaray-negro-600x400-1.png","contentUrl":"https:\/\/www.mantasezcaray.com\/wp-content\/uploads\/2020\/05\/logo-mantasezcaray-negro-600x400-1.png","width":600,"height":400,"caption":"Mantas Ezcaray"},"image":{"@id":"https:\/\/www.mantasezcaray.com\/fr\/#\/schema\/logo\/image\/"},"sameAs":["http:\/\/www.facebook.com\/pages\/Mantas-Ezcaray\/279923425355139","https:\/\/x.com\/mantasezcaray","https:\/\/www.instagram.com\/mantasezcaray\/","https:\/\/www.youtube.com\/channel\/UCCYt_HCWxLvImAGnaItH2qQ"]}]}},"_links":{"self":[{"href":"https:\/\/www.mantasezcaray.com\/fr\/wp-json\/wp\/v2\/product\/4226","targetHints":{"allow":["GET"]}}],"collection":[{"href":"https:\/\/www.mantasezcaray.com\/fr\/wp-json\/wp\/v2\/product"}],"about":[{"href":"https:\/\/www.mantasezcaray.com\/fr\/wp-json\/wp\/v2\/types\/product"}],"wp:featuredmedia":[{"embeddable":true,"href":"https:\/\/www.mantasezcaray.com\/fr\/wp-json\/wp\/v2\/media\/3280"}],"wp:attachment":[{"href":"https:\/\/www.mantasezcaray.com\/fr\/wp-json\/wp\/v2\/media?parent=4226"}],"wp:term":[{"taxonomy":"product_brand","embeddable":true,"href":"https:\/\/www.mantasezcaray.com\/fr\/wp-json\/wp\/v2\/product_brand?post=4226"},{"taxonomy":"product_cat","embeddable":true,"href":"https:\/\/www.mantasezcaray.com\/fr\/wp-json\/wp\/v2\/product_cat?post=4226"},{"taxonomy":"product_tag","embeddable":true,"href":"https:\/\/www.mantasezcaray.com\/fr\/wp-json\/wp\/v2\/product_tag?post=4226"}],"curies":[{"name":"wp","href":"https:\/\/api.w.org\/{rel}","templated":true}]}}