{"id":27481,"date":"2025-11-16T19:55:08","date_gmt":"2025-11-16T18:55:08","guid":{"rendered":"https:\/\/www.mantasezcaray.com\/?post_type=product&#038;p=27481"},"modified":"2025-11-16T19:57:29","modified_gmt":"2025-11-16T18:57:29","slug":"ref-rz-13-copia","status":"publish","type":"product","link":"https:\/\/www.mantasezcaray.com\/fr\/producto\/ref-rz-13-copia\/","title":{"rendered":"Ref. RZ-13 (copia)"},"content":{"rendered":"","protected":false},"excerpt":{"rendered":"<p>La couverture Rozco est une v\u00e9ritable \u0153uvre d&rsquo;art artisanale avec un design unique et \u00e9l\u00e9gant.<\/p>\n<p>Fabriqu\u00e9e selon les normes de qualit\u00e9 les plus strictes \u00e0 Ezcaray, cette couverture est parfaite pour ajouter une touche de couleur et de style \u00e0 n&rsquo;importe quelle pi\u00e8ce de votre maison. De plus, sa texture douce vous gardera bien au chaud pendant les nuits froides.<\/p>\n","protected":false},"featured_media":27464,"template":"","meta":{"_acf_changed":false,"_editorskit_title_hidden":false,"_editorskit_reading_time":0,"_editorskit_is_block_options_detached":false,"_editorskit_block_options_position":"{}"},"product_brand":[],"product_cat":[190],"product_tag":[],"class_list":{"0":"post-27481","1":"product","2":"type-product","3":"status-publish","4":"has-post-thumbnail","6":"product_cat-couvertures","7":"g4co_collection-mohair-rozco-candy-rozco-fr","9":"first","10":"instock","11":"shipping-taxable","12":"product-type-variable"},"acf":[],"yoast_head":"<!-- This site is optimized with the Yoast SEO plugin v27.2 - https:\/\/yoast.com\/product\/yoast-seo-wordpress\/ -->\n<title>Ref. RZ-13 (copia) - Couvertures - Mohair Rozco &amp; Candy Rozco - Mantas Ezcaray<\/title>\n<meta name=\"description\" content=\"La couverture Rozco est une v\u00e9ritable \u0153uvre d&#039;art artisanale avec un design unique et \u00e9l\u00e9gant.  Fabriqu\u00e9e selon les normes de qualit\u00e9 les plus strictes \u00e0 Ezcaray, cette couverture est parfaite pour ajouter une touche de couleur et de style \u00e0 n&#039;importe quelle pi\u00e8ce de votre maison. De plus, sa texture douce vous gardera bien au chaud pendant les nuits froides.\" \/>\n<meta name=\"robots\" content=\"index, follow, max-snippet:-1, max-image-preview:large, max-video-preview:-1\" \/>\n<link rel=\"canonical\" href=\"https:\/\/www.mantasezcaray.com\/fr\/producto\/ref-rz-13-copia\/\" \/>\n<meta property=\"og:locale\" content=\"fr_FR\" \/>\n<meta property=\"og:type\" content=\"article\" \/>\n<meta property=\"og:title\" content=\"Ref. RZ-13 (copia) - Couvertures - Mohair Rozco &amp; Candy Rozco - Mantas Ezcaray\" \/>\n<meta property=\"og:description\" content=\"La couverture Rozco est une v\u00e9ritable \u0153uvre d&#039;art artisanale avec un design unique et \u00e9l\u00e9gant.  Fabriqu\u00e9e selon les normes de qualit\u00e9 les plus strictes \u00e0 Ezcaray, cette couverture est parfaite pour ajouter une touche de couleur et de style \u00e0 n&#039;importe quelle pi\u00e8ce de votre maison. De plus, sa texture douce vous gardera bien au chaud pendant les nuits froides.\" \/>\n<meta property=\"og:url\" content=\"https:\/\/www.mantasezcaray.com\/fr\/producto\/ref-rz-13-copia\/\" \/>\n<meta property=\"og:site_name\" content=\"Mantas Ezcaray\" \/>\n<meta property=\"article:publisher\" content=\"http:\/\/www.facebook.com\/pages\/Mantas-Ezcaray\/279923425355139\" \/>\n<meta property=\"article:modified_time\" content=\"2025-11-16T18:57:29+00:00\" \/>\n<meta property=\"og:image\" content=\"https:\/\/www.mantasezcaray.com\/wp-content\/uploads\/2020\/04\/rz-39.jpg\" \/>\n\t<meta property=\"og:image:width\" content=\"1707\" \/>\n\t<meta property=\"og:image:height\" content=\"2560\" \/>\n\t<meta property=\"og:image:type\" content=\"image\/jpeg\" \/>\n<meta name=\"twitter:card\" content=\"summary_large_image\" \/>\n<meta name=\"twitter:site\" content=\"@mantasezcaray\" \/>\n<script type=\"application\/ld+json\" class=\"yoast-schema-graph\">{\"@context\":\"https:\/\/schema.org\",\"@graph\":[{\"@type\":\"WebPage\",\"@id\":\"https:\/\/www.mantasezcaray.com\/fr\/producto\/ref-rz-13-copia\/\",\"url\":\"https:\/\/www.mantasezcaray.com\/fr\/producto\/ref-rz-13-copia\/\",\"name\":\"Ref. RZ-13 (copia) - Couvertures - Mohair Rozco &amp; Candy Rozco - Mantas Ezcaray\",\"isPartOf\":{\"@id\":\"https:\/\/www.mantasezcaray.com\/fr\/#website\"},\"primaryImageOfPage\":{\"@id\":\"https:\/\/www.mantasezcaray.com\/fr\/producto\/ref-rz-13-copia\/#primaryimage\"},\"image\":{\"@id\":\"https:\/\/www.mantasezcaray.com\/fr\/producto\/ref-rz-13-copia\/#primaryimage\"},\"thumbnailUrl\":\"https:\/\/www.mantasezcaray.com\/wp-content\/uploads\/2020\/04\/rz-39.jpg\",\"datePublished\":\"2025-11-16T18:55:08+00:00\",\"dateModified\":\"2025-11-16T18:57:29+00:00\",\"description\":\"La couverture Rozco est une v\u00e9ritable \u0153uvre d'art artisanale avec un design unique et \u00e9l\u00e9gant. Fabriqu\u00e9e selon les normes de qualit\u00e9 les plus strictes \u00e0 Ezcaray, cette couverture est parfaite pour ajouter une touche de couleur et de style \u00e0 n'importe quelle pi\u00e8ce de votre maison. De plus, sa texture douce vous gardera bien au chaud pendant les nuits froides.\",\"breadcrumb\":{\"@id\":\"https:\/\/www.mantasezcaray.com\/fr\/producto\/ref-rz-13-copia\/#breadcrumb\"},\"inLanguage\":\"fr-FR\",\"potentialAction\":[{\"@type\":\"ReadAction\",\"target\":[\"https:\/\/www.mantasezcaray.com\/fr\/producto\/ref-rz-13-copia\/\"]}]},{\"@type\":\"ImageObject\",\"inLanguage\":\"fr-FR\",\"@id\":\"https:\/\/www.mantasezcaray.com\/fr\/producto\/ref-rz-13-copia\/#primaryimage\",\"url\":\"https:\/\/www.mantasezcaray.com\/wp-content\/uploads\/2020\/04\/rz-39.jpg\",\"contentUrl\":\"https:\/\/www.mantasezcaray.com\/wp-content\/uploads\/2020\/04\/rz-39.jpg\",\"width\":1707,\"height\":2560,\"caption\":\"RZ-39. Mantas Ezcaray.\"},{\"@type\":\"BreadcrumbList\",\"@id\":\"https:\/\/www.mantasezcaray.com\/fr\/producto\/ref-rz-13-copia\/#breadcrumb\",\"itemListElement\":[{\"@type\":\"ListItem\",\"position\":1,\"name\":\"Inicio\",\"item\":\"https:\/\/www.mantasezcaray.com\/fr\/\"},{\"@type\":\"ListItem\",\"position\":2,\"name\":\"Produits\",\"item\":\"https:\/\/www.mantasezcaray.com\/fr\/produits\/\"},{\"@type\":\"ListItem\",\"position\":3,\"name\":\"Couvertures\",\"item\":\"https:\/\/www.mantasezcaray.com\/fr\/categorie-produits\/couvertures\/\"},{\"@type\":\"ListItem\",\"position\":4,\"name\":\"Ref. RZ-13 (copia)\"}]},{\"@type\":\"WebSite\",\"@id\":\"https:\/\/www.mantasezcaray.com\/fr\/#website\",\"url\":\"https:\/\/www.mantasezcaray.com\/fr\/\",\"name\":\"Mantas Ezcaray\",\"description\":\"Desde 1930 tejiendo el mejor mohair\",\"publisher\":{\"@id\":\"https:\/\/www.mantasezcaray.com\/fr\/#organization\"},\"potentialAction\":[{\"@type\":\"SearchAction\",\"target\":{\"@type\":\"EntryPoint\",\"urlTemplate\":\"https:\/\/www.mantasezcaray.com\/fr\/?s={search_term_string}\"},\"query-input\":{\"@type\":\"PropertyValueSpecification\",\"valueRequired\":true,\"valueName\":\"search_term_string\"}}],\"inLanguage\":\"fr-FR\"},{\"@type\":\"Organization\",\"@id\":\"https:\/\/www.mantasezcaray.com\/fr\/#organization\",\"name\":\"Mantas Ezcaray\",\"url\":\"https:\/\/www.mantasezcaray.com\/fr\/\",\"logo\":{\"@type\":\"ImageObject\",\"inLanguage\":\"fr-FR\",\"@id\":\"https:\/\/www.mantasezcaray.com\/fr\/#\/schema\/logo\/image\/\",\"url\":\"https:\/\/www.mantasezcaray.com\/wp-content\/uploads\/2020\/05\/logo-mantasezcaray-negro-600x400-1.png\",\"contentUrl\":\"https:\/\/www.mantasezcaray.com\/wp-content\/uploads\/2020\/05\/logo-mantasezcaray-negro-600x400-1.png\",\"width\":600,\"height\":400,\"caption\":\"Mantas Ezcaray\"},\"image\":{\"@id\":\"https:\/\/www.mantasezcaray.com\/fr\/#\/schema\/logo\/image\/\"},\"sameAs\":[\"http:\/\/www.facebook.com\/pages\/Mantas-Ezcaray\/279923425355139\",\"https:\/\/x.com\/mantasezcaray\",\"https:\/\/www.instagram.com\/mantasezcaray\/\",\"https:\/\/www.youtube.com\/channel\/UCCYt_HCWxLvImAGnaItH2qQ\"]}]}<\/script>\n<!-- \/ Yoast SEO plugin. -->","yoast_head_json":{"title":"Ref. RZ-13 (copia) - Couvertures - Mohair Rozco &amp; Candy Rozco - Mantas Ezcaray","description":"La couverture Rozco est une v\u00e9ritable \u0153uvre d'art artisanale avec un design unique et \u00e9l\u00e9gant.  Fabriqu\u00e9e selon les normes de qualit\u00e9 les plus strictes \u00e0 Ezcaray, cette couverture est parfaite pour ajouter une touche de couleur et de style \u00e0 n'importe quelle pi\u00e8ce de votre maison. De plus, sa texture douce vous gardera bien au chaud pendant les nuits froides.","robots":{"index":"index","follow":"follow","max-snippet":"max-snippet:-1","max-image-preview":"max-image-preview:large","max-video-preview":"max-video-preview:-1"},"canonical":"https:\/\/www.mantasezcaray.com\/fr\/producto\/ref-rz-13-copia\/","og_locale":"fr_FR","og_type":"article","og_title":"Ref. RZ-13 (copia) - Couvertures - Mohair Rozco &amp; Candy Rozco - Mantas Ezcaray","og_description":"La couverture Rozco est une v\u00e9ritable \u0153uvre d'art artisanale avec un design unique et \u00e9l\u00e9gant.  Fabriqu\u00e9e selon les normes de qualit\u00e9 les plus strictes \u00e0 Ezcaray, cette couverture est parfaite pour ajouter une touche de couleur et de style \u00e0 n'importe quelle pi\u00e8ce de votre maison. De plus, sa texture douce vous gardera bien au chaud pendant les nuits froides.","og_url":"https:\/\/www.mantasezcaray.com\/fr\/producto\/ref-rz-13-copia\/","og_site_name":"Mantas Ezcaray","article_publisher":"http:\/\/www.facebook.com\/pages\/Mantas-Ezcaray\/279923425355139","article_modified_time":"2025-11-16T18:57:29+00:00","og_image":[{"width":1707,"height":2560,"url":"https:\/\/www.mantasezcaray.com\/wp-content\/uploads\/2020\/04\/rz-39.jpg","type":"image\/jpeg"}],"twitter_card":"summary_large_image","twitter_site":"@mantasezcaray","schema":{"@context":"https:\/\/schema.org","@graph":[{"@type":"WebPage","@id":"https:\/\/www.mantasezcaray.com\/fr\/producto\/ref-rz-13-copia\/","url":"https:\/\/www.mantasezcaray.com\/fr\/producto\/ref-rz-13-copia\/","name":"Ref. RZ-13 (copia) - Couvertures - Mohair Rozco &amp; Candy Rozco - Mantas Ezcaray","isPartOf":{"@id":"https:\/\/www.mantasezcaray.com\/fr\/#website"},"primaryImageOfPage":{"@id":"https:\/\/www.mantasezcaray.com\/fr\/producto\/ref-rz-13-copia\/#primaryimage"},"image":{"@id":"https:\/\/www.mantasezcaray.com\/fr\/producto\/ref-rz-13-copia\/#primaryimage"},"thumbnailUrl":"https:\/\/www.mantasezcaray.com\/wp-content\/uploads\/2020\/04\/rz-39.jpg","datePublished":"2025-11-16T18:55:08+00:00","dateModified":"2025-11-16T18:57:29+00:00","description":"La couverture Rozco est une v\u00e9ritable \u0153uvre d'art artisanale avec un design unique et \u00e9l\u00e9gant. Fabriqu\u00e9e selon les normes de qualit\u00e9 les plus strictes \u00e0 Ezcaray, cette couverture est parfaite pour ajouter une touche de couleur et de style \u00e0 n'importe quelle pi\u00e8ce de votre maison. De plus, sa texture douce vous gardera bien au chaud pendant les nuits froides.","breadcrumb":{"@id":"https:\/\/www.mantasezcaray.com\/fr\/producto\/ref-rz-13-copia\/#breadcrumb"},"inLanguage":"fr-FR","potentialAction":[{"@type":"ReadAction","target":["https:\/\/www.mantasezcaray.com\/fr\/producto\/ref-rz-13-copia\/"]}]},{"@type":"ImageObject","inLanguage":"fr-FR","@id":"https:\/\/www.mantasezcaray.com\/fr\/producto\/ref-rz-13-copia\/#primaryimage","url":"https:\/\/www.mantasezcaray.com\/wp-content\/uploads\/2020\/04\/rz-39.jpg","contentUrl":"https:\/\/www.mantasezcaray.com\/wp-content\/uploads\/2020\/04\/rz-39.jpg","width":1707,"height":2560,"caption":"RZ-39. Mantas Ezcaray."},{"@type":"BreadcrumbList","@id":"https:\/\/www.mantasezcaray.com\/fr\/producto\/ref-rz-13-copia\/#breadcrumb","itemListElement":[{"@type":"ListItem","position":1,"name":"Inicio","item":"https:\/\/www.mantasezcaray.com\/fr\/"},{"@type":"ListItem","position":2,"name":"Produits","item":"https:\/\/www.mantasezcaray.com\/fr\/produits\/"},{"@type":"ListItem","position":3,"name":"Couvertures","item":"https:\/\/www.mantasezcaray.com\/fr\/categorie-produits\/couvertures\/"},{"@type":"ListItem","position":4,"name":"Ref. RZ-13 (copia)"}]},{"@type":"WebSite","@id":"https:\/\/www.mantasezcaray.com\/fr\/#website","url":"https:\/\/www.mantasezcaray.com\/fr\/","name":"Mantas Ezcaray","description":"Desde 1930 tejiendo el mejor mohair","publisher":{"@id":"https:\/\/www.mantasezcaray.com\/fr\/#organization"},"potentialAction":[{"@type":"SearchAction","target":{"@type":"EntryPoint","urlTemplate":"https:\/\/www.mantasezcaray.com\/fr\/?s={search_term_string}"},"query-input":{"@type":"PropertyValueSpecification","valueRequired":true,"valueName":"search_term_string"}}],"inLanguage":"fr-FR"},{"@type":"Organization","@id":"https:\/\/www.mantasezcaray.com\/fr\/#organization","name":"Mantas Ezcaray","url":"https:\/\/www.mantasezcaray.com\/fr\/","logo":{"@type":"ImageObject","inLanguage":"fr-FR","@id":"https:\/\/www.mantasezcaray.com\/fr\/#\/schema\/logo\/image\/","url":"https:\/\/www.mantasezcaray.com\/wp-content\/uploads\/2020\/05\/logo-mantasezcaray-negro-600x400-1.png","contentUrl":"https:\/\/www.mantasezcaray.com\/wp-content\/uploads\/2020\/05\/logo-mantasezcaray-negro-600x400-1.png","width":600,"height":400,"caption":"Mantas Ezcaray"},"image":{"@id":"https:\/\/www.mantasezcaray.com\/fr\/#\/schema\/logo\/image\/"},"sameAs":["http:\/\/www.facebook.com\/pages\/Mantas-Ezcaray\/279923425355139","https:\/\/x.com\/mantasezcaray","https:\/\/www.instagram.com\/mantasezcaray\/","https:\/\/www.youtube.com\/channel\/UCCYt_HCWxLvImAGnaItH2qQ"]}]}},"_links":{"self":[{"href":"https:\/\/www.mantasezcaray.com\/fr\/wp-json\/wp\/v2\/product\/27481","targetHints":{"allow":["GET"]}}],"collection":[{"href":"https:\/\/www.mantasezcaray.com\/fr\/wp-json\/wp\/v2\/product"}],"about":[{"href":"https:\/\/www.mantasezcaray.com\/fr\/wp-json\/wp\/v2\/types\/product"}],"wp:featuredmedia":[{"embeddable":true,"href":"https:\/\/www.mantasezcaray.com\/fr\/wp-json\/wp\/v2\/media\/27464"}],"wp:attachment":[{"href":"https:\/\/www.mantasezcaray.com\/fr\/wp-json\/wp\/v2\/media?parent=27481"}],"wp:term":[{"taxonomy":"product_brand","embeddable":true,"href":"https:\/\/www.mantasezcaray.com\/fr\/wp-json\/wp\/v2\/product_brand?post=27481"},{"taxonomy":"product_cat","embeddable":true,"href":"https:\/\/www.mantasezcaray.com\/fr\/wp-json\/wp\/v2\/product_cat?post=27481"},{"taxonomy":"product_tag","embeddable":true,"href":"https:\/\/www.mantasezcaray.com\/fr\/wp-json\/wp\/v2\/product_tag?post=27481"}],"curies":[{"name":"wp","href":"https:\/\/api.w.org\/{rel}","templated":true}]}}