{"id":27311,"date":"2025-11-16T14:04:18","date_gmt":"2025-11-16T13:04:18","guid":{"rendered":"https:\/\/www.mantasezcaray.com\/producto\/ref-td-17\/"},"modified":"2025-11-16T14:04:18","modified_gmt":"2025-11-16T13:04:18","slug":"ref-td-17","status":"publish","type":"product","link":"https:\/\/www.mantasezcaray.com\/fr\/producto\/ref-td-17\/","title":{"rendered":"Ref. TD-17"},"content":{"rendered":"","protected":false},"excerpt":{"rendered":"<p>Voici la couverture Tie-Dye, une merveilleuse combinaison de brun, de rouge, de vert, de bleu et de violet. Cette collection est une v\u00e9ritable \u0153uvre d\u2019art, mise en valeur par ses franges faites \u00e0 la main et son processus d\u2019impression complexe, qui garantit que chaque couverture est unique dans son design.<br \/>\nAvec une vari\u00e9t\u00e9 de couleurs et un motif unique sur chaque pi\u00e8ce, la collection Tie-Dye est exceptionnellement exclusive et captivante. M\u00e9ticuleusement fabriqu\u00e9es \u00e0 la main \u00e0 Ezcaray, ces couvertures refl\u00e8tent notre engagement envers la qualit\u00e9 et le souci du d\u00e9tail qui caract\u00e9risent Mantas Ezcaray.<\/p>\n","protected":false},"featured_media":27309,"template":"","meta":{"_acf_changed":false,"_editorskit_title_hidden":false,"_editorskit_reading_time":0,"_editorskit_is_block_options_detached":false,"_editorskit_block_options_position":"{}"},"product_brand":[],"product_cat":[190],"product_tag":[],"class_list":{"0":"post-27311","1":"product","2":"type-product","3":"status-publish","4":"has-post-thumbnail","6":"product_cat-couvertures","7":"g4co_collection-tie-dye-fr","9":"first","10":"instock","11":"shipping-taxable","12":"product-type-simple"},"acf":[],"yoast_head":"<!-- This site is optimized with the Yoast SEO plugin v27.2 - https:\/\/yoast.com\/product\/yoast-seo-wordpress\/ -->\n<title>Ref. TD-17 - Couvertures - Tie-Dye - Mantas Ezcaray<\/title>\n<meta name=\"description\" content=\"Voici la couverture Tie-Dye, une merveilleuse combinaison de brun, de rouge, de vert, de bleu et de violet. Cette collection est une v\u00e9ritable \u0153uvre d\u2019art, mise en valeur par ses franges faites \u00e0 la main et son processus d\u2019impression complexe, qui garantit que chaque couverture est unique dans son design. Avec une vari\u00e9t\u00e9 de couleurs et un motif unique sur chaque pi\u00e8ce, la collection Tie-Dye est exceptionnellement exclusive et captivante. M\u00e9ticuleusement fabriqu\u00e9es \u00e0 la main \u00e0 Ezcaray, ces couvertures refl\u00e8tent notre engagement envers la qualit\u00e9 et le souci du d\u00e9tail qui caract\u00e9risent Mantas Ezcaray.\" \/>\n<meta name=\"robots\" content=\"index, follow, max-snippet:-1, max-image-preview:large, max-video-preview:-1\" \/>\n<link rel=\"canonical\" href=\"https:\/\/www.mantasezcaray.com\/fr\/producto\/ref-td-17\/\" \/>\n<meta property=\"og:locale\" content=\"fr_FR\" \/>\n<meta property=\"og:type\" content=\"article\" \/>\n<meta property=\"og:title\" content=\"Ref. TD-17 - Couvertures - Tie-Dye - Mantas Ezcaray\" \/>\n<meta property=\"og:description\" content=\"Voici la couverture Tie-Dye, une merveilleuse combinaison de brun, de rouge, de vert, de bleu et de violet. Cette collection est une v\u00e9ritable \u0153uvre d\u2019art, mise en valeur par ses franges faites \u00e0 la main et son processus d\u2019impression complexe, qui garantit que chaque couverture est unique dans son design. Avec une vari\u00e9t\u00e9 de couleurs et un motif unique sur chaque pi\u00e8ce, la collection Tie-Dye est exceptionnellement exclusive et captivante. M\u00e9ticuleusement fabriqu\u00e9es \u00e0 la main \u00e0 Ezcaray, ces couvertures refl\u00e8tent notre engagement envers la qualit\u00e9 et le souci du d\u00e9tail qui caract\u00e9risent Mantas Ezcaray.\" \/>\n<meta property=\"og:url\" content=\"https:\/\/www.mantasezcaray.com\/fr\/producto\/ref-td-17\/\" \/>\n<meta property=\"og:site_name\" content=\"Mantas Ezcaray\" \/>\n<meta property=\"article:publisher\" content=\"http:\/\/www.facebook.com\/pages\/Mantas-Ezcaray\/279923425355139\" \/>\n<meta property=\"og:image\" content=\"https:\/\/www.mantasezcaray.com\/wp-content\/uploads\/2025\/11\/td-17.jpg\" \/>\n\t<meta property=\"og:image:width\" content=\"2560\" \/>\n\t<meta property=\"og:image:height\" content=\"1707\" \/>\n\t<meta property=\"og:image:type\" content=\"image\/jpeg\" \/>\n<meta name=\"twitter:card\" content=\"summary_large_image\" \/>\n<meta name=\"twitter:site\" content=\"@mantasezcaray\" \/>\n<script type=\"application\/ld+json\" class=\"yoast-schema-graph\">{\"@context\":\"https:\/\/schema.org\",\"@graph\":[{\"@type\":\"WebPage\",\"@id\":\"https:\/\/www.mantasezcaray.com\/fr\/producto\/ref-td-17\/\",\"url\":\"https:\/\/www.mantasezcaray.com\/fr\/producto\/ref-td-17\/\",\"name\":\"Ref. TD-17 - Couvertures - Tie-Dye - Mantas Ezcaray\",\"isPartOf\":{\"@id\":\"https:\/\/www.mantasezcaray.com\/fr\/#website\"},\"primaryImageOfPage\":{\"@id\":\"https:\/\/www.mantasezcaray.com\/fr\/producto\/ref-td-17\/#primaryimage\"},\"image\":{\"@id\":\"https:\/\/www.mantasezcaray.com\/fr\/producto\/ref-td-17\/#primaryimage\"},\"thumbnailUrl\":\"https:\/\/www.mantasezcaray.com\/wp-content\/uploads\/2025\/11\/td-17.jpg\",\"datePublished\":\"2025-11-16T13:04:18+00:00\",\"description\":\"Voici la couverture Tie-Dye, une merveilleuse combinaison de brun, de rouge, de vert, de bleu et de violet. Cette collection est une v\u00e9ritable \u0153uvre d\u2019art, mise en valeur par ses franges faites \u00e0 la main et son processus d\u2019impression complexe, qui garantit que chaque couverture est unique dans son design. Avec une vari\u00e9t\u00e9 de couleurs et un motif unique sur chaque pi\u00e8ce, la collection Tie-Dye est exceptionnellement exclusive et captivante. M\u00e9ticuleusement fabriqu\u00e9es \u00e0 la main \u00e0 Ezcaray, ces couvertures refl\u00e8tent notre engagement envers la qualit\u00e9 et le souci du d\u00e9tail qui caract\u00e9risent Mantas Ezcaray.\",\"breadcrumb\":{\"@id\":\"https:\/\/www.mantasezcaray.com\/fr\/producto\/ref-td-17\/#breadcrumb\"},\"inLanguage\":\"fr-FR\",\"potentialAction\":[{\"@type\":\"ReadAction\",\"target\":[\"https:\/\/www.mantasezcaray.com\/fr\/producto\/ref-td-17\/\"]}]},{\"@type\":\"ImageObject\",\"inLanguage\":\"fr-FR\",\"@id\":\"https:\/\/www.mantasezcaray.com\/fr\/producto\/ref-td-17\/#primaryimage\",\"url\":\"https:\/\/www.mantasezcaray.com\/wp-content\/uploads\/2025\/11\/td-17.jpg\",\"contentUrl\":\"https:\/\/www.mantasezcaray.com\/wp-content\/uploads\/2025\/11\/td-17.jpg\",\"width\":2560,\"height\":1707,\"caption\":\"TD-17 Tie-Dye. Mantas Ezcaray\"},{\"@type\":\"BreadcrumbList\",\"@id\":\"https:\/\/www.mantasezcaray.com\/fr\/producto\/ref-td-17\/#breadcrumb\",\"itemListElement\":[{\"@type\":\"ListItem\",\"position\":1,\"name\":\"Inicio\",\"item\":\"https:\/\/www.mantasezcaray.com\/fr\/\"},{\"@type\":\"ListItem\",\"position\":2,\"name\":\"Produits\",\"item\":\"https:\/\/www.mantasezcaray.com\/fr\/produits\/\"},{\"@type\":\"ListItem\",\"position\":3,\"name\":\"Couvertures\",\"item\":\"https:\/\/www.mantasezcaray.com\/fr\/categorie-produits\/couvertures\/\"},{\"@type\":\"ListItem\",\"position\":4,\"name\":\"Ref. TD-17\"}]},{\"@type\":\"WebSite\",\"@id\":\"https:\/\/www.mantasezcaray.com\/fr\/#website\",\"url\":\"https:\/\/www.mantasezcaray.com\/fr\/\",\"name\":\"Mantas Ezcaray\",\"description\":\"Desde 1930 tejiendo el mejor mohair\",\"publisher\":{\"@id\":\"https:\/\/www.mantasezcaray.com\/fr\/#organization\"},\"potentialAction\":[{\"@type\":\"SearchAction\",\"target\":{\"@type\":\"EntryPoint\",\"urlTemplate\":\"https:\/\/www.mantasezcaray.com\/fr\/?s={search_term_string}\"},\"query-input\":{\"@type\":\"PropertyValueSpecification\",\"valueRequired\":true,\"valueName\":\"search_term_string\"}}],\"inLanguage\":\"fr-FR\"},{\"@type\":\"Organization\",\"@id\":\"https:\/\/www.mantasezcaray.com\/fr\/#organization\",\"name\":\"Mantas Ezcaray\",\"url\":\"https:\/\/www.mantasezcaray.com\/fr\/\",\"logo\":{\"@type\":\"ImageObject\",\"inLanguage\":\"fr-FR\",\"@id\":\"https:\/\/www.mantasezcaray.com\/fr\/#\/schema\/logo\/image\/\",\"url\":\"https:\/\/www.mantasezcaray.com\/wp-content\/uploads\/2020\/05\/logo-mantasezcaray-negro-600x400-1.png\",\"contentUrl\":\"https:\/\/www.mantasezcaray.com\/wp-content\/uploads\/2020\/05\/logo-mantasezcaray-negro-600x400-1.png\",\"width\":600,\"height\":400,\"caption\":\"Mantas Ezcaray\"},\"image\":{\"@id\":\"https:\/\/www.mantasezcaray.com\/fr\/#\/schema\/logo\/image\/\"},\"sameAs\":[\"http:\/\/www.facebook.com\/pages\/Mantas-Ezcaray\/279923425355139\",\"https:\/\/x.com\/mantasezcaray\",\"https:\/\/www.instagram.com\/mantasezcaray\/\",\"https:\/\/www.youtube.com\/channel\/UCCYt_HCWxLvImAGnaItH2qQ\"]}]}<\/script>\n<!-- \/ Yoast SEO plugin. -->","yoast_head_json":{"title":"Ref. TD-17 - Couvertures - Tie-Dye - Mantas Ezcaray","description":"Voici la couverture Tie-Dye, une merveilleuse combinaison de brun, de rouge, de vert, de bleu et de violet. Cette collection est une v\u00e9ritable \u0153uvre d\u2019art, mise en valeur par ses franges faites \u00e0 la main et son processus d\u2019impression complexe, qui garantit que chaque couverture est unique dans son design. Avec une vari\u00e9t\u00e9 de couleurs et un motif unique sur chaque pi\u00e8ce, la collection Tie-Dye est exceptionnellement exclusive et captivante. M\u00e9ticuleusement fabriqu\u00e9es \u00e0 la main \u00e0 Ezcaray, ces couvertures refl\u00e8tent notre engagement envers la qualit\u00e9 et le souci du d\u00e9tail qui caract\u00e9risent Mantas Ezcaray.","robots":{"index":"index","follow":"follow","max-snippet":"max-snippet:-1","max-image-preview":"max-image-preview:large","max-video-preview":"max-video-preview:-1"},"canonical":"https:\/\/www.mantasezcaray.com\/fr\/producto\/ref-td-17\/","og_locale":"fr_FR","og_type":"article","og_title":"Ref. TD-17 - Couvertures - Tie-Dye - Mantas Ezcaray","og_description":"Voici la couverture Tie-Dye, une merveilleuse combinaison de brun, de rouge, de vert, de bleu et de violet. Cette collection est une v\u00e9ritable \u0153uvre d\u2019art, mise en valeur par ses franges faites \u00e0 la main et son processus d\u2019impression complexe, qui garantit que chaque couverture est unique dans son design. Avec une vari\u00e9t\u00e9 de couleurs et un motif unique sur chaque pi\u00e8ce, la collection Tie-Dye est exceptionnellement exclusive et captivante. M\u00e9ticuleusement fabriqu\u00e9es \u00e0 la main \u00e0 Ezcaray, ces couvertures refl\u00e8tent notre engagement envers la qualit\u00e9 et le souci du d\u00e9tail qui caract\u00e9risent Mantas Ezcaray.","og_url":"https:\/\/www.mantasezcaray.com\/fr\/producto\/ref-td-17\/","og_site_name":"Mantas Ezcaray","article_publisher":"http:\/\/www.facebook.com\/pages\/Mantas-Ezcaray\/279923425355139","og_image":[{"width":2560,"height":1707,"url":"https:\/\/www.mantasezcaray.com\/wp-content\/uploads\/2025\/11\/td-17.jpg","type":"image\/jpeg"}],"twitter_card":"summary_large_image","twitter_site":"@mantasezcaray","schema":{"@context":"https:\/\/schema.org","@graph":[{"@type":"WebPage","@id":"https:\/\/www.mantasezcaray.com\/fr\/producto\/ref-td-17\/","url":"https:\/\/www.mantasezcaray.com\/fr\/producto\/ref-td-17\/","name":"Ref. TD-17 - Couvertures - Tie-Dye - Mantas Ezcaray","isPartOf":{"@id":"https:\/\/www.mantasezcaray.com\/fr\/#website"},"primaryImageOfPage":{"@id":"https:\/\/www.mantasezcaray.com\/fr\/producto\/ref-td-17\/#primaryimage"},"image":{"@id":"https:\/\/www.mantasezcaray.com\/fr\/producto\/ref-td-17\/#primaryimage"},"thumbnailUrl":"https:\/\/www.mantasezcaray.com\/wp-content\/uploads\/2025\/11\/td-17.jpg","datePublished":"2025-11-16T13:04:18+00:00","description":"Voici la couverture Tie-Dye, une merveilleuse combinaison de brun, de rouge, de vert, de bleu et de violet. Cette collection est une v\u00e9ritable \u0153uvre d\u2019art, mise en valeur par ses franges faites \u00e0 la main et son processus d\u2019impression complexe, qui garantit que chaque couverture est unique dans son design. Avec une vari\u00e9t\u00e9 de couleurs et un motif unique sur chaque pi\u00e8ce, la collection Tie-Dye est exceptionnellement exclusive et captivante. M\u00e9ticuleusement fabriqu\u00e9es \u00e0 la main \u00e0 Ezcaray, ces couvertures refl\u00e8tent notre engagement envers la qualit\u00e9 et le souci du d\u00e9tail qui caract\u00e9risent Mantas Ezcaray.","breadcrumb":{"@id":"https:\/\/www.mantasezcaray.com\/fr\/producto\/ref-td-17\/#breadcrumb"},"inLanguage":"fr-FR","potentialAction":[{"@type":"ReadAction","target":["https:\/\/www.mantasezcaray.com\/fr\/producto\/ref-td-17\/"]}]},{"@type":"ImageObject","inLanguage":"fr-FR","@id":"https:\/\/www.mantasezcaray.com\/fr\/producto\/ref-td-17\/#primaryimage","url":"https:\/\/www.mantasezcaray.com\/wp-content\/uploads\/2025\/11\/td-17.jpg","contentUrl":"https:\/\/www.mantasezcaray.com\/wp-content\/uploads\/2025\/11\/td-17.jpg","width":2560,"height":1707,"caption":"TD-17 Tie-Dye. Mantas Ezcaray"},{"@type":"BreadcrumbList","@id":"https:\/\/www.mantasezcaray.com\/fr\/producto\/ref-td-17\/#breadcrumb","itemListElement":[{"@type":"ListItem","position":1,"name":"Inicio","item":"https:\/\/www.mantasezcaray.com\/fr\/"},{"@type":"ListItem","position":2,"name":"Produits","item":"https:\/\/www.mantasezcaray.com\/fr\/produits\/"},{"@type":"ListItem","position":3,"name":"Couvertures","item":"https:\/\/www.mantasezcaray.com\/fr\/categorie-produits\/couvertures\/"},{"@type":"ListItem","position":4,"name":"Ref. TD-17"}]},{"@type":"WebSite","@id":"https:\/\/www.mantasezcaray.com\/fr\/#website","url":"https:\/\/www.mantasezcaray.com\/fr\/","name":"Mantas Ezcaray","description":"Desde 1930 tejiendo el mejor mohair","publisher":{"@id":"https:\/\/www.mantasezcaray.com\/fr\/#organization"},"potentialAction":[{"@type":"SearchAction","target":{"@type":"EntryPoint","urlTemplate":"https:\/\/www.mantasezcaray.com\/fr\/?s={search_term_string}"},"query-input":{"@type":"PropertyValueSpecification","valueRequired":true,"valueName":"search_term_string"}}],"inLanguage":"fr-FR"},{"@type":"Organization","@id":"https:\/\/www.mantasezcaray.com\/fr\/#organization","name":"Mantas Ezcaray","url":"https:\/\/www.mantasezcaray.com\/fr\/","logo":{"@type":"ImageObject","inLanguage":"fr-FR","@id":"https:\/\/www.mantasezcaray.com\/fr\/#\/schema\/logo\/image\/","url":"https:\/\/www.mantasezcaray.com\/wp-content\/uploads\/2020\/05\/logo-mantasezcaray-negro-600x400-1.png","contentUrl":"https:\/\/www.mantasezcaray.com\/wp-content\/uploads\/2020\/05\/logo-mantasezcaray-negro-600x400-1.png","width":600,"height":400,"caption":"Mantas Ezcaray"},"image":{"@id":"https:\/\/www.mantasezcaray.com\/fr\/#\/schema\/logo\/image\/"},"sameAs":["http:\/\/www.facebook.com\/pages\/Mantas-Ezcaray\/279923425355139","https:\/\/x.com\/mantasezcaray","https:\/\/www.instagram.com\/mantasezcaray\/","https:\/\/www.youtube.com\/channel\/UCCYt_HCWxLvImAGnaItH2qQ"]}]}},"_links":{"self":[{"href":"https:\/\/www.mantasezcaray.com\/fr\/wp-json\/wp\/v2\/product\/27311","targetHints":{"allow":["GET"]}}],"collection":[{"href":"https:\/\/www.mantasezcaray.com\/fr\/wp-json\/wp\/v2\/product"}],"about":[{"href":"https:\/\/www.mantasezcaray.com\/fr\/wp-json\/wp\/v2\/types\/product"}],"wp:featuredmedia":[{"embeddable":true,"href":"https:\/\/www.mantasezcaray.com\/fr\/wp-json\/wp\/v2\/media\/27309"}],"wp:attachment":[{"href":"https:\/\/www.mantasezcaray.com\/fr\/wp-json\/wp\/v2\/media?parent=27311"}],"wp:term":[{"taxonomy":"product_brand","embeddable":true,"href":"https:\/\/www.mantasezcaray.com\/fr\/wp-json\/wp\/v2\/product_brand?post=27311"},{"taxonomy":"product_cat","embeddable":true,"href":"https:\/\/www.mantasezcaray.com\/fr\/wp-json\/wp\/v2\/product_cat?post=27311"},{"taxonomy":"product_tag","embeddable":true,"href":"https:\/\/www.mantasezcaray.com\/fr\/wp-json\/wp\/v2\/product_tag?post=27311"}],"curies":[{"name":"wp","href":"https:\/\/api.w.org\/{rel}","templated":true}]}}