{"id":25735,"date":"2024-02-27T18:17:54","date_gmt":"2024-02-27T17:17:58","guid":{"rendered":"https:\/\/www.mantasezcaray.com\/?post_type=product&#038;p=25735"},"modified":"2025-11-16T13:55:22","modified_gmt":"2025-11-16T12:55:22","slug":"ref-4026-copia","status":"publish","type":"product","link":"https:\/\/www.mantasezcaray.com\/fr\/producto\/ref-4026-copia\/","title":{"rendered":"Ref. 4027"},"content":{"rendered":"","protected":false},"excerpt":{"rendered":"<p>Une couverture de la collection Mohair Cuadros dans des tons de bleu, mauve, violet, marron et brun, vibrants et \u00e9l\u00e9gants, ce qui en fait la pi\u00e8ce parfaite pour \u00e9gayer n&rsquo;importe quelle pi\u00e8ce.<br \/>\nFabriqu\u00e9e avec soin, la collection Mohair Cuadros apporte non seulement chaleur et style \u00e0 votre espace, mais refl\u00e8te \u00e9galement l&rsquo;art et la tradition de l&rsquo;artisanat local d&rsquo;Ezcaray.<\/p>\n","protected":false},"featured_media":25720,"template":"","meta":{"_acf_changed":false,"_editorskit_title_hidden":false,"_editorskit_reading_time":0,"_editorskit_is_block_options_detached":false,"_editorskit_block_options_position":"{}"},"product_brand":[],"product_cat":[190],"product_tag":[],"class_list":{"0":"post-25735","1":"product","2":"type-product","3":"status-publish","4":"has-post-thumbnail","6":"product_cat-couvertures","7":"g4co_collection-mohair-bedding-blankets-fr","9":"first","10":"instock","11":"shipping-taxable","12":"product-type-variable"},"acf":[],"yoast_head":"<!-- This site is optimized with the Yoast SEO plugin v27.2 - https:\/\/yoast.com\/product\/yoast-seo-wordpress\/ -->\n<title>Ref. 4027 - Couvertures - Mohair Bedding Blankets - Mantas Ezcaray<\/title>\n<meta name=\"description\" content=\"Une couverture de la collection Mohair Cuadros dans des tons de bleu, mauve, violet, marron et brun, vibrants et \u00e9l\u00e9gants, ce qui en fait la pi\u00e8ce parfaite pour \u00e9gayer n&#039;importe quelle pi\u00e8ce. Fabriqu\u00e9e avec soin, la collection Mohair Cuadros apporte non seulement chaleur et style \u00e0 votre espace, mais refl\u00e8te \u00e9galement l&#039;art et la tradition de l&#039;artisanat local d&#039;Ezcaray.\" \/>\n<meta name=\"robots\" content=\"index, follow, max-snippet:-1, max-image-preview:large, max-video-preview:-1\" \/>\n<link rel=\"canonical\" href=\"https:\/\/www.mantasezcaray.com\/fr\/producto\/ref-4026-copia\/\" \/>\n<meta property=\"og:locale\" content=\"fr_FR\" \/>\n<meta property=\"og:type\" content=\"article\" \/>\n<meta property=\"og:title\" content=\"Ref. 4027 - Couvertures - Mohair Bedding Blankets - Mantas Ezcaray\" \/>\n<meta property=\"og:description\" content=\"Une couverture de la collection Mohair Cuadros dans des tons de bleu, mauve, violet, marron et brun, vibrants et \u00e9l\u00e9gants, ce qui en fait la pi\u00e8ce parfaite pour \u00e9gayer n&#039;importe quelle pi\u00e8ce. Fabriqu\u00e9e avec soin, la collection Mohair Cuadros apporte non seulement chaleur et style \u00e0 votre espace, mais refl\u00e8te \u00e9galement l&#039;art et la tradition de l&#039;artisanat local d&#039;Ezcaray.\" \/>\n<meta property=\"og:url\" content=\"https:\/\/www.mantasezcaray.com\/fr\/producto\/ref-4026-copia\/\" \/>\n<meta property=\"og:site_name\" content=\"Mantas Ezcaray\" \/>\n<meta property=\"article:publisher\" content=\"http:\/\/www.facebook.com\/pages\/Mantas-Ezcaray\/279923425355139\" \/>\n<meta property=\"article:modified_time\" content=\"2025-11-16T12:55:22+00:00\" \/>\n<meta property=\"og:image\" content=\"https:\/\/www.mantasezcaray.com\/wp-content\/uploads\/2024\/02\/ref4027.jpeg\" \/>\n\t<meta property=\"og:image:width\" content=\"1706\" \/>\n\t<meta property=\"og:image:height\" content=\"2558\" \/>\n\t<meta property=\"og:image:type\" content=\"image\/jpeg\" \/>\n<meta name=\"twitter:card\" content=\"summary_large_image\" \/>\n<meta name=\"twitter:site\" content=\"@mantasezcaray\" \/>\n<meta name=\"twitter:label1\" content=\"Dur\u00e9e de lecture estim\u00e9e\" \/>\n\t<meta name=\"twitter:data1\" content=\"1 minute\" \/>\n<script type=\"application\/ld+json\" class=\"yoast-schema-graph\">{\"@context\":\"https:\/\/schema.org\",\"@graph\":[{\"@type\":\"WebPage\",\"@id\":\"https:\/\/www.mantasezcaray.com\/fr\/producto\/ref-4026-copia\/\",\"url\":\"https:\/\/www.mantasezcaray.com\/fr\/producto\/ref-4026-copia\/\",\"name\":\"Ref. 4027 - Couvertures - Mohair Bedding Blankets - Mantas Ezcaray\",\"isPartOf\":{\"@id\":\"https:\/\/www.mantasezcaray.com\/fr\/#website\"},\"primaryImageOfPage\":{\"@id\":\"https:\/\/www.mantasezcaray.com\/fr\/producto\/ref-4026-copia\/#primaryimage\"},\"image\":{\"@id\":\"https:\/\/www.mantasezcaray.com\/fr\/producto\/ref-4026-copia\/#primaryimage\"},\"thumbnailUrl\":\"https:\/\/www.mantasezcaray.com\/wp-content\/uploads\/2024\/02\/ref4027.jpeg\",\"datePublished\":\"2024-02-27T17:17:58+00:00\",\"dateModified\":\"2025-11-16T12:55:22+00:00\",\"description\":\"Une couverture de la collection Mohair Cuadros dans des tons de bleu, mauve, violet, marron et brun, vibrants et \u00e9l\u00e9gants, ce qui en fait la pi\u00e8ce parfaite pour \u00e9gayer n'importe quelle pi\u00e8ce. Fabriqu\u00e9e avec soin, la collection Mohair Cuadros apporte non seulement chaleur et style \u00e0 votre espace, mais refl\u00e8te \u00e9galement l'art et la tradition de l'artisanat local d'Ezcaray.\",\"breadcrumb\":{\"@id\":\"https:\/\/www.mantasezcaray.com\/fr\/producto\/ref-4026-copia\/#breadcrumb\"},\"inLanguage\":\"fr-FR\",\"potentialAction\":[{\"@type\":\"ReadAction\",\"target\":[\"https:\/\/www.mantasezcaray.com\/fr\/producto\/ref-4026-copia\/\"]}]},{\"@type\":\"ImageObject\",\"inLanguage\":\"fr-FR\",\"@id\":\"https:\/\/www.mantasezcaray.com\/fr\/producto\/ref-4026-copia\/#primaryimage\",\"url\":\"https:\/\/www.mantasezcaray.com\/wp-content\/uploads\/2024\/02\/ref4027.jpeg\",\"contentUrl\":\"https:\/\/www.mantasezcaray.com\/wp-content\/uploads\/2024\/02\/ref4027.jpeg\",\"width\":1706,\"height\":2558,\"caption\":\"19\/1\/23 Cuadros 4027 Morada Agua, Mantas Ezcaray, Ezcaray (La Rioja), Spain. Photo by James sturcke | sturcke.org\"},{\"@type\":\"BreadcrumbList\",\"@id\":\"https:\/\/www.mantasezcaray.com\/fr\/producto\/ref-4026-copia\/#breadcrumb\",\"itemListElement\":[{\"@type\":\"ListItem\",\"position\":1,\"name\":\"Inicio\",\"item\":\"https:\/\/www.mantasezcaray.com\/fr\/\"},{\"@type\":\"ListItem\",\"position\":2,\"name\":\"Produits\",\"item\":\"https:\/\/www.mantasezcaray.com\/fr\/produits\/\"},{\"@type\":\"ListItem\",\"position\":3,\"name\":\"Couvertures\",\"item\":\"https:\/\/www.mantasezcaray.com\/fr\/categorie-produits\/couvertures\/\"},{\"@type\":\"ListItem\",\"position\":4,\"name\":\"Ref. 4027\"}]},{\"@type\":\"WebSite\",\"@id\":\"https:\/\/www.mantasezcaray.com\/fr\/#website\",\"url\":\"https:\/\/www.mantasezcaray.com\/fr\/\",\"name\":\"Mantas Ezcaray\",\"description\":\"Desde 1930 tejiendo el mejor mohair\",\"publisher\":{\"@id\":\"https:\/\/www.mantasezcaray.com\/fr\/#organization\"},\"potentialAction\":[{\"@type\":\"SearchAction\",\"target\":{\"@type\":\"EntryPoint\",\"urlTemplate\":\"https:\/\/www.mantasezcaray.com\/fr\/?s={search_term_string}\"},\"query-input\":{\"@type\":\"PropertyValueSpecification\",\"valueRequired\":true,\"valueName\":\"search_term_string\"}}],\"inLanguage\":\"fr-FR\"},{\"@type\":\"Organization\",\"@id\":\"https:\/\/www.mantasezcaray.com\/fr\/#organization\",\"name\":\"Mantas Ezcaray\",\"url\":\"https:\/\/www.mantasezcaray.com\/fr\/\",\"logo\":{\"@type\":\"ImageObject\",\"inLanguage\":\"fr-FR\",\"@id\":\"https:\/\/www.mantasezcaray.com\/fr\/#\/schema\/logo\/image\/\",\"url\":\"https:\/\/www.mantasezcaray.com\/wp-content\/uploads\/2020\/05\/logo-mantasezcaray-negro-600x400-1.png\",\"contentUrl\":\"https:\/\/www.mantasezcaray.com\/wp-content\/uploads\/2020\/05\/logo-mantasezcaray-negro-600x400-1.png\",\"width\":600,\"height\":400,\"caption\":\"Mantas Ezcaray\"},\"image\":{\"@id\":\"https:\/\/www.mantasezcaray.com\/fr\/#\/schema\/logo\/image\/\"},\"sameAs\":[\"http:\/\/www.facebook.com\/pages\/Mantas-Ezcaray\/279923425355139\",\"https:\/\/x.com\/mantasezcaray\",\"https:\/\/www.instagram.com\/mantasezcaray\/\",\"https:\/\/www.youtube.com\/channel\/UCCYt_HCWxLvImAGnaItH2qQ\"]}]}<\/script>\n<!-- \/ Yoast SEO plugin. -->","yoast_head_json":{"title":"Ref. 4027 - Couvertures - Mohair Bedding Blankets - Mantas Ezcaray","description":"Une couverture de la collection Mohair Cuadros dans des tons de bleu, mauve, violet, marron et brun, vibrants et \u00e9l\u00e9gants, ce qui en fait la pi\u00e8ce parfaite pour \u00e9gayer n'importe quelle pi\u00e8ce. Fabriqu\u00e9e avec soin, la collection Mohair Cuadros apporte non seulement chaleur et style \u00e0 votre espace, mais refl\u00e8te \u00e9galement l'art et la tradition de l'artisanat local d'Ezcaray.","robots":{"index":"index","follow":"follow","max-snippet":"max-snippet:-1","max-image-preview":"max-image-preview:large","max-video-preview":"max-video-preview:-1"},"canonical":"https:\/\/www.mantasezcaray.com\/fr\/producto\/ref-4026-copia\/","og_locale":"fr_FR","og_type":"article","og_title":"Ref. 4027 - Couvertures - Mohair Bedding Blankets - Mantas Ezcaray","og_description":"Une couverture de la collection Mohair Cuadros dans des tons de bleu, mauve, violet, marron et brun, vibrants et \u00e9l\u00e9gants, ce qui en fait la pi\u00e8ce parfaite pour \u00e9gayer n'importe quelle pi\u00e8ce. Fabriqu\u00e9e avec soin, la collection Mohair Cuadros apporte non seulement chaleur et style \u00e0 votre espace, mais refl\u00e8te \u00e9galement l'art et la tradition de l'artisanat local d'Ezcaray.","og_url":"https:\/\/www.mantasezcaray.com\/fr\/producto\/ref-4026-copia\/","og_site_name":"Mantas Ezcaray","article_publisher":"http:\/\/www.facebook.com\/pages\/Mantas-Ezcaray\/279923425355139","article_modified_time":"2025-11-16T12:55:22+00:00","og_image":[{"width":1706,"height":2558,"url":"https:\/\/www.mantasezcaray.com\/wp-content\/uploads\/2024\/02\/ref4027.jpeg","type":"image\/jpeg"}],"twitter_card":"summary_large_image","twitter_site":"@mantasezcaray","twitter_misc":{"Dur\u00e9e de lecture estim\u00e9e":"1 minute"},"schema":{"@context":"https:\/\/schema.org","@graph":[{"@type":"WebPage","@id":"https:\/\/www.mantasezcaray.com\/fr\/producto\/ref-4026-copia\/","url":"https:\/\/www.mantasezcaray.com\/fr\/producto\/ref-4026-copia\/","name":"Ref. 4027 - Couvertures - Mohair Bedding Blankets - Mantas Ezcaray","isPartOf":{"@id":"https:\/\/www.mantasezcaray.com\/fr\/#website"},"primaryImageOfPage":{"@id":"https:\/\/www.mantasezcaray.com\/fr\/producto\/ref-4026-copia\/#primaryimage"},"image":{"@id":"https:\/\/www.mantasezcaray.com\/fr\/producto\/ref-4026-copia\/#primaryimage"},"thumbnailUrl":"https:\/\/www.mantasezcaray.com\/wp-content\/uploads\/2024\/02\/ref4027.jpeg","datePublished":"2024-02-27T17:17:58+00:00","dateModified":"2025-11-16T12:55:22+00:00","description":"Une couverture de la collection Mohair Cuadros dans des tons de bleu, mauve, violet, marron et brun, vibrants et \u00e9l\u00e9gants, ce qui en fait la pi\u00e8ce parfaite pour \u00e9gayer n'importe quelle pi\u00e8ce. Fabriqu\u00e9e avec soin, la collection Mohair Cuadros apporte non seulement chaleur et style \u00e0 votre espace, mais refl\u00e8te \u00e9galement l'art et la tradition de l'artisanat local d'Ezcaray.","breadcrumb":{"@id":"https:\/\/www.mantasezcaray.com\/fr\/producto\/ref-4026-copia\/#breadcrumb"},"inLanguage":"fr-FR","potentialAction":[{"@type":"ReadAction","target":["https:\/\/www.mantasezcaray.com\/fr\/producto\/ref-4026-copia\/"]}]},{"@type":"ImageObject","inLanguage":"fr-FR","@id":"https:\/\/www.mantasezcaray.com\/fr\/producto\/ref-4026-copia\/#primaryimage","url":"https:\/\/www.mantasezcaray.com\/wp-content\/uploads\/2024\/02\/ref4027.jpeg","contentUrl":"https:\/\/www.mantasezcaray.com\/wp-content\/uploads\/2024\/02\/ref4027.jpeg","width":1706,"height":2558,"caption":"19\/1\/23 Cuadros 4027 Morada Agua, Mantas Ezcaray, Ezcaray (La Rioja), Spain. Photo by James sturcke | sturcke.org"},{"@type":"BreadcrumbList","@id":"https:\/\/www.mantasezcaray.com\/fr\/producto\/ref-4026-copia\/#breadcrumb","itemListElement":[{"@type":"ListItem","position":1,"name":"Inicio","item":"https:\/\/www.mantasezcaray.com\/fr\/"},{"@type":"ListItem","position":2,"name":"Produits","item":"https:\/\/www.mantasezcaray.com\/fr\/produits\/"},{"@type":"ListItem","position":3,"name":"Couvertures","item":"https:\/\/www.mantasezcaray.com\/fr\/categorie-produits\/couvertures\/"},{"@type":"ListItem","position":4,"name":"Ref. 4027"}]},{"@type":"WebSite","@id":"https:\/\/www.mantasezcaray.com\/fr\/#website","url":"https:\/\/www.mantasezcaray.com\/fr\/","name":"Mantas Ezcaray","description":"Desde 1930 tejiendo el mejor mohair","publisher":{"@id":"https:\/\/www.mantasezcaray.com\/fr\/#organization"},"potentialAction":[{"@type":"SearchAction","target":{"@type":"EntryPoint","urlTemplate":"https:\/\/www.mantasezcaray.com\/fr\/?s={search_term_string}"},"query-input":{"@type":"PropertyValueSpecification","valueRequired":true,"valueName":"search_term_string"}}],"inLanguage":"fr-FR"},{"@type":"Organization","@id":"https:\/\/www.mantasezcaray.com\/fr\/#organization","name":"Mantas Ezcaray","url":"https:\/\/www.mantasezcaray.com\/fr\/","logo":{"@type":"ImageObject","inLanguage":"fr-FR","@id":"https:\/\/www.mantasezcaray.com\/fr\/#\/schema\/logo\/image\/","url":"https:\/\/www.mantasezcaray.com\/wp-content\/uploads\/2020\/05\/logo-mantasezcaray-negro-600x400-1.png","contentUrl":"https:\/\/www.mantasezcaray.com\/wp-content\/uploads\/2020\/05\/logo-mantasezcaray-negro-600x400-1.png","width":600,"height":400,"caption":"Mantas Ezcaray"},"image":{"@id":"https:\/\/www.mantasezcaray.com\/fr\/#\/schema\/logo\/image\/"},"sameAs":["http:\/\/www.facebook.com\/pages\/Mantas-Ezcaray\/279923425355139","https:\/\/x.com\/mantasezcaray","https:\/\/www.instagram.com\/mantasezcaray\/","https:\/\/www.youtube.com\/channel\/UCCYt_HCWxLvImAGnaItH2qQ"]}]}},"_links":{"self":[{"href":"https:\/\/www.mantasezcaray.com\/fr\/wp-json\/wp\/v2\/product\/25735","targetHints":{"allow":["GET"]}}],"collection":[{"href":"https:\/\/www.mantasezcaray.com\/fr\/wp-json\/wp\/v2\/product"}],"about":[{"href":"https:\/\/www.mantasezcaray.com\/fr\/wp-json\/wp\/v2\/types\/product"}],"wp:featuredmedia":[{"embeddable":true,"href":"https:\/\/www.mantasezcaray.com\/fr\/wp-json\/wp\/v2\/media\/25720"}],"wp:attachment":[{"href":"https:\/\/www.mantasezcaray.com\/fr\/wp-json\/wp\/v2\/media?parent=25735"}],"wp:term":[{"taxonomy":"product_brand","embeddable":true,"href":"https:\/\/www.mantasezcaray.com\/fr\/wp-json\/wp\/v2\/product_brand?post=25735"},{"taxonomy":"product_cat","embeddable":true,"href":"https:\/\/www.mantasezcaray.com\/fr\/wp-json\/wp\/v2\/product_cat?post=25735"},{"taxonomy":"product_tag","embeddable":true,"href":"https:\/\/www.mantasezcaray.com\/fr\/wp-json\/wp\/v2\/product_tag?post=25735"}],"curies":[{"name":"wp","href":"https:\/\/api.w.org\/{rel}","templated":true}]}}