{"id":23702,"date":"2022-07-05T10:51:52","date_gmt":"2022-07-05T08:51:53","guid":{"rendered":"https:\/\/www.mantasezcaray.com\/?post_type=product&#038;p=23702"},"modified":"2023-05-04T16:18:24","modified_gmt":"2023-05-04T14:18:24","slug":"ref-759-2","status":"publish","type":"product","link":"https:\/\/www.mantasezcaray.com\/fr\/producto\/ref-759-2\/","title":{"rendered":"Ref. 759"},"content":{"rendered":"","protected":false},"excerpt":{"rendered":"<p>La couverture en mohair bleu outremer est sans aucun doute une pi\u00e8ce unique et sp\u00e9ciale.<\/p>\n<p>Elle est fabriqu\u00e9e \u00e0 la main \u00e0 Ezcaray, ce qui en fait une couverture unique, au design \u00e9l\u00e9gant et sophistiqu\u00e9. La douceur et la chaleur de cette couverture sont ses principales caract\u00e9ristiques, ainsi que son incroyable l\u00e9g\u00e8ret\u00e9.<\/p>\n<p>La couleur bleu outremer est un ton intense et vibrant qui ajoute une touche d&rsquo;\u00e9l\u00e9gance et de distinction.<\/p>\n","protected":false},"featured_media":23709,"template":"","meta":{"_acf_changed":false,"_editorskit_title_hidden":false,"_editorskit_reading_time":0,"_editorskit_is_block_options_detached":false,"_editorskit_block_options_position":"{}"},"product_brand":[],"product_cat":[190],"product_tag":[],"class_list":{"0":"post-23702","1":"product","2":"type-product","3":"status-publish","4":"has-post-thumbnail","6":"product_cat-couvertures","7":"g4co_collection-mohair-lisos-fr","8":"g4co_collection-mohair-bedding-blankets-fr","10":"first","11":"instock","12":"shipping-taxable","13":"product-type-variable"},"acf":[],"yoast_head":"<!-- This site is optimized with the Yoast SEO plugin v27.2 - https:\/\/yoast.com\/product\/yoast-seo-wordpress\/ -->\n<title>Ref. 759 - Couvertures - Mohair Lisos, Mohair Bedding Blankets - Mantas Ezcaray<\/title>\n<meta name=\"description\" content=\"La couverture en mohair bleu outremer est sans aucun doute une pi\u00e8ce unique et sp\u00e9ciale.  Elle est fabriqu\u00e9e \u00e0 la main \u00e0 Ezcaray, ce qui en fait une couverture unique, au design \u00e9l\u00e9gant et sophistiqu\u00e9. La douceur et la chaleur de cette couverture sont ses principales caract\u00e9ristiques, ainsi que son incroyable l\u00e9g\u00e8ret\u00e9.  La couleur bleu outremer est un ton intense et vibrant qui ajoute une touche d&#039;\u00e9l\u00e9gance et de distinction.\" \/>\n<meta name=\"robots\" content=\"index, follow, max-snippet:-1, max-image-preview:large, max-video-preview:-1\" \/>\n<link rel=\"canonical\" href=\"https:\/\/www.mantasezcaray.com\/fr\/producto\/ref-759-2\/\" \/>\n<meta property=\"og:locale\" content=\"fr_FR\" \/>\n<meta property=\"og:type\" content=\"article\" \/>\n<meta property=\"og:title\" content=\"Ref. 759 - Couvertures - Mohair Lisos, Mohair Bedding Blankets - Mantas Ezcaray\" \/>\n<meta property=\"og:description\" content=\"La couverture en mohair bleu outremer est sans aucun doute une pi\u00e8ce unique et sp\u00e9ciale.  Elle est fabriqu\u00e9e \u00e0 la main \u00e0 Ezcaray, ce qui en fait une couverture unique, au design \u00e9l\u00e9gant et sophistiqu\u00e9. La douceur et la chaleur de cette couverture sont ses principales caract\u00e9ristiques, ainsi que son incroyable l\u00e9g\u00e8ret\u00e9.  La couleur bleu outremer est un ton intense et vibrant qui ajoute une touche d&#039;\u00e9l\u00e9gance et de distinction.\" \/>\n<meta property=\"og:url\" content=\"https:\/\/www.mantasezcaray.com\/fr\/producto\/ref-759-2\/\" \/>\n<meta property=\"og:site_name\" content=\"Mantas Ezcaray\" \/>\n<meta property=\"article:publisher\" content=\"http:\/\/www.facebook.com\/pages\/Mantas-Ezcaray\/279923425355139\" \/>\n<meta property=\"article:modified_time\" content=\"2023-05-04T14:18:24+00:00\" \/>\n<meta property=\"og:image\" content=\"https:\/\/www.mantasezcaray.com\/wp-content\/uploads\/2022\/07\/ref-759.jpg\" \/>\n\t<meta property=\"og:image:width\" content=\"2560\" \/>\n\t<meta property=\"og:image:height\" content=\"1706\" \/>\n\t<meta property=\"og:image:type\" content=\"image\/jpeg\" \/>\n<meta name=\"twitter:card\" content=\"summary_large_image\" \/>\n<meta name=\"twitter:site\" content=\"@mantasezcaray\" \/>\n<script type=\"application\/ld+json\" class=\"yoast-schema-graph\">{\"@context\":\"https:\/\/schema.org\",\"@graph\":[{\"@type\":\"WebPage\",\"@id\":\"https:\/\/www.mantasezcaray.com\/fr\/producto\/ref-759-2\/\",\"url\":\"https:\/\/www.mantasezcaray.com\/fr\/producto\/ref-759-2\/\",\"name\":\"Ref. 759 - Couvertures - Mohair Lisos, Mohair Bedding Blankets - Mantas Ezcaray\",\"isPartOf\":{\"@id\":\"https:\/\/www.mantasezcaray.com\/fr\/#website\"},\"primaryImageOfPage\":{\"@id\":\"https:\/\/www.mantasezcaray.com\/fr\/producto\/ref-759-2\/#primaryimage\"},\"image\":{\"@id\":\"https:\/\/www.mantasezcaray.com\/fr\/producto\/ref-759-2\/#primaryimage\"},\"thumbnailUrl\":\"https:\/\/www.mantasezcaray.com\/wp-content\/uploads\/2022\/07\/ref-759.jpg\",\"datePublished\":\"2022-07-05T08:51:53+00:00\",\"dateModified\":\"2023-05-04T14:18:24+00:00\",\"description\":\"La couverture en mohair bleu outremer est sans aucun doute une pi\u00e8ce unique et sp\u00e9ciale. Elle est fabriqu\u00e9e \u00e0 la main \u00e0 Ezcaray, ce qui en fait une couverture unique, au design \u00e9l\u00e9gant et sophistiqu\u00e9. La douceur et la chaleur de cette couverture sont ses principales caract\u00e9ristiques, ainsi que son incroyable l\u00e9g\u00e8ret\u00e9. La couleur bleu outremer est un ton intense et vibrant qui ajoute une touche d'\u00e9l\u00e9gance et de distinction.\",\"breadcrumb\":{\"@id\":\"https:\/\/www.mantasezcaray.com\/fr\/producto\/ref-759-2\/#breadcrumb\"},\"inLanguage\":\"fr-FR\",\"potentialAction\":[{\"@type\":\"ReadAction\",\"target\":[\"https:\/\/www.mantasezcaray.com\/fr\/producto\/ref-759-2\/\"]}]},{\"@type\":\"ImageObject\",\"inLanguage\":\"fr-FR\",\"@id\":\"https:\/\/www.mantasezcaray.com\/fr\/producto\/ref-759-2\/#primaryimage\",\"url\":\"https:\/\/www.mantasezcaray.com\/wp-content\/uploads\/2022\/07\/ref-759.jpg\",\"contentUrl\":\"https:\/\/www.mantasezcaray.com\/wp-content\/uploads\/2022\/07\/ref-759.jpg\",\"width\":2560,\"height\":1706,\"caption\":\"8\/3\/17 Ref 759. Mantas Ezcaray, Ezcaray, La Rioja, Spain. Photo by James Sturcke | sturcke.org\"},{\"@type\":\"BreadcrumbList\",\"@id\":\"https:\/\/www.mantasezcaray.com\/fr\/producto\/ref-759-2\/#breadcrumb\",\"itemListElement\":[{\"@type\":\"ListItem\",\"position\":1,\"name\":\"Inicio\",\"item\":\"https:\/\/www.mantasezcaray.com\/fr\/\"},{\"@type\":\"ListItem\",\"position\":2,\"name\":\"Produits\",\"item\":\"https:\/\/www.mantasezcaray.com\/fr\/produits\/\"},{\"@type\":\"ListItem\",\"position\":3,\"name\":\"Couvertures\",\"item\":\"https:\/\/www.mantasezcaray.com\/fr\/categorie-produits\/couvertures\/\"},{\"@type\":\"ListItem\",\"position\":4,\"name\":\"Ref. 759\"}]},{\"@type\":\"WebSite\",\"@id\":\"https:\/\/www.mantasezcaray.com\/fr\/#website\",\"url\":\"https:\/\/www.mantasezcaray.com\/fr\/\",\"name\":\"Mantas Ezcaray\",\"description\":\"Desde 1930 tejiendo el mejor mohair\",\"publisher\":{\"@id\":\"https:\/\/www.mantasezcaray.com\/fr\/#organization\"},\"potentialAction\":[{\"@type\":\"SearchAction\",\"target\":{\"@type\":\"EntryPoint\",\"urlTemplate\":\"https:\/\/www.mantasezcaray.com\/fr\/?s={search_term_string}\"},\"query-input\":{\"@type\":\"PropertyValueSpecification\",\"valueRequired\":true,\"valueName\":\"search_term_string\"}}],\"inLanguage\":\"fr-FR\"},{\"@type\":\"Organization\",\"@id\":\"https:\/\/www.mantasezcaray.com\/fr\/#organization\",\"name\":\"Mantas Ezcaray\",\"url\":\"https:\/\/www.mantasezcaray.com\/fr\/\",\"logo\":{\"@type\":\"ImageObject\",\"inLanguage\":\"fr-FR\",\"@id\":\"https:\/\/www.mantasezcaray.com\/fr\/#\/schema\/logo\/image\/\",\"url\":\"https:\/\/www.mantasezcaray.com\/wp-content\/uploads\/2020\/05\/logo-mantasezcaray-negro-600x400-1.png\",\"contentUrl\":\"https:\/\/www.mantasezcaray.com\/wp-content\/uploads\/2020\/05\/logo-mantasezcaray-negro-600x400-1.png\",\"width\":600,\"height\":400,\"caption\":\"Mantas Ezcaray\"},\"image\":{\"@id\":\"https:\/\/www.mantasezcaray.com\/fr\/#\/schema\/logo\/image\/\"},\"sameAs\":[\"http:\/\/www.facebook.com\/pages\/Mantas-Ezcaray\/279923425355139\",\"https:\/\/x.com\/mantasezcaray\",\"https:\/\/www.instagram.com\/mantasezcaray\/\",\"https:\/\/www.youtube.com\/channel\/UCCYt_HCWxLvImAGnaItH2qQ\"]}]}<\/script>\n<!-- \/ Yoast SEO plugin. -->","yoast_head_json":{"title":"Ref. 759 - Couvertures - Mohair Lisos, Mohair Bedding Blankets - Mantas Ezcaray","description":"La couverture en mohair bleu outremer est sans aucun doute une pi\u00e8ce unique et sp\u00e9ciale.  Elle est fabriqu\u00e9e \u00e0 la main \u00e0 Ezcaray, ce qui en fait une couverture unique, au design \u00e9l\u00e9gant et sophistiqu\u00e9. La douceur et la chaleur de cette couverture sont ses principales caract\u00e9ristiques, ainsi que son incroyable l\u00e9g\u00e8ret\u00e9.  La couleur bleu outremer est un ton intense et vibrant qui ajoute une touche d'\u00e9l\u00e9gance et de distinction.","robots":{"index":"index","follow":"follow","max-snippet":"max-snippet:-1","max-image-preview":"max-image-preview:large","max-video-preview":"max-video-preview:-1"},"canonical":"https:\/\/www.mantasezcaray.com\/fr\/producto\/ref-759-2\/","og_locale":"fr_FR","og_type":"article","og_title":"Ref. 759 - Couvertures - Mohair Lisos, Mohair Bedding Blankets - Mantas Ezcaray","og_description":"La couverture en mohair bleu outremer est sans aucun doute une pi\u00e8ce unique et sp\u00e9ciale.  Elle est fabriqu\u00e9e \u00e0 la main \u00e0 Ezcaray, ce qui en fait une couverture unique, au design \u00e9l\u00e9gant et sophistiqu\u00e9. La douceur et la chaleur de cette couverture sont ses principales caract\u00e9ristiques, ainsi que son incroyable l\u00e9g\u00e8ret\u00e9.  La couleur bleu outremer est un ton intense et vibrant qui ajoute une touche d'\u00e9l\u00e9gance et de distinction.","og_url":"https:\/\/www.mantasezcaray.com\/fr\/producto\/ref-759-2\/","og_site_name":"Mantas Ezcaray","article_publisher":"http:\/\/www.facebook.com\/pages\/Mantas-Ezcaray\/279923425355139","article_modified_time":"2023-05-04T14:18:24+00:00","og_image":[{"width":2560,"height":1706,"url":"https:\/\/www.mantasezcaray.com\/wp-content\/uploads\/2022\/07\/ref-759.jpg","type":"image\/jpeg"}],"twitter_card":"summary_large_image","twitter_site":"@mantasezcaray","schema":{"@context":"https:\/\/schema.org","@graph":[{"@type":"WebPage","@id":"https:\/\/www.mantasezcaray.com\/fr\/producto\/ref-759-2\/","url":"https:\/\/www.mantasezcaray.com\/fr\/producto\/ref-759-2\/","name":"Ref. 759 - Couvertures - Mohair Lisos, Mohair Bedding Blankets - Mantas Ezcaray","isPartOf":{"@id":"https:\/\/www.mantasezcaray.com\/fr\/#website"},"primaryImageOfPage":{"@id":"https:\/\/www.mantasezcaray.com\/fr\/producto\/ref-759-2\/#primaryimage"},"image":{"@id":"https:\/\/www.mantasezcaray.com\/fr\/producto\/ref-759-2\/#primaryimage"},"thumbnailUrl":"https:\/\/www.mantasezcaray.com\/wp-content\/uploads\/2022\/07\/ref-759.jpg","datePublished":"2022-07-05T08:51:53+00:00","dateModified":"2023-05-04T14:18:24+00:00","description":"La couverture en mohair bleu outremer est sans aucun doute une pi\u00e8ce unique et sp\u00e9ciale. Elle est fabriqu\u00e9e \u00e0 la main \u00e0 Ezcaray, ce qui en fait une couverture unique, au design \u00e9l\u00e9gant et sophistiqu\u00e9. La douceur et la chaleur de cette couverture sont ses principales caract\u00e9ristiques, ainsi que son incroyable l\u00e9g\u00e8ret\u00e9. La couleur bleu outremer est un ton intense et vibrant qui ajoute une touche d'\u00e9l\u00e9gance et de distinction.","breadcrumb":{"@id":"https:\/\/www.mantasezcaray.com\/fr\/producto\/ref-759-2\/#breadcrumb"},"inLanguage":"fr-FR","potentialAction":[{"@type":"ReadAction","target":["https:\/\/www.mantasezcaray.com\/fr\/producto\/ref-759-2\/"]}]},{"@type":"ImageObject","inLanguage":"fr-FR","@id":"https:\/\/www.mantasezcaray.com\/fr\/producto\/ref-759-2\/#primaryimage","url":"https:\/\/www.mantasezcaray.com\/wp-content\/uploads\/2022\/07\/ref-759.jpg","contentUrl":"https:\/\/www.mantasezcaray.com\/wp-content\/uploads\/2022\/07\/ref-759.jpg","width":2560,"height":1706,"caption":"8\/3\/17 Ref 759. Mantas Ezcaray, Ezcaray, La Rioja, Spain. Photo by James Sturcke | sturcke.org"},{"@type":"BreadcrumbList","@id":"https:\/\/www.mantasezcaray.com\/fr\/producto\/ref-759-2\/#breadcrumb","itemListElement":[{"@type":"ListItem","position":1,"name":"Inicio","item":"https:\/\/www.mantasezcaray.com\/fr\/"},{"@type":"ListItem","position":2,"name":"Produits","item":"https:\/\/www.mantasezcaray.com\/fr\/produits\/"},{"@type":"ListItem","position":3,"name":"Couvertures","item":"https:\/\/www.mantasezcaray.com\/fr\/categorie-produits\/couvertures\/"},{"@type":"ListItem","position":4,"name":"Ref. 759"}]},{"@type":"WebSite","@id":"https:\/\/www.mantasezcaray.com\/fr\/#website","url":"https:\/\/www.mantasezcaray.com\/fr\/","name":"Mantas Ezcaray","description":"Desde 1930 tejiendo el mejor mohair","publisher":{"@id":"https:\/\/www.mantasezcaray.com\/fr\/#organization"},"potentialAction":[{"@type":"SearchAction","target":{"@type":"EntryPoint","urlTemplate":"https:\/\/www.mantasezcaray.com\/fr\/?s={search_term_string}"},"query-input":{"@type":"PropertyValueSpecification","valueRequired":true,"valueName":"search_term_string"}}],"inLanguage":"fr-FR"},{"@type":"Organization","@id":"https:\/\/www.mantasezcaray.com\/fr\/#organization","name":"Mantas Ezcaray","url":"https:\/\/www.mantasezcaray.com\/fr\/","logo":{"@type":"ImageObject","inLanguage":"fr-FR","@id":"https:\/\/www.mantasezcaray.com\/fr\/#\/schema\/logo\/image\/","url":"https:\/\/www.mantasezcaray.com\/wp-content\/uploads\/2020\/05\/logo-mantasezcaray-negro-600x400-1.png","contentUrl":"https:\/\/www.mantasezcaray.com\/wp-content\/uploads\/2020\/05\/logo-mantasezcaray-negro-600x400-1.png","width":600,"height":400,"caption":"Mantas Ezcaray"},"image":{"@id":"https:\/\/www.mantasezcaray.com\/fr\/#\/schema\/logo\/image\/"},"sameAs":["http:\/\/www.facebook.com\/pages\/Mantas-Ezcaray\/279923425355139","https:\/\/x.com\/mantasezcaray","https:\/\/www.instagram.com\/mantasezcaray\/","https:\/\/www.youtube.com\/channel\/UCCYt_HCWxLvImAGnaItH2qQ"]}]}},"_links":{"self":[{"href":"https:\/\/www.mantasezcaray.com\/fr\/wp-json\/wp\/v2\/product\/23702","targetHints":{"allow":["GET"]}}],"collection":[{"href":"https:\/\/www.mantasezcaray.com\/fr\/wp-json\/wp\/v2\/product"}],"about":[{"href":"https:\/\/www.mantasezcaray.com\/fr\/wp-json\/wp\/v2\/types\/product"}],"wp:featuredmedia":[{"embeddable":true,"href":"https:\/\/www.mantasezcaray.com\/fr\/wp-json\/wp\/v2\/media\/23709"}],"wp:attachment":[{"href":"https:\/\/www.mantasezcaray.com\/fr\/wp-json\/wp\/v2\/media?parent=23702"}],"wp:term":[{"taxonomy":"product_brand","embeddable":true,"href":"https:\/\/www.mantasezcaray.com\/fr\/wp-json\/wp\/v2\/product_brand?post=23702"},{"taxonomy":"product_cat","embeddable":true,"href":"https:\/\/www.mantasezcaray.com\/fr\/wp-json\/wp\/v2\/product_cat?post=23702"},{"taxonomy":"product_tag","embeddable":true,"href":"https:\/\/www.mantasezcaray.com\/fr\/wp-json\/wp\/v2\/product_tag?post=23702"}],"curies":[{"name":"wp","href":"https:\/\/api.w.org\/{rel}","templated":true}]}}