{"id":23633,"date":"2022-06-28T13:24:56","date_gmt":"2022-06-28T11:24:56","guid":{"rendered":"https:\/\/www.mantasezcaray.com\/?post_type=product&#038;p=23633"},"modified":"2022-06-28T13:30:57","modified_gmt":"2022-06-28T11:30:57","slug":"ref-deep-blue","status":"publish","type":"product","link":"https:\/\/www.mantasezcaray.com\/fr\/producto\/ref-deep-blue\/","title":{"rendered":"Ref.Deep Blue"},"content":{"rendered":"","protected":false},"excerpt":{"rendered":"<p>Couverture de la collection Effet Ombr\u00e9 o\u00f9 nous montrons un gradient de couleur de la nuance la plus fonc\u00e9e \u00e0 la plus douce.<\/p>\n<p>Dans cette couverture, nous allons du bleu fonc\u00e9 au bleu indigo en passant par toutes les couleurs interm\u00e9diaires.<\/p>\n<p>Cette couverture se distingue par son extr\u00eame finesse, son toucher soyeux et sa brillance incomparable.<\/p>\n<p>Fait \u00e0 la main \u00e0 Ezcaray.<\/p>\n","protected":false},"featured_media":18575,"template":"","meta":{"_acf_changed":false,"_editorskit_title_hidden":false,"_editorskit_reading_time":0,"_editorskit_is_block_options_detached":false,"_editorskit_block_options_position":"{}"},"product_brand":[],"product_cat":[190],"product_tag":[],"class_list":{"0":"post-23633","1":"product","2":"type-product","3":"status-publish","4":"has-post-thumbnail","6":"product_cat-couvertures","7":"g4co_collection-ombre-effect-fr","9":"first","10":"instock","11":"shipping-taxable","12":"product-type-simple"},"acf":[],"yoast_head":"<!-- This site is optimized with the Yoast SEO plugin v27.2 - https:\/\/yoast.com\/product\/yoast-seo-wordpress\/ -->\n<title>Ref.Deep Blue - Couvertures - Sibelina Ombr\u00e9 Effect - Mantas Ezcaray<\/title>\n<meta name=\"description\" content=\"Couverture de la collection Effet Ombr\u00e9 o\u00f9 nous montrons un gradient de couleur de la nuance la plus fonc\u00e9e \u00e0 la plus douce.  Dans cette couverture, nous allons du bleu fonc\u00e9 au bleu indigo en passant par toutes les couleurs interm\u00e9diaires.  Cette couverture se distingue par son extr\u00eame finesse, son toucher soyeux et sa brillance incomparable.  Fait \u00e0 la main \u00e0 Ezcaray.\" \/>\n<meta name=\"robots\" content=\"index, follow, max-snippet:-1, max-image-preview:large, max-video-preview:-1\" \/>\n<link rel=\"canonical\" href=\"https:\/\/www.mantasezcaray.com\/fr\/producto\/ref-deep-blue\/\" \/>\n<meta property=\"og:locale\" content=\"fr_FR\" \/>\n<meta property=\"og:type\" content=\"article\" \/>\n<meta property=\"og:title\" content=\"Ref.Deep Blue - Couvertures - Sibelina Ombr\u00e9 Effect - Mantas Ezcaray\" \/>\n<meta property=\"og:description\" content=\"Couverture de la collection Effet Ombr\u00e9 o\u00f9 nous montrons un gradient de couleur de la nuance la plus fonc\u00e9e \u00e0 la plus douce.  Dans cette couverture, nous allons du bleu fonc\u00e9 au bleu indigo en passant par toutes les couleurs interm\u00e9diaires.  Cette couverture se distingue par son extr\u00eame finesse, son toucher soyeux et sa brillance incomparable.  Fait \u00e0 la main \u00e0 Ezcaray.\" \/>\n<meta property=\"og:url\" content=\"https:\/\/www.mantasezcaray.com\/fr\/producto\/ref-deep-blue\/\" \/>\n<meta property=\"og:site_name\" content=\"Mantas Ezcaray\" \/>\n<meta property=\"article:publisher\" content=\"http:\/\/www.facebook.com\/pages\/Mantas-Ezcaray\/279923425355139\" \/>\n<meta property=\"article:modified_time\" content=\"2022-06-28T11:30:57+00:00\" \/>\n<meta property=\"og:image\" content=\"https:\/\/www.mantasezcaray.com\/wp-content\/uploads\/2021\/07\/ombre-deep-blue.jpg\" \/>\n\t<meta property=\"og:image:width\" content=\"2560\" \/>\n\t<meta property=\"og:image:height\" content=\"1706\" \/>\n\t<meta property=\"og:image:type\" content=\"image\/jpeg\" \/>\n<meta name=\"twitter:card\" content=\"summary_large_image\" \/>\n<meta name=\"twitter:site\" content=\"@mantasezcaray\" \/>\n<script type=\"application\/ld+json\" class=\"yoast-schema-graph\">{\"@context\":\"https:\/\/schema.org\",\"@graph\":[{\"@type\":\"WebPage\",\"@id\":\"https:\/\/www.mantasezcaray.com\/fr\/producto\/ref-deep-blue\/\",\"url\":\"https:\/\/www.mantasezcaray.com\/fr\/producto\/ref-deep-blue\/\",\"name\":\"Ref.Deep Blue - Couvertures - Sibelina Ombr\u00e9 Effect - Mantas Ezcaray\",\"isPartOf\":{\"@id\":\"https:\/\/www.mantasezcaray.com\/fr\/#website\"},\"primaryImageOfPage\":{\"@id\":\"https:\/\/www.mantasezcaray.com\/fr\/producto\/ref-deep-blue\/#primaryimage\"},\"image\":{\"@id\":\"https:\/\/www.mantasezcaray.com\/fr\/producto\/ref-deep-blue\/#primaryimage\"},\"thumbnailUrl\":\"https:\/\/www.mantasezcaray.com\/wp-content\/uploads\/2021\/07\/ombre-deep-blue.jpg\",\"datePublished\":\"2022-06-28T11:24:56+00:00\",\"dateModified\":\"2022-06-28T11:30:57+00:00\",\"description\":\"Couverture de la collection Effet Ombr\u00e9 o\u00f9 nous montrons un gradient de couleur de la nuance la plus fonc\u00e9e \u00e0 la plus douce. Dans cette couverture, nous allons du bleu fonc\u00e9 au bleu indigo en passant par toutes les couleurs interm\u00e9diaires. Cette couverture se distingue par son extr\u00eame finesse, son toucher soyeux et sa brillance incomparable. Fait \u00e0 la main \u00e0 Ezcaray.\",\"breadcrumb\":{\"@id\":\"https:\/\/www.mantasezcaray.com\/fr\/producto\/ref-deep-blue\/#breadcrumb\"},\"inLanguage\":\"fr-FR\",\"potentialAction\":[{\"@type\":\"ReadAction\",\"target\":[\"https:\/\/www.mantasezcaray.com\/fr\/producto\/ref-deep-blue\/\"]}]},{\"@type\":\"ImageObject\",\"inLanguage\":\"fr-FR\",\"@id\":\"https:\/\/www.mantasezcaray.com\/fr\/producto\/ref-deep-blue\/#primaryimage\",\"url\":\"https:\/\/www.mantasezcaray.com\/wp-content\/uploads\/2021\/07\/ombre-deep-blue.jpg\",\"contentUrl\":\"https:\/\/www.mantasezcaray.com\/wp-content\/uploads\/2021\/07\/ombre-deep-blue.jpg\",\"width\":2560,\"height\":1706,\"caption\":\"31\/5\/21 Manta Ombr\u00e9 Effect Deep Blue, Mantas Ezcaray, Ezcaray (La Rioja), Spain. Photo by James Sturcke | sturcke.org\"},{\"@type\":\"BreadcrumbList\",\"@id\":\"https:\/\/www.mantasezcaray.com\/fr\/producto\/ref-deep-blue\/#breadcrumb\",\"itemListElement\":[{\"@type\":\"ListItem\",\"position\":1,\"name\":\"Inicio\",\"item\":\"https:\/\/www.mantasezcaray.com\/fr\/\"},{\"@type\":\"ListItem\",\"position\":2,\"name\":\"Produits\",\"item\":\"https:\/\/www.mantasezcaray.com\/fr\/produits\/\"},{\"@type\":\"ListItem\",\"position\":3,\"name\":\"Couvertures\",\"item\":\"https:\/\/www.mantasezcaray.com\/fr\/categorie-produits\/couvertures\/\"},{\"@type\":\"ListItem\",\"position\":4,\"name\":\"Ref.Deep Blue\"}]},{\"@type\":\"WebSite\",\"@id\":\"https:\/\/www.mantasezcaray.com\/fr\/#website\",\"url\":\"https:\/\/www.mantasezcaray.com\/fr\/\",\"name\":\"Mantas Ezcaray\",\"description\":\"Desde 1930 tejiendo el mejor mohair\",\"publisher\":{\"@id\":\"https:\/\/www.mantasezcaray.com\/fr\/#organization\"},\"potentialAction\":[{\"@type\":\"SearchAction\",\"target\":{\"@type\":\"EntryPoint\",\"urlTemplate\":\"https:\/\/www.mantasezcaray.com\/fr\/?s={search_term_string}\"},\"query-input\":{\"@type\":\"PropertyValueSpecification\",\"valueRequired\":true,\"valueName\":\"search_term_string\"}}],\"inLanguage\":\"fr-FR\"},{\"@type\":\"Organization\",\"@id\":\"https:\/\/www.mantasezcaray.com\/fr\/#organization\",\"name\":\"Mantas Ezcaray\",\"url\":\"https:\/\/www.mantasezcaray.com\/fr\/\",\"logo\":{\"@type\":\"ImageObject\",\"inLanguage\":\"fr-FR\",\"@id\":\"https:\/\/www.mantasezcaray.com\/fr\/#\/schema\/logo\/image\/\",\"url\":\"https:\/\/www.mantasezcaray.com\/wp-content\/uploads\/2020\/05\/logo-mantasezcaray-negro-600x400-1.png\",\"contentUrl\":\"https:\/\/www.mantasezcaray.com\/wp-content\/uploads\/2020\/05\/logo-mantasezcaray-negro-600x400-1.png\",\"width\":600,\"height\":400,\"caption\":\"Mantas Ezcaray\"},\"image\":{\"@id\":\"https:\/\/www.mantasezcaray.com\/fr\/#\/schema\/logo\/image\/\"},\"sameAs\":[\"http:\/\/www.facebook.com\/pages\/Mantas-Ezcaray\/279923425355139\",\"https:\/\/x.com\/mantasezcaray\",\"https:\/\/www.instagram.com\/mantasezcaray\/\",\"https:\/\/www.youtube.com\/channel\/UCCYt_HCWxLvImAGnaItH2qQ\"]}]}<\/script>\n<!-- \/ Yoast SEO plugin. -->","yoast_head_json":{"title":"Ref.Deep Blue - Couvertures - Sibelina Ombr\u00e9 Effect - Mantas Ezcaray","description":"Couverture de la collection Effet Ombr\u00e9 o\u00f9 nous montrons un gradient de couleur de la nuance la plus fonc\u00e9e \u00e0 la plus douce.  Dans cette couverture, nous allons du bleu fonc\u00e9 au bleu indigo en passant par toutes les couleurs interm\u00e9diaires.  Cette couverture se distingue par son extr\u00eame finesse, son toucher soyeux et sa brillance incomparable.  Fait \u00e0 la main \u00e0 Ezcaray.","robots":{"index":"index","follow":"follow","max-snippet":"max-snippet:-1","max-image-preview":"max-image-preview:large","max-video-preview":"max-video-preview:-1"},"canonical":"https:\/\/www.mantasezcaray.com\/fr\/producto\/ref-deep-blue\/","og_locale":"fr_FR","og_type":"article","og_title":"Ref.Deep Blue - Couvertures - Sibelina Ombr\u00e9 Effect - Mantas Ezcaray","og_description":"Couverture de la collection Effet Ombr\u00e9 o\u00f9 nous montrons un gradient de couleur de la nuance la plus fonc\u00e9e \u00e0 la plus douce.  Dans cette couverture, nous allons du bleu fonc\u00e9 au bleu indigo en passant par toutes les couleurs interm\u00e9diaires.  Cette couverture se distingue par son extr\u00eame finesse, son toucher soyeux et sa brillance incomparable.  Fait \u00e0 la main \u00e0 Ezcaray.","og_url":"https:\/\/www.mantasezcaray.com\/fr\/producto\/ref-deep-blue\/","og_site_name":"Mantas Ezcaray","article_publisher":"http:\/\/www.facebook.com\/pages\/Mantas-Ezcaray\/279923425355139","article_modified_time":"2022-06-28T11:30:57+00:00","og_image":[{"width":2560,"height":1706,"url":"https:\/\/www.mantasezcaray.com\/wp-content\/uploads\/2021\/07\/ombre-deep-blue.jpg","type":"image\/jpeg"}],"twitter_card":"summary_large_image","twitter_site":"@mantasezcaray","schema":{"@context":"https:\/\/schema.org","@graph":[{"@type":"WebPage","@id":"https:\/\/www.mantasezcaray.com\/fr\/producto\/ref-deep-blue\/","url":"https:\/\/www.mantasezcaray.com\/fr\/producto\/ref-deep-blue\/","name":"Ref.Deep Blue - Couvertures - Sibelina Ombr\u00e9 Effect - Mantas Ezcaray","isPartOf":{"@id":"https:\/\/www.mantasezcaray.com\/fr\/#website"},"primaryImageOfPage":{"@id":"https:\/\/www.mantasezcaray.com\/fr\/producto\/ref-deep-blue\/#primaryimage"},"image":{"@id":"https:\/\/www.mantasezcaray.com\/fr\/producto\/ref-deep-blue\/#primaryimage"},"thumbnailUrl":"https:\/\/www.mantasezcaray.com\/wp-content\/uploads\/2021\/07\/ombre-deep-blue.jpg","datePublished":"2022-06-28T11:24:56+00:00","dateModified":"2022-06-28T11:30:57+00:00","description":"Couverture de la collection Effet Ombr\u00e9 o\u00f9 nous montrons un gradient de couleur de la nuance la plus fonc\u00e9e \u00e0 la plus douce. Dans cette couverture, nous allons du bleu fonc\u00e9 au bleu indigo en passant par toutes les couleurs interm\u00e9diaires. Cette couverture se distingue par son extr\u00eame finesse, son toucher soyeux et sa brillance incomparable. Fait \u00e0 la main \u00e0 Ezcaray.","breadcrumb":{"@id":"https:\/\/www.mantasezcaray.com\/fr\/producto\/ref-deep-blue\/#breadcrumb"},"inLanguage":"fr-FR","potentialAction":[{"@type":"ReadAction","target":["https:\/\/www.mantasezcaray.com\/fr\/producto\/ref-deep-blue\/"]}]},{"@type":"ImageObject","inLanguage":"fr-FR","@id":"https:\/\/www.mantasezcaray.com\/fr\/producto\/ref-deep-blue\/#primaryimage","url":"https:\/\/www.mantasezcaray.com\/wp-content\/uploads\/2021\/07\/ombre-deep-blue.jpg","contentUrl":"https:\/\/www.mantasezcaray.com\/wp-content\/uploads\/2021\/07\/ombre-deep-blue.jpg","width":2560,"height":1706,"caption":"31\/5\/21 Manta Ombr\u00e9 Effect Deep Blue, Mantas Ezcaray, Ezcaray (La Rioja), Spain. Photo by James Sturcke | sturcke.org"},{"@type":"BreadcrumbList","@id":"https:\/\/www.mantasezcaray.com\/fr\/producto\/ref-deep-blue\/#breadcrumb","itemListElement":[{"@type":"ListItem","position":1,"name":"Inicio","item":"https:\/\/www.mantasezcaray.com\/fr\/"},{"@type":"ListItem","position":2,"name":"Produits","item":"https:\/\/www.mantasezcaray.com\/fr\/produits\/"},{"@type":"ListItem","position":3,"name":"Couvertures","item":"https:\/\/www.mantasezcaray.com\/fr\/categorie-produits\/couvertures\/"},{"@type":"ListItem","position":4,"name":"Ref.Deep Blue"}]},{"@type":"WebSite","@id":"https:\/\/www.mantasezcaray.com\/fr\/#website","url":"https:\/\/www.mantasezcaray.com\/fr\/","name":"Mantas Ezcaray","description":"Desde 1930 tejiendo el mejor mohair","publisher":{"@id":"https:\/\/www.mantasezcaray.com\/fr\/#organization"},"potentialAction":[{"@type":"SearchAction","target":{"@type":"EntryPoint","urlTemplate":"https:\/\/www.mantasezcaray.com\/fr\/?s={search_term_string}"},"query-input":{"@type":"PropertyValueSpecification","valueRequired":true,"valueName":"search_term_string"}}],"inLanguage":"fr-FR"},{"@type":"Organization","@id":"https:\/\/www.mantasezcaray.com\/fr\/#organization","name":"Mantas Ezcaray","url":"https:\/\/www.mantasezcaray.com\/fr\/","logo":{"@type":"ImageObject","inLanguage":"fr-FR","@id":"https:\/\/www.mantasezcaray.com\/fr\/#\/schema\/logo\/image\/","url":"https:\/\/www.mantasezcaray.com\/wp-content\/uploads\/2020\/05\/logo-mantasezcaray-negro-600x400-1.png","contentUrl":"https:\/\/www.mantasezcaray.com\/wp-content\/uploads\/2020\/05\/logo-mantasezcaray-negro-600x400-1.png","width":600,"height":400,"caption":"Mantas Ezcaray"},"image":{"@id":"https:\/\/www.mantasezcaray.com\/fr\/#\/schema\/logo\/image\/"},"sameAs":["http:\/\/www.facebook.com\/pages\/Mantas-Ezcaray\/279923425355139","https:\/\/x.com\/mantasezcaray","https:\/\/www.instagram.com\/mantasezcaray\/","https:\/\/www.youtube.com\/channel\/UCCYt_HCWxLvImAGnaItH2qQ"]}]}},"_links":{"self":[{"href":"https:\/\/www.mantasezcaray.com\/fr\/wp-json\/wp\/v2\/product\/23633","targetHints":{"allow":["GET"]}}],"collection":[{"href":"https:\/\/www.mantasezcaray.com\/fr\/wp-json\/wp\/v2\/product"}],"about":[{"href":"https:\/\/www.mantasezcaray.com\/fr\/wp-json\/wp\/v2\/types\/product"}],"wp:featuredmedia":[{"embeddable":true,"href":"https:\/\/www.mantasezcaray.com\/fr\/wp-json\/wp\/v2\/media\/18575"}],"wp:attachment":[{"href":"https:\/\/www.mantasezcaray.com\/fr\/wp-json\/wp\/v2\/media?parent=23633"}],"wp:term":[{"taxonomy":"product_brand","embeddable":true,"href":"https:\/\/www.mantasezcaray.com\/fr\/wp-json\/wp\/v2\/product_brand?post=23633"},{"taxonomy":"product_cat","embeddable":true,"href":"https:\/\/www.mantasezcaray.com\/fr\/wp-json\/wp\/v2\/product_cat?post=23633"},{"taxonomy":"product_tag","embeddable":true,"href":"https:\/\/www.mantasezcaray.com\/fr\/wp-json\/wp\/v2\/product_tag?post=23633"}],"curies":[{"name":"wp","href":"https:\/\/api.w.org\/{rel}","templated":true}]}}