{"id":20871,"date":"2021-09-03T12:44:48","date_gmt":"2021-09-03T10:44:49","guid":{"rendered":"https:\/\/www.mantasezcaray.com\/?post_type=product&#038;p=20871"},"modified":"2025-11-16T19:15:42","modified_gmt":"2025-11-16T18:15:42","slug":"ref-4015","status":"publish","type":"product","link":"https:\/\/www.mantasezcaray.com\/fr\/producto\/ref-4015\/","title":{"rendered":"Ref. 4015"},"content":{"rendered":"","protected":false},"excerpt":{"rendered":"<p>Couverture de la collection Mohair Cuadros en beige, cr\u00e8me, taupe et marron, avec un design aux tons naturels qui apportera une touche d&rsquo;\u00e9l\u00e9gance \u00e0 toute maison.<\/p>\n<p>Cette couverture unique t\u00e9moigne du savoir-faire exceptionnel d&rsquo;Ezcaray.<\/p>\n<p>Chaque couverture est soigneusement tiss\u00e9e \u00e0 la main avec les meilleures fibres naturelles que la nature peut offrir.<\/p>\n","protected":false},"featured_media":20876,"template":"","meta":{"_acf_changed":false,"_editorskit_title_hidden":false,"_editorskit_reading_time":0,"_editorskit_is_block_options_detached":false,"_editorskit_block_options_position":"{}"},"product_brand":[],"product_cat":[190],"product_tag":[],"class_list":{"0":"post-20871","1":"product","2":"type-product","3":"status-publish","4":"has-post-thumbnail","6":"product_cat-couvertures","7":"g4co_collection-mohair-cuadros-fr","9":"first","10":"instock","11":"shipping-taxable","12":"product-type-variable"},"acf":[],"yoast_head":"<!-- This site is optimized with the Yoast SEO plugin v27.2 - https:\/\/yoast.com\/product\/yoast-seo-wordpress\/ -->\n<title>Ref. 4015 - Couvertures - Mohair Cuadros - Mantas Ezcaray<\/title>\n<meta name=\"description\" content=\"Couverture de la collection Mohair Cuadros en beige, cr\u00e8me, taupe et marron, avec un design aux tons naturels qui apportera une touche d&#039;\u00e9l\u00e9gance \u00e0 toute maison.  Cette couverture unique t\u00e9moigne du savoir-faire exceptionnel d&#039;Ezcaray.  Chaque couverture est soigneusement tiss\u00e9e \u00e0 la main avec les meilleures fibres naturelles que la nature peut offrir.\" \/>\n<meta name=\"robots\" content=\"index, follow, max-snippet:-1, max-image-preview:large, max-video-preview:-1\" \/>\n<link rel=\"canonical\" href=\"https:\/\/www.mantasezcaray.com\/fr\/producto\/ref-4015\/\" \/>\n<meta property=\"og:locale\" content=\"fr_FR\" \/>\n<meta property=\"og:type\" content=\"article\" \/>\n<meta property=\"og:title\" content=\"Ref. 4015 - Couvertures - Mohair Cuadros - Mantas Ezcaray\" \/>\n<meta property=\"og:description\" content=\"Couverture de la collection Mohair Cuadros en beige, cr\u00e8me, taupe et marron, avec un design aux tons naturels qui apportera une touche d&#039;\u00e9l\u00e9gance \u00e0 toute maison.  Cette couverture unique t\u00e9moigne du savoir-faire exceptionnel d&#039;Ezcaray.  Chaque couverture est soigneusement tiss\u00e9e \u00e0 la main avec les meilleures fibres naturelles que la nature peut offrir.\" \/>\n<meta property=\"og:url\" content=\"https:\/\/www.mantasezcaray.com\/fr\/producto\/ref-4015\/\" \/>\n<meta property=\"og:site_name\" content=\"Mantas Ezcaray\" \/>\n<meta property=\"article:publisher\" content=\"http:\/\/www.facebook.com\/pages\/Mantas-Ezcaray\/279923425355139\" \/>\n<meta property=\"article:modified_time\" content=\"2025-11-16T18:15:42+00:00\" \/>\n<meta property=\"og:image\" content=\"https:\/\/www.mantasezcaray.com\/wp-content\/uploads\/2021\/09\/ref4015.jpg\" \/>\n\t<meta property=\"og:image:width\" content=\"1706\" \/>\n\t<meta property=\"og:image:height\" content=\"2560\" \/>\n\t<meta property=\"og:image:type\" content=\"image\/jpeg\" \/>\n<meta name=\"twitter:card\" content=\"summary_large_image\" \/>\n<meta name=\"twitter:site\" content=\"@mantasezcaray\" \/>\n<script type=\"application\/ld+json\" class=\"yoast-schema-graph\">{\"@context\":\"https:\/\/schema.org\",\"@graph\":[{\"@type\":\"WebPage\",\"@id\":\"https:\/\/www.mantasezcaray.com\/fr\/producto\/ref-4015\/\",\"url\":\"https:\/\/www.mantasezcaray.com\/fr\/producto\/ref-4015\/\",\"name\":\"Ref. 4015 - Couvertures - Mohair Cuadros - Mantas Ezcaray\",\"isPartOf\":{\"@id\":\"https:\/\/www.mantasezcaray.com\/fr\/#website\"},\"primaryImageOfPage\":{\"@id\":\"https:\/\/www.mantasezcaray.com\/fr\/producto\/ref-4015\/#primaryimage\"},\"image\":{\"@id\":\"https:\/\/www.mantasezcaray.com\/fr\/producto\/ref-4015\/#primaryimage\"},\"thumbnailUrl\":\"https:\/\/www.mantasezcaray.com\/wp-content\/uploads\/2021\/09\/ref4015.jpg\",\"datePublished\":\"2021-09-03T10:44:49+00:00\",\"dateModified\":\"2025-11-16T18:15:42+00:00\",\"description\":\"Couverture de la collection Mohair Cuadros en beige, cr\u00e8me, taupe et marron, avec un design aux tons naturels qui apportera une touche d'\u00e9l\u00e9gance \u00e0 toute maison. Cette couverture unique t\u00e9moigne du savoir-faire exceptionnel d'Ezcaray. Chaque couverture est soigneusement tiss\u00e9e \u00e0 la main avec les meilleures fibres naturelles que la nature peut offrir.\",\"breadcrumb\":{\"@id\":\"https:\/\/www.mantasezcaray.com\/fr\/producto\/ref-4015\/#breadcrumb\"},\"inLanguage\":\"fr-FR\",\"potentialAction\":[{\"@type\":\"ReadAction\",\"target\":[\"https:\/\/www.mantasezcaray.com\/fr\/producto\/ref-4015\/\"]}]},{\"@type\":\"ImageObject\",\"inLanguage\":\"fr-FR\",\"@id\":\"https:\/\/www.mantasezcaray.com\/fr\/producto\/ref-4015\/#primaryimage\",\"url\":\"https:\/\/www.mantasezcaray.com\/wp-content\/uploads\/2021\/09\/ref4015.jpg\",\"contentUrl\":\"https:\/\/www.mantasezcaray.com\/wp-content\/uploads\/2021\/09\/ref4015.jpg\",\"width\":1706,\"height\":2560,\"caption\":\"25\/3\/21 Cuadro 4015 Neutra, Mantas Ezcaray, Ezcaray (La Rioja), Spain. Photo by James Sturcke | sturcke.org\"},{\"@type\":\"BreadcrumbList\",\"@id\":\"https:\/\/www.mantasezcaray.com\/fr\/producto\/ref-4015\/#breadcrumb\",\"itemListElement\":[{\"@type\":\"ListItem\",\"position\":1,\"name\":\"Inicio\",\"item\":\"https:\/\/www.mantasezcaray.com\/fr\/\"},{\"@type\":\"ListItem\",\"position\":2,\"name\":\"Produits\",\"item\":\"https:\/\/www.mantasezcaray.com\/fr\/produits\/\"},{\"@type\":\"ListItem\",\"position\":3,\"name\":\"Couvertures\",\"item\":\"https:\/\/www.mantasezcaray.com\/fr\/categorie-produits\/couvertures\/\"},{\"@type\":\"ListItem\",\"position\":4,\"name\":\"Ref. 4015\"}]},{\"@type\":\"WebSite\",\"@id\":\"https:\/\/www.mantasezcaray.com\/fr\/#website\",\"url\":\"https:\/\/www.mantasezcaray.com\/fr\/\",\"name\":\"Mantas Ezcaray\",\"description\":\"Desde 1930 tejiendo el mejor mohair\",\"publisher\":{\"@id\":\"https:\/\/www.mantasezcaray.com\/fr\/#organization\"},\"potentialAction\":[{\"@type\":\"SearchAction\",\"target\":{\"@type\":\"EntryPoint\",\"urlTemplate\":\"https:\/\/www.mantasezcaray.com\/fr\/?s={search_term_string}\"},\"query-input\":{\"@type\":\"PropertyValueSpecification\",\"valueRequired\":true,\"valueName\":\"search_term_string\"}}],\"inLanguage\":\"fr-FR\"},{\"@type\":\"Organization\",\"@id\":\"https:\/\/www.mantasezcaray.com\/fr\/#organization\",\"name\":\"Mantas Ezcaray\",\"url\":\"https:\/\/www.mantasezcaray.com\/fr\/\",\"logo\":{\"@type\":\"ImageObject\",\"inLanguage\":\"fr-FR\",\"@id\":\"https:\/\/www.mantasezcaray.com\/fr\/#\/schema\/logo\/image\/\",\"url\":\"https:\/\/www.mantasezcaray.com\/wp-content\/uploads\/2020\/05\/logo-mantasezcaray-negro-600x400-1.png\",\"contentUrl\":\"https:\/\/www.mantasezcaray.com\/wp-content\/uploads\/2020\/05\/logo-mantasezcaray-negro-600x400-1.png\",\"width\":600,\"height\":400,\"caption\":\"Mantas Ezcaray\"},\"image\":{\"@id\":\"https:\/\/www.mantasezcaray.com\/fr\/#\/schema\/logo\/image\/\"},\"sameAs\":[\"http:\/\/www.facebook.com\/pages\/Mantas-Ezcaray\/279923425355139\",\"https:\/\/x.com\/mantasezcaray\",\"https:\/\/www.instagram.com\/mantasezcaray\/\",\"https:\/\/www.youtube.com\/channel\/UCCYt_HCWxLvImAGnaItH2qQ\"]}]}<\/script>\n<!-- \/ Yoast SEO plugin. -->","yoast_head_json":{"title":"Ref. 4015 - Couvertures - Mohair Cuadros - Mantas Ezcaray","description":"Couverture de la collection Mohair Cuadros en beige, cr\u00e8me, taupe et marron, avec un design aux tons naturels qui apportera une touche d'\u00e9l\u00e9gance \u00e0 toute maison.  Cette couverture unique t\u00e9moigne du savoir-faire exceptionnel d'Ezcaray.  Chaque couverture est soigneusement tiss\u00e9e \u00e0 la main avec les meilleures fibres naturelles que la nature peut offrir.","robots":{"index":"index","follow":"follow","max-snippet":"max-snippet:-1","max-image-preview":"max-image-preview:large","max-video-preview":"max-video-preview:-1"},"canonical":"https:\/\/www.mantasezcaray.com\/fr\/producto\/ref-4015\/","og_locale":"fr_FR","og_type":"article","og_title":"Ref. 4015 - Couvertures - Mohair Cuadros - Mantas Ezcaray","og_description":"Couverture de la collection Mohair Cuadros en beige, cr\u00e8me, taupe et marron, avec un design aux tons naturels qui apportera une touche d'\u00e9l\u00e9gance \u00e0 toute maison.  Cette couverture unique t\u00e9moigne du savoir-faire exceptionnel d'Ezcaray.  Chaque couverture est soigneusement tiss\u00e9e \u00e0 la main avec les meilleures fibres naturelles que la nature peut offrir.","og_url":"https:\/\/www.mantasezcaray.com\/fr\/producto\/ref-4015\/","og_site_name":"Mantas Ezcaray","article_publisher":"http:\/\/www.facebook.com\/pages\/Mantas-Ezcaray\/279923425355139","article_modified_time":"2025-11-16T18:15:42+00:00","og_image":[{"width":1706,"height":2560,"url":"https:\/\/www.mantasezcaray.com\/wp-content\/uploads\/2021\/09\/ref4015.jpg","type":"image\/jpeg"}],"twitter_card":"summary_large_image","twitter_site":"@mantasezcaray","schema":{"@context":"https:\/\/schema.org","@graph":[{"@type":"WebPage","@id":"https:\/\/www.mantasezcaray.com\/fr\/producto\/ref-4015\/","url":"https:\/\/www.mantasezcaray.com\/fr\/producto\/ref-4015\/","name":"Ref. 4015 - Couvertures - Mohair Cuadros - Mantas Ezcaray","isPartOf":{"@id":"https:\/\/www.mantasezcaray.com\/fr\/#website"},"primaryImageOfPage":{"@id":"https:\/\/www.mantasezcaray.com\/fr\/producto\/ref-4015\/#primaryimage"},"image":{"@id":"https:\/\/www.mantasezcaray.com\/fr\/producto\/ref-4015\/#primaryimage"},"thumbnailUrl":"https:\/\/www.mantasezcaray.com\/wp-content\/uploads\/2021\/09\/ref4015.jpg","datePublished":"2021-09-03T10:44:49+00:00","dateModified":"2025-11-16T18:15:42+00:00","description":"Couverture de la collection Mohair Cuadros en beige, cr\u00e8me, taupe et marron, avec un design aux tons naturels qui apportera une touche d'\u00e9l\u00e9gance \u00e0 toute maison. Cette couverture unique t\u00e9moigne du savoir-faire exceptionnel d'Ezcaray. Chaque couverture est soigneusement tiss\u00e9e \u00e0 la main avec les meilleures fibres naturelles que la nature peut offrir.","breadcrumb":{"@id":"https:\/\/www.mantasezcaray.com\/fr\/producto\/ref-4015\/#breadcrumb"},"inLanguage":"fr-FR","potentialAction":[{"@type":"ReadAction","target":["https:\/\/www.mantasezcaray.com\/fr\/producto\/ref-4015\/"]}]},{"@type":"ImageObject","inLanguage":"fr-FR","@id":"https:\/\/www.mantasezcaray.com\/fr\/producto\/ref-4015\/#primaryimage","url":"https:\/\/www.mantasezcaray.com\/wp-content\/uploads\/2021\/09\/ref4015.jpg","contentUrl":"https:\/\/www.mantasezcaray.com\/wp-content\/uploads\/2021\/09\/ref4015.jpg","width":1706,"height":2560,"caption":"25\/3\/21 Cuadro 4015 Neutra, Mantas Ezcaray, Ezcaray (La Rioja), Spain. Photo by James Sturcke | sturcke.org"},{"@type":"BreadcrumbList","@id":"https:\/\/www.mantasezcaray.com\/fr\/producto\/ref-4015\/#breadcrumb","itemListElement":[{"@type":"ListItem","position":1,"name":"Inicio","item":"https:\/\/www.mantasezcaray.com\/fr\/"},{"@type":"ListItem","position":2,"name":"Produits","item":"https:\/\/www.mantasezcaray.com\/fr\/produits\/"},{"@type":"ListItem","position":3,"name":"Couvertures","item":"https:\/\/www.mantasezcaray.com\/fr\/categorie-produits\/couvertures\/"},{"@type":"ListItem","position":4,"name":"Ref. 4015"}]},{"@type":"WebSite","@id":"https:\/\/www.mantasezcaray.com\/fr\/#website","url":"https:\/\/www.mantasezcaray.com\/fr\/","name":"Mantas Ezcaray","description":"Desde 1930 tejiendo el mejor mohair","publisher":{"@id":"https:\/\/www.mantasezcaray.com\/fr\/#organization"},"potentialAction":[{"@type":"SearchAction","target":{"@type":"EntryPoint","urlTemplate":"https:\/\/www.mantasezcaray.com\/fr\/?s={search_term_string}"},"query-input":{"@type":"PropertyValueSpecification","valueRequired":true,"valueName":"search_term_string"}}],"inLanguage":"fr-FR"},{"@type":"Organization","@id":"https:\/\/www.mantasezcaray.com\/fr\/#organization","name":"Mantas Ezcaray","url":"https:\/\/www.mantasezcaray.com\/fr\/","logo":{"@type":"ImageObject","inLanguage":"fr-FR","@id":"https:\/\/www.mantasezcaray.com\/fr\/#\/schema\/logo\/image\/","url":"https:\/\/www.mantasezcaray.com\/wp-content\/uploads\/2020\/05\/logo-mantasezcaray-negro-600x400-1.png","contentUrl":"https:\/\/www.mantasezcaray.com\/wp-content\/uploads\/2020\/05\/logo-mantasezcaray-negro-600x400-1.png","width":600,"height":400,"caption":"Mantas Ezcaray"},"image":{"@id":"https:\/\/www.mantasezcaray.com\/fr\/#\/schema\/logo\/image\/"},"sameAs":["http:\/\/www.facebook.com\/pages\/Mantas-Ezcaray\/279923425355139","https:\/\/x.com\/mantasezcaray","https:\/\/www.instagram.com\/mantasezcaray\/","https:\/\/www.youtube.com\/channel\/UCCYt_HCWxLvImAGnaItH2qQ"]}]}},"_links":{"self":[{"href":"https:\/\/www.mantasezcaray.com\/fr\/wp-json\/wp\/v2\/product\/20871","targetHints":{"allow":["GET"]}}],"collection":[{"href":"https:\/\/www.mantasezcaray.com\/fr\/wp-json\/wp\/v2\/product"}],"about":[{"href":"https:\/\/www.mantasezcaray.com\/fr\/wp-json\/wp\/v2\/types\/product"}],"wp:featuredmedia":[{"embeddable":true,"href":"https:\/\/www.mantasezcaray.com\/fr\/wp-json\/wp\/v2\/media\/20876"}],"wp:attachment":[{"href":"https:\/\/www.mantasezcaray.com\/fr\/wp-json\/wp\/v2\/media?parent=20871"}],"wp:term":[{"taxonomy":"product_brand","embeddable":true,"href":"https:\/\/www.mantasezcaray.com\/fr\/wp-json\/wp\/v2\/product_brand?post=20871"},{"taxonomy":"product_cat","embeddable":true,"href":"https:\/\/www.mantasezcaray.com\/fr\/wp-json\/wp\/v2\/product_cat?post=20871"},{"taxonomy":"product_tag","embeddable":true,"href":"https:\/\/www.mantasezcaray.com\/fr\/wp-json\/wp\/v2\/product_tag?post=20871"}],"curies":[{"name":"wp","href":"https:\/\/api.w.org\/{rel}","templated":true}]}}