{"id":3734,"date":"2025-12-06T12:06:45","date_gmt":"2025-12-06T12:06:45","guid":{"rendered":"https:\/\/www.mantasezcaray.com\/origine\/"},"modified":"2026-05-01T20:31:23","modified_gmt":"2026-05-01T20:31:23","slug":"origine","status":"publish","type":"page","link":"https:\/\/www.mantasezcaray.com\/fr\/origine\/","title":{"rendered":"Origine"},"content":{"rendered":"\t\t<div data-elementor-type=\"wp-page\" data-elementor-id=\"3734\" class=\"elementor elementor-3734 elementor-29\" data-elementor-post-type=\"page\">\n\t\t\t\t<div class=\"elementor-element elementor-element-bb50a2f e-flex e-con-boxed e-con e-parent\" data-id=\"bb50a2f\" data-element_type=\"container\" data-e-type=\"container\" id=\"historia\" data-settings=\"{&quot;background_background&quot;:&quot;classic&quot;}\">\n\t\t\t\t\t<div class=\"e-con-inner\">\n\t\t\t\t<div class=\"elementor-element elementor-element-68b7561 elementor-widget__width-initial elementor-widget elementor-widget-text-editor\" data-id=\"68b7561\" data-element_type=\"widget\" data-e-type=\"widget\" data-widget_type=\"text-editor.default\">\n\t\t\t\t\t\t\t\t\t<p>Mantas Ezcaray s&rsquo;inscrit dans la continuit\u00e9 et l&rsquo;h\u00e9ritage de Cecilio Valga\u00f1\u00f3n, qui, vers 1930, a transform\u00e9 la production de tissus sur ses m\u00e9tiers \u00e0 tisser manuels en fabrication de mouchoirs, d&rsquo;\u00e9charpes, de foulards et de couvertures. Ces processus font appel aux meilleures fibres naturelles que la nature nous offre et que des mains habiles et expertes parviennent \u00e0 transformer. <\/p>\t\t\t\t\t\t\t\t<\/div>\n\t\t\t\t\t<\/div>\n\t\t\t\t<\/div>\n\t\t<div class=\"elementor-element elementor-element-57e80b8 e-con-full e-flex e-con e-parent\" data-id=\"57e80b8\" data-element_type=\"container\" data-e-type=\"container\" id=\"ezcaray\" data-settings=\"{&quot;background_background&quot;:&quot;classic&quot;}\">\n\t\t\t\t<div class=\"elementor-element elementor-element-30a8ea6 elementor-widget__width-initial elementor-widget elementor-widget-text-editor\" data-id=\"30a8ea6\" data-element_type=\"widget\" data-e-type=\"widget\" data-widget_type=\"text-editor.default\">\n\t\t\t\t\t\t\t\t\t<p>Ezcaray est une commune de La Rioja (Espagne). Elle est situ\u00e9e au sud-ouest de la r\u00e9gion, dans la r\u00e9gion de La Rioja Alta, et plus pr\u00e9cis\u00e9ment dans la haute vall\u00e9e de l&rsquo;Oja. Elle compte 2 069 habitants.  <\/p><p>Entour\u00e9e de montagnes, de for\u00eats et d&rsquo;une nature abondante, elle est depuis des si\u00e8cles une r\u00e9f\u00e9rence dans le secteur textile.<br>Les ressources de son environnement ont permis son d\u00e9veloppement \u00e9conomique pendant des si\u00e8cles.<br>Son activit\u00e9 touristique est ax\u00e9e sur le tourisme rural, l&rsquo;attrait de l&rsquo;environnement naturel dans lequel elle s&rsquo;inscrit et les sports d&rsquo;hiver, gr\u00e2ce \u00e0 la proximit\u00e9 de la station de ski de Valdezcaray.<\/p>\t\t\t\t\t\t\t\t<\/div>\n\t\t\t\t<\/div>\n\t\t<div class=\"elementor-element elementor-element-27b35fa e-flex e-con-boxed e-con e-parent\" data-id=\"27b35fa\" data-element_type=\"container\" data-e-type=\"container\" id=\"tradicion\" data-settings=\"{&quot;background_background&quot;:&quot;classic&quot;}\">\n\t\t\t\t\t<div class=\"e-con-inner\">\n\t\t\t\t<div class=\"elementor-element elementor-element-340fca1 elementor-widget__width-initial elementor-widget elementor-widget-text-editor\" data-id=\"340fca1\" data-element_type=\"widget\" data-e-type=\"widget\" data-widget_type=\"text-editor.default\">\n\t\t\t\t\t\t\t\t\t<p>L&rsquo;int\u00e9gration du mohair dans ses cr\u00e9ations en 1950 a marqu\u00e9 son parcours jusqu&rsquo;\u00e0 aujourd&rsquo;hui. \u00c0 partir de 1970, les enfants du fondateur ont rejoint l&rsquo;entreprise, contribuant ainsi \u00e0 sa croissance et \u00e0 son expansion. <\/p>\t\t\t\t\t\t\t\t<\/div>\n\t\t\t\t\t<\/div>\n\t\t\t\t<\/div>\n\t\t<div class=\"elementor-element elementor-element-546b73a e-con-full e-flex e-con e-parent\" data-id=\"546b73a\" data-element_type=\"container\" data-e-type=\"container\" id=\"actualidad\" data-settings=\"{&quot;background_background&quot;:&quot;classic&quot;}\">\n\t\t\t\t<div class=\"elementor-element elementor-element-3a0383c elementor-widget__width-initial elementor-widget elementor-widget-text-editor\" data-id=\"3a0383c\" data-element_type=\"widget\" data-e-type=\"widget\" data-widget_type=\"text-editor.default\">\n\t\t\t\t\t\t\t\t\t<p>Aujourd&rsquo;hui, l&rsquo;entreprise a entam\u00e9 l&rsquo;int\u00e9gration de la nouvelle g\u00e9n\u00e9ration, qui arrive pleine d&rsquo;enthousiasme et d\u00e9termin\u00e9e \u00e0 donner le meilleur d&rsquo;elle-m\u00eame pour que l&rsquo;entreprise perdure encore de nombreuses ann\u00e9es.<\/p>\t\t\t\t\t\t\t\t<\/div>\n\t\t\t\t<\/div>\n\t\t<div class=\"elementor-element elementor-element-79612d6 e-con-full e-flex e-con e-parent\" data-id=\"79612d6\" data-element_type=\"container\" data-e-type=\"container\" id=\"la-firma\" data-settings=\"{&quot;background_background&quot;:&quot;classic&quot;}\">\n\t\t\t\t<div class=\"elementor-element elementor-element-b6c5d12 elementor-widget elementor-widget-video\" data-id=\"b6c5d12\" data-element_type=\"widget\" data-e-type=\"widget\" data-settings=\"{&quot;youtube_url&quot;:&quot;youtube.com\\\/watch?v=v32wxm37MIw&amp;feature=youtu.be&quot;,&quot;show_image_overlay&quot;:&quot;yes&quot;,&quot;image_overlay&quot;:{&quot;url&quot;:&quot;https:\\\/\\\/www.mantasezcaray.com\\\/wp-content\\\/uploads\\\/2026\\\/04\\\/bg_video.jpg&quot;,&quot;id&quot;:5248,&quot;size&quot;:&quot;&quot;,&quot;alt&quot;:&quot;&quot;,&quot;source&quot;:&quot;library&quot;},&quot;video_type&quot;:&quot;youtube&quot;,&quot;controls&quot;:&quot;yes&quot;}\" data-widget_type=\"video.default\">\n\t\t\t\t\t\t\t<div class=\"elementor-wrapper elementor-open-inline\">\n\t\t\t<div class=\"elementor-video\"><\/div>\t\t\t\t<div class=\"elementor-custom-embed-image-overlay\" style=\"background-image: url(https:\/\/www.mantasezcaray.com\/wp-content\/uploads\/2026\/04\/bg_video.jpg);\">\n\t\t\t\t\t\t\t\t\t\t\t\t\t\t\t\t<div class=\"elementor-custom-embed-play\" role=\"button\" aria-label=\"Lire la vid\u00e9o\" tabindex=\"0\">\n\t\t\t\t\t\t\t<svg aria-hidden=\"true\" class=\"e-font-icon-svg e-eicon-play\" viewBox=\"0 0 1000 1000\" xmlns=\"http:\/\/www.w3.org\/2000\/svg\"><path d=\"M838 162C746 71 633 25 500 25 371 25 258 71 163 162 71 254 25 367 25 500 25 633 71 746 163 837 254 929 367 979 500 979 633 979 746 933 838 837 929 746 975 633 975 500 975 367 929 254 838 162M808 192C892 279 933 379 933 500 933 621 892 725 808 808 725 892 621 938 500 938 379 938 279 896 196 808 113 725 67 621 67 500 67 379 108 279 196 192 279 108 383 62 500 62 621 62 721 108 808 192M438 392V642L642 517 438 392Z\"><\/path><\/svg>\t\t\t\t\t\t<\/div>\n\t\t\t\t\t\t\t\t\t<\/div>\n\t\t\t\t\t<\/div>\n\t\t\t\t\t\t<\/div>\n\t\t\t\t<\/div>\n\t\t<div class=\"elementor-element elementor-element-c1b3f57 e-flex e-con-boxed e-con e-parent\" data-id=\"c1b3f57\" data-element_type=\"container\" data-e-type=\"container\" data-settings=\"{&quot;sticky&quot;:&quot;bottom&quot;,&quot;sticky_offset&quot;:75,&quot;sticky_parent&quot;:&quot;yes&quot;,&quot;sticky_offset_tablet&quot;:75,&quot;sticky_offset_mobile&quot;:32,&quot;sticky_on&quot;:[&quot;desktop&quot;,&quot;tablet&quot;,&quot;mobile&quot;],&quot;sticky_effects_offset&quot;:0,&quot;sticky_anchor_link_offset&quot;:0}\">\n\t\t\t\t\t<div class=\"e-con-inner\">\n\t\t\t\t<div class=\"elementor-element elementor-element-937334d elementor-widget__width-auto elementor-widget-tablet__width-initial elementor-widget elementor-widget-ucaddon_bullet_one_page_scroll_navigation\" data-id=\"937334d\" data-element_type=\"widget\" data-e-type=\"widget\" data-widget_type=\"ucaddon_bullet_one_page_scroll_navigation.default\">\n\t\t\t\t<div class=\"elementor-widget-container\">\n\t\t\t\t\t\n<!-- start One Page Scroll Navigation -->\n\t\t<link id='font-awesome-css' href='https:\/\/www.mantasezcaray.com\/wp-content\/plugins\/unlimited-elements-for-elementor-premium\/assets_libraries\/font-awesome6\/fontawesome-all.min.css' type='text\/css' rel='stylesheet' >\n\t\t<link id='font-awesome-4-shim-css' href='https:\/\/www.mantasezcaray.com\/wp-content\/plugins\/unlimited-elements-for-elementor-premium\/assets_libraries\/font-awesome6\/fontawesome-v4-shims.min.css' type='text\/css' rel='stylesheet' >\n\n<style>\/* widget: One Page Scroll Navigation *\/\n\nhtml{\n  scroll-behavior: auto;\n}\n\n#uc_bullet_one_page_scroll_navigation_elementor_937334d .uc_nav-menu{\n\tmargin: 0;\n\tpadding: 0;\n\tlist-style: none;\n\tdisplay: flex;\n\tflex-direction: column;\n}\n\n#uc_bullet_one_page_scroll_navigation_elementor_937334d a.ue-menu-item\n{\n  display:flex;\n  position:relative;\n  align-items:center;\n}\n\n#uc_bullet_one_page_scroll_navigation_elementor_937334d .uc_nav-menu a.ue-menu-item .ue-menu-item-icon\n{\n  display:inline-block;\n  position:relative;\n  display:flex;\n  align-items:center;\n  justify-content:center;\n  line-height:1em;\n  transition:0.3s;\n}\n\n#uc_bullet_one_page_scroll_navigation_elementor_937334d .uc_nav-menu a.ue-menu-item .ue-menu-item-icon svg\n{\n  width:1em;\n  height:1em;\n}\n\n#uc_bullet_one_page_scroll_navigation_elementor_937334d .uc_nav-menu a.ue-menu-item .ue-menu-tooltip {\n  display: inline-block;\n  opacity: 1;\n  transition: 0.3s;\n  background-color:#FFFFFF00;\n  line-height:1em;\n  position: absolute;\n  top: 50%;\n  inset-inline-start: calc(100% + 14px);\n  transform: translate(0, -50%);\n  white-space: nowrap;\n}\n\n\n\n\n.ue-menu-tooltip\n{\n  font-size:11px;\n}\n\n\n#uc_bullet_one_page_scroll_navigation_elementor_937334d .uc_nav-menu a.ue-menu-item .ue-menu-tooltip::before {\n  display: block;\n  position: absolute;\n  content: '';\n  border-top: 7px solid transparent;\n  border-bottom: 7px solid transparent;\n  top: 50%;\n  \n  transition: all .3s ease;\n}\n\n#uc_bullet_one_page_scroll_navigation_elementor_937334d .uc_nav-menu a.ue-menu-item .ue-menu-tooltip::before {\n  border-right: 7px solid #FFFFFF00;\n  left: 0;\n  transform: translate(-6px, -50%);\n}\n#uc_bullet_one_page_scroll_navigation_elementor_937334d .uc_nav-menu a.uc_active .ue-menu-tooltip  {\n\n  opacity: 1;\n}   \n  @media only screen and (min-width: 1024px) {\n    #uc_bullet_one_page_scroll_navigation_elementor_937334d .uc_nav-menu a.ue-menu-item:hover .ue-menu-tooltip  {\n \n    opacity: 1;\n  } \n}\n\n\n\n\n\n\n\n<\/style>\n\n<div style=\"direction:ltr\">\n<nav id=\"uc_bullet_one_page_scroll_navigation_elementor_937334d\" class=\"uc_navbar  \" data-enablesnap=\"true\" data-enablesnap-mobile=\"true\" data-iseditormode=\"no\" data-always-first=\"true\" data-scroll-speed=\"600\">\n\t<ul class=\"uc_nav-menu\">\n\t\t<li id=\"uc_bullet_one_page_scroll_navigation_elementor_937334d_item1\">\n\t<a data-scroll='histoire' href='#histoire' class=\"ue-menu-item uc_dot\">\n  \t\t <div class=\"ue-menu-item-icon\"><i class='fas fa-circle'><\/i><\/div>\n      \t<span class=\"ue-menu-tooltip\">HISTOIRE<\/span>\n  \t<\/a>\n<\/li>\n<li id=\"uc_bullet_one_page_scroll_navigation_elementor_937334d_item2\">\n\t<a data-scroll='ezcaray' href='#ezcaray' class=\"ue-menu-item uc_dot\">\n  \t\t <div class=\"ue-menu-item-icon\"><i class='fas fa-circle'><\/i><\/div>\n      \t<span class=\"ue-menu-tooltip\">EZCARAY<\/span>\n  \t<\/a>\n<\/li>\n<li id=\"uc_bullet_one_page_scroll_navigation_elementor_937334d_item3\">\n\t<a data-scroll='tradition' href='#tradition' class=\"ue-menu-item uc_dot\">\n  \t\t <div class=\"ue-menu-item-icon\"><i class='fas fa-circle'><\/i><\/div>\n      \t<span class=\"ue-menu-tooltip\">TRADITION ET ARTISANAT<\/span>\n  \t<\/a>\n<\/li>\n<li id=\"uc_bullet_one_page_scroll_navigation_elementor_937334d_item4\">\n\t<a data-scroll='la-firma' href='#la-firma' class=\"ue-menu-item uc_dot\">\n  \t\t <div class=\"ue-menu-item-icon\"><i class='fas fa-circle'><\/i><\/div>\n      \t<span class=\"ue-menu-tooltip\">LA SOCI\u00c9T\u00c9<\/span>\n  \t<\/a>\n<\/li>\n<li id=\"uc_bullet_one_page_scroll_navigation_elementor_937334d_item5\">\n\t<a data-scroll='actualites' href='#actualites' class=\"ue-menu-item uc_dot\">\n  \t\t <div class=\"ue-menu-item-icon\"><i class='fas fa-circle'><\/i><\/div>\n      \t<span class=\"ue-menu-tooltip\">ACTUALIT\u00c9S<\/span>\n  \t<\/a>\n<\/li>\n\n\t<\/ul>\n<\/nav>\n<\/div>\n<!-- end One Page Scroll Navigation -->\t\t\t\t<\/div>\n\t\t\t\t<\/div>\n\t\t\t\t<div class=\"elementor-element elementor-element-23ade76 elementor-widget elementor-widget-html\" data-id=\"23ade76\" data-element_type=\"widget\" data-e-type=\"widget\" data-widget_type=\"html.default\">\n\t\t\t\t\t<script>document.addEventListener('DOMContentLoaded', function () {\r\n  \/**\r\n   * Detecta el men\u00fa del widget (Unlimited Elements \/ Bullet One Page Scroll)\r\n   * sin depender del ID exacto (que cambia por p\u00e1gina).\r\n   *\/\r\n  const menuContainer =\r\n    document.querySelector('nav[id^=\"uc_bullet_one_page_scroll_navigation_elementor_\"]') ||\r\n    document.querySelector('nav.uc_navbar');\r\n\r\n  if (!menuContainer) return;\r\n\r\n  const ACTIVE_ITEM_CLASS = 'uc_active';\r\n  const CLICK_DELAY_MS = 800;\r\n\r\n  let isAnchorClick = false;\r\n  let isUserDraggingMenu = false;\r\n\r\n  \/\/ =========================\r\n  \/\/ 1) DRAG-TO-SCROLL (robusto)\r\n  \/\/ =========================\r\n  let startX = 0;\r\n  let startY = 0;\r\n  let startScrollLeft = 0;\r\n  let decidedDirection = false;\r\n  let lockHorizontal = false;\r\n\r\n  function getPoint(e) {\r\n    return e.touches ? e.touches[0] : e;\r\n  }\r\n\r\n  function onStart(e) {\r\n    const t = getPoint(e);\r\n    isUserDraggingMenu = true;\r\n    decidedDirection = false;\r\n    lockHorizontal = false;\r\n    startX = t.clientX;\r\n    startY = t.clientY;\r\n    startScrollLeft = menuContainer.scrollLeft;\r\n  }\r\n\r\n  function onMove(e) {\r\n    if (!isUserDraggingMenu) return;\r\n\r\n    const t = getPoint(e);\r\n    const dx = t.clientX - startX;\r\n    const dy = t.clientY - startY;\r\n\r\n    if (!decidedDirection) {\r\n      decidedDirection = true;\r\n      lockHorizontal = Math.abs(dx) > Math.abs(dy);\r\n    }\r\n\r\n    if (lockHorizontal) {\r\n      \/\/ Para poder preventDefault en iOS el listener debe ser passive:false\r\n      e.preventDefault();\r\n      e.stopPropagation();\r\n      if (typeof e.stopImmediatePropagation === 'function') e.stopImmediatePropagation();\r\n\r\n      menuContainer.scrollLeft = startScrollLeft - dx;\r\n    }\r\n  }\r\n\r\n  function onEnd() {\r\n    isUserDraggingMenu = false;\r\n    \/\/ Ventana peque\u00f1a para que no salte el autocentrado justo al soltar\r\n    setTimeout(() => { isUserDraggingMenu = false; }, 200);\r\n  }\r\n\r\n  \/\/ Touch (m\u00f3vil)\r\n  menuContainer.addEventListener('touchstart', onStart, { passive: true });\r\n  menuContainer.addEventListener('touchmove', onMove, { passive: false }); \/\/ clave\r\n  menuContainer.addEventListener('touchend', onEnd, { passive: true });\r\n  menuContainer.addEventListener('touchcancel', onEnd, { passive: true });\r\n\r\n  \/\/ Pointer (Android \/ desktop)\r\n  menuContainer.addEventListener('pointerdown', onStart, { passive: true });\r\n  menuContainer.addEventListener('pointermove', function (e) {\r\n    if (!isUserDraggingMenu) return;\r\n\r\n    const dx = e.clientX - startX;\r\n    const dy = e.clientY - startY;\r\n\r\n    if (!decidedDirection) {\r\n      decidedDirection = true;\r\n      lockHorizontal = Math.abs(dx) > Math.abs(dy);\r\n    }\r\n\r\n    if (lockHorizontal) {\r\n      e.preventDefault();\r\n      e.stopPropagation();\r\n      if (typeof e.stopImmediatePropagation === 'function') e.stopImmediatePropagation();\r\n      menuContainer.scrollLeft = startScrollLeft - dx;\r\n    }\r\n  }, { passive: false });\r\n  menuContainer.addEventListener('pointerup', onEnd, { passive: true });\r\n  menuContainer.addEventListener('pointercancel', onEnd, { passive: true });\r\n\r\n  \/\/ =========================\r\n  \/\/ 2) AUTO-CENTRADO DEL ACTIVO (sin pelear)\r\n  \/\/ =========================\r\n  function scrollActiveItemToCenter(activeItem) {\r\n    if (isUserDraggingMenu) return;\r\n    if (isAnchorClick) return;\r\n    if (window.innerWidth > 1024) return;\r\n\r\n    const containerRect = menuContainer.getBoundingClientRect();\r\n    const itemRect = activeItem.getBoundingClientRect();\r\n\r\n    const itemCenter = (itemRect.left - containerRect.left) + (itemRect.width \/ 2);\r\n    const containerCenter = containerRect.width \/ 2;\r\n\r\n    const targetScrollLeft = menuContainer.scrollLeft + (itemCenter - containerCenter);\r\n\r\n    if (typeof menuContainer.scrollTo === 'function') {\r\n      menuContainer.scrollTo({ left: targetScrollLeft, behavior: 'smooth' });\r\n    } else {\r\n      menuContainer.scrollLeft = targetScrollLeft;\r\n    }\r\n  }\r\n\r\n  const menuLinks = menuContainer.querySelectorAll('a');\r\n\r\n  menuLinks.forEach(link => {\r\n    link.addEventListener('click', function () {\r\n      isAnchorClick = true;\r\n      setTimeout(() => { isAnchorClick = false; }, CLICK_DELAY_MS);\r\n    });\r\n\r\n    const observer = new MutationObserver(function (mutationsList) {\r\n      for (const m of mutationsList) {\r\n        if (m.type === 'attributes' && m.attributeName === 'class') {\r\n          if (link.classList.contains(ACTIVE_ITEM_CLASS)) {\r\n            scrollActiveItemToCenter(link);\r\n            break;\r\n          }\r\n        }\r\n      }\r\n    });\r\n\r\n    observer.observe(link, { attributes: true, attributeFilter: ['class'] });\r\n  });\r\n});\r\n<\/script>\t\t\t\t<\/div>\n\t\t\t\t\t<\/div>\n\t\t\t\t<\/div>\n\t\t\t\t<\/div>\n\t\t","protected":false},"excerpt":{"rendered":"<p>Mantas Ezcaray s&rsquo;inscrit dans la continuit\u00e9 et l&rsquo;h\u00e9ritage de Cecilio Valga\u00f1\u00f3n, qui, vers 1930, a transform\u00e9 la production de tissus sur ses m\u00e9tiers \u00e0 tisser manuels en fabrication de mouchoirs, d&rsquo;\u00e9charpes, de foulards et de couvertures. Ces processus font appel aux meilleures fibres naturelles que la nature nous offre et que des mains habiles et [&hellip;]<\/p>\n","protected":false},"author":2,"featured_media":0,"parent":0,"menu_order":0,"comment_status":"closed","ping_status":"closed","template":"elementor_header_footer","meta":{"_acf_changed":false,"footnotes":""},"class_list":["post-3734","page","type-page","status-publish","hentry"],"acf":[],"_links":{"self":[{"href":"https:\/\/www.mantasezcaray.com\/fr\/wp-json\/wp\/v2\/pages\/3734","targetHints":{"allow":["GET"]}}],"collection":[{"href":"https:\/\/www.mantasezcaray.com\/fr\/wp-json\/wp\/v2\/pages"}],"about":[{"href":"https:\/\/www.mantasezcaray.com\/fr\/wp-json\/wp\/v2\/types\/page"}],"author":[{"embeddable":true,"href":"https:\/\/www.mantasezcaray.com\/fr\/wp-json\/wp\/v2\/users\/2"}],"replies":[{"embeddable":true,"href":"https:\/\/www.mantasezcaray.com\/fr\/wp-json\/wp\/v2\/comments?post=3734"}],"version-history":[{"count":10,"href":"https:\/\/www.mantasezcaray.com\/fr\/wp-json\/wp\/v2\/pages\/3734\/revisions"}],"predecessor-version":[{"id":5273,"href":"https:\/\/www.mantasezcaray.com\/fr\/wp-json\/wp\/v2\/pages\/3734\/revisions\/5273"}],"wp:attachment":[{"href":"https:\/\/www.mantasezcaray.com\/fr\/wp-json\/wp\/v2\/media?parent=3734"}],"curies":[{"name":"wp","href":"https:\/\/api.w.org\/{rel}","templated":true}]}}