{"id":3727,"date":"2026-03-25T15:51:51","date_gmt":"2026-03-25T15:51:51","guid":{"rendered":"https:\/\/www.mantasezcaray.com\/canal-ethique\/"},"modified":"2026-04-23T20:44:56","modified_gmt":"2026-04-23T20:44:56","slug":"canal-ethique","status":"publish","type":"page","link":"https:\/\/www.mantasezcaray.com\/fr\/canal-ethique\/","title":{"rendered":"Canal \u00e9thique"},"content":{"rendered":"\t\t<div data-elementor-type=\"wp-page\" data-elementor-id=\"3727\" class=\"elementor elementor-3727 elementor-3533\" data-elementor-post-type=\"page\">\n\t\t\t\t<div class=\"elementor-element elementor-element-e462b74 e-flex e-con-boxed e-con e-parent\" data-id=\"e462b74\" data-element_type=\"container\" data-e-type=\"container\">\n\t\t\t\t\t<div class=\"e-con-inner\">\n\t\t<div class=\"elementor-element elementor-element-6dff178 e-con-full e-flex e-con e-child\" data-id=\"6dff178\" data-element_type=\"container\" data-e-type=\"container\">\n\t\t\t\t<div class=\"elementor-element elementor-element-e8d8c84 elementor-widget elementor-widget-heading\" data-id=\"e8d8c84\" data-element_type=\"widget\" data-e-type=\"widget\" data-widget_type=\"heading.default\">\n\t\t\t\t\t<h2 class=\"elementor-heading-title elementor-size-default\">Qu'est-ce que le Canal \u00c9thique?<\/h2>\t\t\t\t<\/div>\n\t\t\t\t<div class=\"elementor-element elementor-element-59a5b4e elementor-widget elementor-widget-text-editor\" data-id=\"59a5b4e\" data-element_type=\"widget\" data-e-type=\"widget\" data-widget_type=\"text-editor.default\">\n\t\t\t\t\t\t\t\t\t<p>Chez Mantas Ezcaray, nous disposons d&rsquo;un canal d&rsquo;alerte qui permet de signaler tout incident ou toute irr\u00e9gularit\u00e9 susceptible d&rsquo;avoir des cons\u00e9quences importantes et qui pourrait \u00eatre contraire aux dispositions de notre <a href=\"https:\/\/www.mantasezcaray.com\/wp-content\/uploads\/2026\/03\/codigo-conducta-hijos-de-cecilio-valganon-2023-2.pdf\" target=\"_blank\" rel=\"noopener\">code d&rsquo;\u00e9thique et de conduite<\/a>.<\/p><p>Gr\u00e2ce \u00e0 cette plateforme, et gr\u00e2ce \u00e0 votre collaboration responsable, nous pouvons d\u00e9tecter tout comportement contraire \u00e0 nos principes.<\/p><p>L&rsquo;objectif de ce canal est de d\u00e9tecter les comportements contraires \u00e0 la loi, aux principes ou aux r\u00e8gles \u00e9thiques et de bonne gouvernance de la Soci\u00e9t\u00e9 ; c&rsquo;est pourquoi nous encourageons les employ\u00e9s, les clients, les fournisseurs ou toute personne en contact avec nos services \u00e0 nous signaler de tels incidents.<\/p>\t\t\t\t\t\t\t\t<\/div>\n\t\t\t\t<div class=\"elementor-element elementor-element-1d51349 elementor-widget elementor-widget-heading\" data-id=\"1d51349\" data-element_type=\"widget\" data-e-type=\"widget\" data-widget_type=\"heading.default\">\n\t\t\t\t\t<h2 class=\"elementor-heading-title elementor-size-default\">Comment envoyer un message?<\/h2>\t\t\t\t<\/div>\n\t\t\t\t<div class=\"elementor-element elementor-element-4c6d4d7 elementor-widget elementor-widget-text-editor\" data-id=\"4c6d4d7\" data-element_type=\"widget\" data-e-type=\"widget\" data-widget_type=\"text-editor.default\">\n\t\t\t\t\t\t\t\t\t<p>Vous trouverez ci-dessous le formulaire dans lequel vous pourrez indiquer tous les d\u00e9tails concernant le sujet qui vous pr\u00e9occupe. Essayez d&rsquo;\u00eatre aussi pr\u00e9cis que possible en mentionnant les noms ou services, les personnes, les documents, les politiques, les lieux, les dates, les heures, etc. <\/p><p>Cet outil garantit \u00e0 tout moment la confidentialit\u00e9 des communications et l&rsquo;anonymat du lanceur d&rsquo;alerte. De plus, la proc\u00e9dure d&rsquo;enqu\u00eate est men\u00e9e de mani\u00e8re objective et ind\u00e9pendante, avec la garantie qu&rsquo;aucune mesure de repr\u00e9sailles ne sera prise. <\/p><p><\/p>\t\t\t\t\t\t\t\t<\/div>\n\t\t\t\t<div class=\"elementor-element elementor-element-3c20662 elementor-widget elementor-widget-heading\" data-id=\"3c20662\" data-element_type=\"widget\" data-e-type=\"widget\" data-widget_type=\"heading.default\">\n\t\t\t\t\t<h2 class=\"elementor-heading-title elementor-size-default\">Bonne utilisation du canal<\/h2>\t\t\t\t<\/div>\n\t\t\t\t<div class=\"elementor-element elementor-element-0a118ab elementor-widget elementor-widget-text-editor\" data-id=\"0a118ab\" data-element_type=\"widget\" data-e-type=\"widget\" data-widget_type=\"text-editor.default\">\n\t\t\t\t\t\t\t\t\t<p>Il est important de garder \u00e0 l&rsquo;esprit que le Canal \u00c9thique traite uniquement les signalements concernant des comportements contraires au Code d&rsquo;\u00e9thique et de conduite de Mantas Ezcaray.<\/p><p>Afin d&rsquo;\u00e9viter les abus dans l&rsquo;utilisation de ce canal, des crit\u00e8res pr\u00e9cis seront appliqu\u00e9s pour l&rsquo;acceptation des communications, et les personnes qui signalent des faits en abusant de leur droit ou en violant le principe de bonne foi s&rsquo;exposent \u00e0 des poursuites civiles, p\u00e9nales et administratives.<\/p><p><\/p>\t\t\t\t\t\t\t\t<\/div>\n\t\t<div class=\"elementor-element elementor-element-c1e23ed e-con-full e-flex e-con e-child\" data-id=\"c1e23ed\" data-element_type=\"container\" data-e-type=\"container\">\n\t\t\t\t<div class=\"elementor-element elementor-element-02f6fb3 elementor-widget elementor-widget-button\" data-id=\"02f6fb3\" data-element_type=\"widget\" data-e-type=\"widget\" data-widget_type=\"button.default\">\n\t\t\t\t\t\t\t\t\t\t<a class=\"elementor-button elementor-button-link elementor-size-sm\" href=\"https:\/\/www.mantasezcaray.com\/wp-content\/uploads\/2026\/03\/codigo-conducta-hijos-de-cecilio-valganon-2023-2.pdf\" target=\"_blank\">\n\t\t\t\t\t\t<span class=\"elementor-button-content-wrapper\">\n\t\t\t\t\t\t\t\t\t<span class=\"elementor-button-text\">T\u00c9L\u00c9CHARGER LE CODE DE CONDUITE<\/span>\n\t\t\t\t\t<\/span>\n\t\t\t\t\t<\/a>\n\t\t\t\t\t\t\t\t<\/div>\n\t\t\t\t<div class=\"elementor-element elementor-element-089e414 elementor-widget elementor-widget-button\" data-id=\"089e414\" data-element_type=\"widget\" data-e-type=\"widget\" data-widget_type=\"button.default\">\n\t\t\t\t\t\t\t\t\t\t<a class=\"elementor-button elementor-button-link elementor-size-sm\" href=\"https:\/\/www.mantasezcaray.com\/fr\/formulaire-canal-ethique\/\">\n\t\t\t\t\t\t<span class=\"elementor-button-content-wrapper\">\n\t\t\t\t\t\t\t\t\t<span class=\"elementor-button-text\">ACC\u00c9DER AU FORMULAIRE<\/span>\n\t\t\t\t\t<\/span>\n\t\t\t\t\t<\/a>\n\t\t\t\t\t\t\t\t<\/div>\n\t\t\t\t<\/div>\n\t\t\t\t<\/div>\n\t\t<div class=\"elementor-element elementor-element-bbe3682 e-con-full e-flex e-con e-child\" data-id=\"bbe3682\" data-element_type=\"container\" data-e-type=\"container\">\n\t\t\t\t<div class=\"elementor-element elementor-element-90554fa elementor-nav-menu--dropdown-none elementor-widget elementor-widget-nav-menu\" data-id=\"90554fa\" data-element_type=\"widget\" data-e-type=\"widget\" data-settings=\"{&quot;layout&quot;:&quot;vertical&quot;,&quot;sticky&quot;:&quot;top&quot;,&quot;sticky_on&quot;:[&quot;desktop&quot;],&quot;sticky_offset&quot;:150,&quot;sticky_parent&quot;:&quot;yes&quot;,&quot;submenu_icon&quot;:{&quot;value&quot;:&quot;&lt;svg aria-hidden=\\&quot;true\\&quot; class=\\&quot;e-font-icon-svg e-fas-caret-down\\&quot; viewBox=\\&quot;0 0 320 512\\&quot; xmlns=\\&quot;http:\\\/\\\/www.w3.org\\\/2000\\\/svg\\&quot;&gt;&lt;path d=\\&quot;M31.3 192h257.3c17.8 0 26.7 21.5 14.1 34.1L174.1 354.8c-7.8 7.8-20.5 7.8-28.3 0L17.2 226.1C4.6 213.5 13.5 192 31.3 192z\\&quot;&gt;&lt;\\\/path&gt;&lt;\\\/svg&gt;&quot;,&quot;library&quot;:&quot;fa-solid&quot;},&quot;sticky_effects_offset&quot;:0,&quot;sticky_anchor_link_offset&quot;:0}\" data-widget_type=\"nav-menu.default\">\n\t\t\t\t\t\t\t\t<nav aria-label=\"Men\u00fa\" class=\"elementor-nav-menu--main elementor-nav-menu__container elementor-nav-menu--layout-vertical e--pointer-none\">\n\t\t\t\t<ul id=\"menu-1-90554fa\" class=\"elementor-nav-menu sm-vertical\"><li class=\"menu-item menu-item-type-custom menu-item-object-custom menu-item-4907\"><a target=\"_blank\" href=\"https:\/\/www.mantasezcaray.com\/wp-content\/uploads\/2026\/03\/Politica-Integrada-QHSE-ManTas_Ezcaray_Ene2025.pdf\" class=\"elementor-item\">Politique int\u00e9gr\u00e9e<\/a><\/li>\n<li class=\"menu-item menu-item-type-post_type menu-item-object-page menu-item-4906\"><a href=\"https:\/\/www.mantasezcaray.com\/fr\/canal-ethique\/\" class=\"elementor-item\">Canal \u00e9thique<\/a><\/li>\n<li class=\"menu-item menu-item-type-custom menu-item-object-custom menu-item-4908\"><a href=\"https:\/\/www.mantasezcaray.com\/aviso-legal\/\" class=\"elementor-item\">Conditions g\u00e9n\u00e9rales<\/a><\/li>\n<li class=\"menu-item menu-item-type-custom menu-item-object-custom menu-item-4909\"><a href=\"https:\/\/www.mantasezcaray.com\/politica-de-privacidad\/\" class=\"elementor-item\">Politique de confidentialit\u00e9<\/a><\/li>\n<li class=\"menu-item menu-item-type-custom menu-item-object-custom menu-item-4910\"><a href=\"https:\/\/www.mantasezcaray.com\/politica-de-cookies-ue\/\" class=\"elementor-item\">Cookie Politique<\/a><\/li>\n<\/ul>\t\t\t<\/nav>\n\t\t\t\t\t\t<nav class=\"elementor-nav-menu--dropdown elementor-nav-menu__container\" aria-hidden=\"true\">\n\t\t\t\t<ul id=\"menu-2-90554fa\" class=\"elementor-nav-menu sm-vertical\"><li class=\"menu-item menu-item-type-custom menu-item-object-custom menu-item-4907\"><a target=\"_blank\" href=\"https:\/\/www.mantasezcaray.com\/wp-content\/uploads\/2026\/03\/Politica-Integrada-QHSE-ManTas_Ezcaray_Ene2025.pdf\" class=\"elementor-item\" tabindex=\"-1\">Politique int\u00e9gr\u00e9e<\/a><\/li>\n<li class=\"menu-item menu-item-type-post_type menu-item-object-page menu-item-4906\"><a href=\"https:\/\/www.mantasezcaray.com\/fr\/canal-ethique\/\" class=\"elementor-item\" tabindex=\"-1\">Canal \u00e9thique<\/a><\/li>\n<li class=\"menu-item menu-item-type-custom menu-item-object-custom menu-item-4908\"><a href=\"https:\/\/www.mantasezcaray.com\/aviso-legal\/\" class=\"elementor-item\" tabindex=\"-1\">Conditions g\u00e9n\u00e9rales<\/a><\/li>\n<li class=\"menu-item menu-item-type-custom menu-item-object-custom menu-item-4909\"><a href=\"https:\/\/www.mantasezcaray.com\/politica-de-privacidad\/\" class=\"elementor-item\" tabindex=\"-1\">Politique de confidentialit\u00e9<\/a><\/li>\n<li class=\"menu-item menu-item-type-custom menu-item-object-custom menu-item-4910\"><a href=\"https:\/\/www.mantasezcaray.com\/politica-de-cookies-ue\/\" class=\"elementor-item\" tabindex=\"-1\">Cookie Politique<\/a><\/li>\n<\/ul>\t\t\t<\/nav>\n\t\t\t\t\t\t<\/div>\n\t\t\t\t<\/div>\n\t\t\t\t\t<\/div>\n\t\t\t\t<\/div>\n\t\t\t\t<\/div>\n\t\t","protected":false},"excerpt":{"rendered":"<p>Qu&rsquo;est-ce que le Canal \u00c9thique? Chez Mantas Ezcaray, nous disposons d&rsquo;un canal d&rsquo;alerte qui permet de signaler tout incident ou toute irr\u00e9gularit\u00e9 susceptible d&rsquo;avoir des cons\u00e9quences importantes et qui pourrait \u00eatre contraire aux dispositions de notre code d&rsquo;\u00e9thique et de conduite. Gr\u00e2ce \u00e0 cette plateforme, et gr\u00e2ce \u00e0 votre collaboration responsable, nous pouvons d\u00e9tecter tout [&hellip;]<\/p>\n","protected":false},"author":2,"featured_media":0,"parent":0,"menu_order":0,"comment_status":"closed","ping_status":"closed","template":"","meta":{"_acf_changed":false,"footnotes":""},"class_list":["post-3727","page","type-page","status-publish","hentry"],"acf":[],"_links":{"self":[{"href":"https:\/\/www.mantasezcaray.com\/fr\/wp-json\/wp\/v2\/pages\/3727","targetHints":{"allow":["GET"]}}],"collection":[{"href":"https:\/\/www.mantasezcaray.com\/fr\/wp-json\/wp\/v2\/pages"}],"about":[{"href":"https:\/\/www.mantasezcaray.com\/fr\/wp-json\/wp\/v2\/types\/page"}],"author":[{"embeddable":true,"href":"https:\/\/www.mantasezcaray.com\/fr\/wp-json\/wp\/v2\/users\/2"}],"replies":[{"embeddable":true,"href":"https:\/\/www.mantasezcaray.com\/fr\/wp-json\/wp\/v2\/comments?post=3727"}],"version-history":[{"count":3,"href":"https:\/\/www.mantasezcaray.com\/fr\/wp-json\/wp\/v2\/pages\/3727\/revisions"}],"predecessor-version":[{"id":3730,"href":"https:\/\/www.mantasezcaray.com\/fr\/wp-json\/wp\/v2\/pages\/3727\/revisions\/3730"}],"wp:attachment":[{"href":"https:\/\/www.mantasezcaray.com\/fr\/wp-json\/wp\/v2\/media?parent=3727"}],"curies":[{"name":"wp","href":"https:\/\/api.w.org\/{rel}","templated":true}]}}