{"id":3704,"date":"2025-12-06T12:07:37","date_gmt":"2025-12-06T12:07:37","guid":{"rendered":"https:\/\/www.mantasezcaray.com\/commande\/"},"modified":"2026-04-23T20:35:41","modified_gmt":"2026-04-23T20:35:41","slug":"commande","status":"publish","type":"page","link":"https:\/\/www.mantasezcaray.com\/fr\/commande\/","title":{"rendered":"Commande"},"content":{"rendered":"\t\t<div data-elementor-type=\"wp-page\" data-elementor-id=\"3704\" class=\"elementor elementor-3704 elementor-39\" data-elementor-post-type=\"page\">\n\t\t\t\t<div class=\"elementor-element elementor-element-681da8f e-transform elementor-hidden-desktop elementor-hidden-tablet elementor-hidden-mobile e-flex e-con-boxed e-con e-parent\" data-id=\"681da8f\" data-element_type=\"container\" data-e-type=\"container\" data-settings=\"{&quot;background_background&quot;:&quot;classic&quot;,&quot;_transform_translateX_effect&quot;:{&quot;unit&quot;:&quot;px&quot;,&quot;size&quot;:&quot;&quot;,&quot;sizes&quot;:[]},&quot;_transform_translateX_effect_tablet&quot;:{&quot;unit&quot;:&quot;px&quot;,&quot;size&quot;:&quot;&quot;,&quot;sizes&quot;:[]},&quot;_transform_translateX_effect_mobile&quot;:{&quot;unit&quot;:&quot;px&quot;,&quot;size&quot;:&quot;&quot;,&quot;sizes&quot;:[]},&quot;_transform_translateY_effect&quot;:{&quot;unit&quot;:&quot;px&quot;,&quot;size&quot;:&quot;&quot;,&quot;sizes&quot;:[]},&quot;_transform_translateY_effect_tablet&quot;:{&quot;unit&quot;:&quot;px&quot;,&quot;size&quot;:&quot;&quot;,&quot;sizes&quot;:[]},&quot;_transform_translateY_effect_mobile&quot;:{&quot;unit&quot;:&quot;px&quot;,&quot;size&quot;:&quot;&quot;,&quot;sizes&quot;:[]}}\">\n\t\t\t\t\t<div class=\"e-con-inner\">\n\t\t<div class=\"elementor-element elementor-element-4de23a9 e-con-full e-transform e-flex e-con e-child\" data-id=\"4de23a9\" data-element_type=\"container\" data-e-type=\"container\" data-settings=\"{&quot;_transform_translateX_effect&quot;:{&quot;unit&quot;:&quot;%&quot;,&quot;size&quot;:90,&quot;sizes&quot;:[]},&quot;_transform_translateX_effect_tablet&quot;:{&quot;unit&quot;:&quot;%&quot;,&quot;size&quot;:&quot;&quot;,&quot;sizes&quot;:[]},&quot;_transform_translateX_effect_mobile&quot;:{&quot;unit&quot;:&quot;%&quot;,&quot;size&quot;:&quot;&quot;,&quot;sizes&quot;:[]},&quot;_transform_translateY_effect&quot;:{&quot;unit&quot;:&quot;px&quot;,&quot;size&quot;:&quot;&quot;,&quot;sizes&quot;:[]},&quot;_transform_translateY_effect_tablet&quot;:{&quot;unit&quot;:&quot;px&quot;,&quot;size&quot;:&quot;&quot;,&quot;sizes&quot;:[]},&quot;_transform_translateY_effect_mobile&quot;:{&quot;unit&quot;:&quot;px&quot;,&quot;size&quot;:&quot;&quot;,&quot;sizes&quot;:[]}}\">\n\t\t\t\t<div class=\"elementor-element elementor-element-ad74489 elementor-widget__width-initial elementor-widget elementor-widget-text-editor\" data-id=\"ad74489\" data-element_type=\"widget\" data-e-type=\"widget\" data-widget_type=\"text-editor.default\">\n\t\t\t\t\t\t\t\t\t<p>Con\u00e7ues pour mettre en valeur chaque d\u00e9tail, nos coffrets cadeaux font de nos couvertures et accessoires une exp\u00e9rience unique d\u00e8s le premier regard. Une pr\u00e9sentation soign\u00e9e qui met en valeur le cadeau avant m\u00eame de l&rsquo;ouvrir.<br>Fabriqu\u00e9s en carton rigide et recouverts de papier fibre brun teint\u00e9, ils arborent le logo de Mantas Ezcaray estamp\u00e9 en dor\u00e9. \u00c0 l&rsquo;int\u00e9rieur, du papier de soie dor\u00e9 enveloppe d\u00e9licatement le produit, tandis qu&rsquo;un n\u0153ud dor\u00e9 apporte la touche finale d&rsquo;\u00e9l\u00e9gance.<\/p><p><strong>Deux tailles disponibles :<\/strong><\/p><ul><li>Grand carton : 55 \u00d7 37 \u00d7 16 cm<\/li><li>Petit coffret : 40,5 \u00d7 32,5 \u00d7 4 cm<\/li><\/ul>\t\t\t\t\t\t\t\t<\/div>\n\t\t\t\t<div class=\"elementor-element elementor-element-3e9b4e4 elementor-widget elementor-widget-button\" data-id=\"3e9b4e4\" data-element_type=\"widget\" data-e-type=\"widget\" data-widget_type=\"button.default\">\n\t\t\t\t\t\t\t\t\t\t<a class=\"elementor-button elementor-button-link elementor-size-sm\" href=\"http:\/\/store2@mantasezcaray.com\">\n\t\t\t\t\t\t<span class=\"elementor-button-content-wrapper\">\n\t\t\t\t\t\t\t\t\t<span class=\"elementor-button-text\">ENVOYER UN E-MAIL<\/span>\n\t\t\t\t\t<\/span>\n\t\t\t\t\t<\/a>\n\t\t\t\t\t\t\t\t<\/div>\n\t\t\t\t<\/div>\n\t\t\t\t\t<\/div>\n\t\t\t\t<\/div>\n\t\t<div class=\"elementor-element elementor-element-5b2558d e-flex e-con-boxed e-con e-parent\" data-id=\"5b2558d\" data-element_type=\"container\" data-e-type=\"container\" data-settings=\"{&quot;background_background&quot;:&quot;classic&quot;}\">\n\t\t\t\t\t<div class=\"e-con-inner\">\n\t\t<div class=\"elementor-element elementor-element-4535f2e e-con-full e-flex e-con e-child\" data-id=\"4535f2e\" data-element_type=\"container\" data-e-type=\"container\">\n\t\t\t\t<div class=\"elementor-element elementor-element-1383a06 elementor-widget__width-initial elementor-widget elementor-widget-text-editor\" data-id=\"1383a06\" data-element_type=\"widget\" data-e-type=\"widget\" data-widget_type=\"text-editor.default\">\n\t\t\t\t\t\t\t\t\t<p>Con\u00e7ues pour mettre en valeur chaque d\u00e9tail, nos coffrets cadeaux font de nos couvertures et accessoires une exp\u00e9rience unique d\u00e8s le premier regard. Une pr\u00e9sentation soign\u00e9e qui met en valeur le cadeau avant m\u00eame de l&rsquo;ouvrir.<br>Fabriqu\u00e9s en carton rigide et recouverts de papier fibre brun teint\u00e9, ils arborent le logo de Mantas Ezcaray imprim\u00e9 en dor\u00e9. \u00c0 l&rsquo;int\u00e9rieur, du papier de soie dor\u00e9 enveloppe d\u00e9licatement le produit, tandis qu&rsquo;un n\u0153ud dor\u00e9 apporte la touche finale d&rsquo;\u00e9l\u00e9gance.<\/p><p><strong>Deux tailles disponibles :<\/strong><\/p><ul><li>Grand carton : 55 \u00d7 37 \u00d7 16 cm<\/li><li>Petit coffret : 40,5 \u00d7 32,5 \u00d7 4 cm<\/li><\/ul>\t\t\t\t\t\t\t\t<\/div>\n\t\t\t\t<div class=\"elementor-element elementor-element-e92c7f1 elementor-widget elementor-widget-button\" data-id=\"e92c7f1\" data-element_type=\"widget\" data-e-type=\"widget\" data-widget_type=\"button.default\">\n\t\t\t\t\t\t\t\t\t\t<a class=\"elementor-button elementor-button-link elementor-size-sm\" href=\"mailto:store2@mantasezcaray.com\">\n\t\t\t\t\t\t<span class=\"elementor-button-content-wrapper\">\n\t\t\t\t\t\t\t\t\t<span class=\"elementor-button-text\">ENVOYER UN E-MAIL<\/span>\n\t\t\t\t\t<\/span>\n\t\t\t\t\t<\/a>\n\t\t\t\t\t\t\t\t<\/div>\n\t\t\t\t<div class=\"elementor-element elementor-element-2980e06 elementor-hidden-desktop elementor-widget elementor-widget-spacer\" data-id=\"2980e06\" data-element_type=\"widget\" data-e-type=\"widget\" data-widget_type=\"spacer.default\">\n\t\t\t\t\t\t\t<div class=\"elementor-spacer\">\n\t\t\t<div class=\"elementor-spacer-inner\"><\/div>\n\t\t<\/div>\n\t\t\t\t\t\t<\/div>\n\t\t\t\t<\/div>\n\t\t\t\t\t<\/div>\n\t\t\t\t<\/div>\n\t\t\t\t<\/div>\n\t\t","protected":false},"excerpt":{"rendered":"<p>Con\u00e7ues pour mettre en valeur chaque d\u00e9tail, nos coffrets cadeaux font de nos couvertures et accessoires une exp\u00e9rience unique d\u00e8s le premier regard. Une pr\u00e9sentation soign\u00e9e qui met en valeur le cadeau avant m\u00eame de l&rsquo;ouvrir.Fabriqu\u00e9s en carton rigide et recouverts de papier fibre brun teint\u00e9, ils arborent le logo de Mantas Ezcaray estamp\u00e9 en [&hellip;]<\/p>\n","protected":false},"author":2,"featured_media":0,"parent":0,"menu_order":0,"comment_status":"closed","ping_status":"closed","template":"elementor_header_footer","meta":{"_acf_changed":false,"footnotes":""},"class_list":["post-3704","page","type-page","status-publish","hentry"],"acf":[],"_links":{"self":[{"href":"https:\/\/www.mantasezcaray.com\/fr\/wp-json\/wp\/v2\/pages\/3704","targetHints":{"allow":["GET"]}}],"collection":[{"href":"https:\/\/www.mantasezcaray.com\/fr\/wp-json\/wp\/v2\/pages"}],"about":[{"href":"https:\/\/www.mantasezcaray.com\/fr\/wp-json\/wp\/v2\/types\/page"}],"author":[{"embeddable":true,"href":"https:\/\/www.mantasezcaray.com\/fr\/wp-json\/wp\/v2\/users\/2"}],"replies":[{"embeddable":true,"href":"https:\/\/www.mantasezcaray.com\/fr\/wp-json\/wp\/v2\/comments?post=3704"}],"version-history":[{"count":1,"href":"https:\/\/www.mantasezcaray.com\/fr\/wp-json\/wp\/v2\/pages\/3704\/revisions"}],"predecessor-version":[{"id":3705,"href":"https:\/\/www.mantasezcaray.com\/fr\/wp-json\/wp\/v2\/pages\/3704\/revisions\/3705"}],"wp:attachment":[{"href":"https:\/\/www.mantasezcaray.com\/fr\/wp-json\/wp\/v2\/media?parent=3704"}],"curies":[{"name":"wp","href":"https:\/\/api.w.org\/{rel}","templated":true}]}}