{"id":3701,"date":"2025-12-06T12:06:54","date_gmt":"2025-12-06T12:06:54","guid":{"rendered":"https:\/\/www.mantasezcaray.com\/soins\/"},"modified":"2026-04-24T13:39:41","modified_gmt":"2026-04-24T13:39:41","slug":"soins","status":"publish","type":"page","link":"https:\/\/www.mantasezcaray.com\/fr\/soins\/","title":{"rendered":"Soins"},"content":{"rendered":"\t\t<div data-elementor-type=\"wp-page\" data-elementor-id=\"3701\" class=\"elementor elementor-3701 elementor-31\" data-elementor-post-type=\"page\">\n\t\t\t\t<div class=\"elementor-element elementor-element-b883f02 e-con-full e-flex e-con e-parent\" data-id=\"b883f02\" data-element_type=\"container\" data-e-type=\"container\" id=\"brossage\" data-settings=\"{&quot;background_background&quot;:&quot;classic&quot;}\">\n\t\t<div class=\"elementor-element elementor-element-db5037a e-con-full e-flex e-con e-child\" data-id=\"db5037a\" data-element_type=\"container\" data-e-type=\"container\">\n\t\t\t\t<div class=\"elementor-element elementor-element-d9de921 elementor-widget__width-inherit elementor-widget elementor-widget-text-editor\" data-id=\"d9de921\" data-element_type=\"widget\" data-e-type=\"widget\" data-widget_type=\"text-editor.default\">\n\t\t\t\t\t\t\t\t\t<p>Le mohair \u00e9tant une fibre naturelle, il n\u00e9cessite des soins particuliers pour conserver son aspect et son toucher au fil du temps. Il est normal que le produit perde un peu de poils au d\u00e9but, mais cela ne constitue pas un d\u00e9faut, mais une caract\u00e9ristique propre au mat\u00e9riau.<\/p>\t\t\t\t\t\t\t\t<\/div>\n\t\t<div class=\"elementor-element elementor-element-f1c13b6 e-con-full e-flex e-con e-child\" data-id=\"f1c13b6\" data-element_type=\"container\" data-e-type=\"container\">\n\t\t\t\t<div class=\"elementor-element elementor-element-8869b4c elementor-widget elementor-widget-heading\" data-id=\"8869b4c\" data-element_type=\"widget\" data-e-type=\"widget\" data-widget_type=\"heading.default\">\n\t\t\t\t\t<h2 class=\"elementor-heading-title elementor-size-default\">(1.) Brossage r\u00e9gulier<\/h2>\t\t\t\t<\/div>\n\t\t\t\t<div class=\"elementor-element elementor-element-c61487a elementor-widget__width-inherit elementor-widget elementor-widget-text-editor\" data-id=\"c61487a\" data-element_type=\"widget\" data-e-type=\"widget\" data-widget_type=\"text-editor.default\">\n\t\t\t\t\t\t\t\t\t<p>Utilise une brosse \u00e0 poils durs et passe-la d\u00e9licatement, toujours dans le sens du poil. Si la brosse glisse et que le tissu reste lisse, c&rsquo;est bon ; s&rsquo;il se h\u00e9risse ou s&rsquo;il y a une r\u00e9sistance, c&rsquo;est \u00e0 rebrousse-poil.<\/p>\t\t\t\t\t\t\t\t<\/div>\n\t\t\t\t<\/div>\n\t\t\t\t<\/div>\n\t\t\t\t<\/div>\n\t\t<div class=\"elementor-element elementor-element-f8c972e e-con-full e-flex e-con e-parent\" data-id=\"f8c972e\" data-element_type=\"container\" data-e-type=\"container\" id=\"hydratation\" data-settings=\"{&quot;background_background&quot;:&quot;classic&quot;}\">\n\t\t<div class=\"elementor-element elementor-element-7fc26e1 e-con-full e-flex e-con e-child\" data-id=\"7fc26e1\" data-element_type=\"container\" data-e-type=\"container\">\n\t\t\t\t<div class=\"elementor-element elementor-element-5a7557b elementor-widget__width-inherit elementor-widget elementor-widget-text-editor\" data-id=\"5a7557b\" data-element_type=\"widget\" data-e-type=\"widget\" data-widget_type=\"text-editor.default\">\n\t\t\t\t\t\t\t\t\t<p>Le mohair \u00e9tant une fibre naturelle, il n\u00e9cessite des soins particuliers pour conserver son aspect et son toucher au fil du temps. Il est normal que le produit perde un peu de poils au d\u00e9but, mais cela ne constitue pas un d\u00e9faut, mais une caract\u00e9ristique propre au mat\u00e9riau.<\/p>\t\t\t\t\t\t\t\t<\/div>\n\t\t\t\t<\/div>\n\t\t<div class=\"elementor-element elementor-element-750be0a e-con-full e-flex e-con e-child\" data-id=\"750be0a\" data-element_type=\"container\" data-e-type=\"container\">\n\t\t\t\t<div class=\"elementor-element elementor-element-c4cfb1d elementor-widget elementor-widget-heading\" data-id=\"c4cfb1d\" data-element_type=\"widget\" data-e-type=\"widget\" data-widget_type=\"heading.default\">\n\t\t\t\t\t<h2 class=\"elementor-heading-title elementor-size-default\">(2.) Hydratation l\u00e9g\u00e8re<\/h2>\t\t\t\t<\/div>\n\t\t\t\t<div class=\"elementor-element elementor-element-8de58c7 elementor-widget__width-inherit elementor-widget elementor-widget-text-editor\" data-id=\"8de58c7\" data-element_type=\"widget\" data-e-type=\"widget\" data-widget_type=\"text-editor.default\">\n\t\t\t\t\t\t\t\t\t<p>S&rsquo;il est sec ou s&rsquo;il perd davantage de poils, vaporisez-le l\u00e9g\u00e8rement avec de l&rsquo;eau et brossez-le \u00e0 nouveau : l&rsquo;humidit\u00e9 lui redonnera sa forme et sa douceur.<\/p>\t\t\t\t\t\t\t\t<\/div>\n\t\t\t\t<\/div>\n\t\t\t\t<\/div>\n\t\t<div class=\"elementor-element elementor-element-19369b0 e-con-full e-flex e-con e-parent\" data-id=\"19369b0\" data-element_type=\"container\" data-e-type=\"container\" id=\"stockage\" data-settings=\"{&quot;background_background&quot;:&quot;classic&quot;}\">\n\t\t<div class=\"elementor-element elementor-element-61b24dd e-con-full e-flex e-con e-child\" data-id=\"61b24dd\" data-element_type=\"container\" data-e-type=\"container\">\n\t\t\t\t<div class=\"elementor-element elementor-element-57fb706 elementor-widget__width-inherit elementor-widget elementor-widget-text-editor\" data-id=\"57fb706\" data-element_type=\"widget\" data-e-type=\"widget\" data-widget_type=\"text-editor.default\">\n\t\t\t\t\t\t\t\t\t<p>Le mohair \u00e9tant une fibre naturelle, il n\u00e9cessite des soins particuliers pour conserver son aspect et son toucher au fil du temps. Il est normal que le produit perde un peu de poils au d\u00e9but, mais cela ne constitue pas un d\u00e9faut, mais une caract\u00e9ristique propre au mat\u00e9riau.<\/p>\t\t\t\t\t\t\t\t<\/div>\n\t\t\t\t<\/div>\n\t\t<div class=\"elementor-element elementor-element-bb704b8 e-con-full e-flex e-con e-child\" data-id=\"bb704b8\" data-element_type=\"container\" data-e-type=\"container\">\n\t\t\t\t<div class=\"elementor-element elementor-element-c89605a elementor-widget elementor-widget-heading\" data-id=\"c89605a\" data-element_type=\"widget\" data-e-type=\"widget\" data-widget_type=\"heading.default\">\n\t\t\t\t\t<h2 class=\"elementor-heading-title elementor-size-default\">(3.) Stockage<\/h2>\t\t\t\t<\/div>\n\t\t\t\t<div class=\"elementor-element elementor-element-badf8b9 elementor-widget__width-inherit elementor-widget elementor-widget-text-editor\" data-id=\"badf8b9\" data-element_type=\"widget\" data-e-type=\"widget\" data-widget_type=\"text-editor.default\">\n\t\t\t\t\t\t\t\t\t<p>\u00c0 la fin de la saison, secouez et brossez l&rsquo;accessoire avant de le ranger pli\u00e9 dans un sac en tissu ou en plastique, dans un endroit sec et ferm\u00e9, afin qu&rsquo;il conserve ses propri\u00e9t\u00e9s jusqu&rsquo;\u00e0 sa prochaine utilisation.<\/p>\t\t\t\t\t\t\t\t<\/div>\n\t\t\t\t<\/div>\n\t\t\t\t<\/div>\n\t\t<div class=\"elementor-element elementor-element-061679f e-flex e-con-boxed e-con e-parent\" data-id=\"061679f\" data-element_type=\"container\" data-e-type=\"container\" data-settings=\"{&quot;sticky&quot;:&quot;bottom&quot;,&quot;sticky_offset&quot;:75,&quot;sticky_parent&quot;:&quot;yes&quot;,&quot;sticky_offset_mobile&quot;:32,&quot;sticky_on&quot;:[&quot;desktop&quot;,&quot;tablet&quot;,&quot;mobile&quot;],&quot;sticky_effects_offset&quot;:0,&quot;sticky_anchor_link_offset&quot;:0}\">\n\t\t\t\t\t<div class=\"e-con-inner\">\n\t\t\t\t<div class=\"elementor-element elementor-element-b71ba46 elementor-widget__width-auto elementor-widget elementor-widget-ucaddon_bullet_one_page_scroll_navigation\" data-id=\"b71ba46\" data-element_type=\"widget\" data-e-type=\"widget\" data-widget_type=\"ucaddon_bullet_one_page_scroll_navigation.default\">\n\t\t\t\t<div class=\"elementor-widget-container\">\n\t\t\t\t\t\n<!-- start One Page Scroll Navigation -->\n\t\t<link id='font-awesome-css' href='https:\/\/www.mantasezcaray.com\/wp-content\/plugins\/unlimited-elements-for-elementor-premium\/assets_libraries\/font-awesome6\/fontawesome-all.min.css' type='text\/css' rel='stylesheet' >\n\t\t<link id='font-awesome-4-shim-css' href='https:\/\/www.mantasezcaray.com\/wp-content\/plugins\/unlimited-elements-for-elementor-premium\/assets_libraries\/font-awesome6\/fontawesome-v4-shims.min.css' type='text\/css' rel='stylesheet' >\n\n<style>\/* widget: One Page Scroll Navigation *\/\n\nhtml{\n  scroll-behavior: auto;\n}\n\n#uc_bullet_one_page_scroll_navigation_elementor_b71ba46 .uc_nav-menu{\n\tmargin: 0;\n\tpadding: 0;\n\tlist-style: none;\n\tdisplay: flex;\n\tflex-direction: column;\n}\n\n#uc_bullet_one_page_scroll_navigation_elementor_b71ba46 a.ue-menu-item\n{\n  display:flex;\n  position:relative;\n  align-items:center;\n}\n\n#uc_bullet_one_page_scroll_navigation_elementor_b71ba46 .uc_nav-menu a.ue-menu-item .ue-menu-item-icon\n{\n  display:inline-block;\n  position:relative;\n  display:flex;\n  align-items:center;\n  justify-content:center;\n  line-height:1em;\n  transition:0.3s;\n}\n\n#uc_bullet_one_page_scroll_navigation_elementor_b71ba46 .uc_nav-menu a.ue-menu-item .ue-menu-item-icon svg\n{\n  width:1em;\n  height:1em;\n}\n\n#uc_bullet_one_page_scroll_navigation_elementor_b71ba46 .uc_nav-menu a.ue-menu-item .ue-menu-tooltip {\n  display: inline-block;\n  opacity: 1;\n  transition: 0.3s;\n  background-color:#FFFFFF00;\n  line-height:1em;\n  position: absolute;\n  top: 50%;\n  inset-inline-start: calc(100% + 14px);\n  transform: translate(0, -50%);\n  white-space: nowrap;\n}\n\n\n\n\n.ue-menu-tooltip\n{\n  font-size:11px;\n}\n\n\n#uc_bullet_one_page_scroll_navigation_elementor_b71ba46 .uc_nav-menu a.ue-menu-item .ue-menu-tooltip::before {\n  display: block;\n  position: absolute;\n  content: '';\n  border-top: 7px solid transparent;\n  border-bottom: 7px solid transparent;\n  top: 50%;\n  \n  transition: all .3s ease;\n}\n\n#uc_bullet_one_page_scroll_navigation_elementor_b71ba46 .uc_nav-menu a.ue-menu-item .ue-menu-tooltip::before {\n  border-right: 7px solid #FFFFFF00;\n  left: 0;\n  transform: translate(-6px, -50%);\n}\n#uc_bullet_one_page_scroll_navigation_elementor_b71ba46 .uc_nav-menu a.uc_active .ue-menu-tooltip  {\n\n  opacity: 1;\n}   \n  @media only screen and (min-width: 1024px) {\n    #uc_bullet_one_page_scroll_navigation_elementor_b71ba46 .uc_nav-menu a.ue-menu-item:hover .ue-menu-tooltip  {\n \n    opacity: 1;\n  } \n}\n\n\n\n\n\n<\/style>\n\n<div style=\"direction:ltr\">\n<nav id=\"uc_bullet_one_page_scroll_navigation_elementor_b71ba46\" class=\"uc_navbar  \" data-enablesnap=\"true\" data-enablesnap-mobile=\"true\" data-iseditormode=\"no\" data-always-first=\"true\" data-scroll-speed=\"600\">\n\t<ul class=\"uc_nav-menu\">\n\t\t<li id=\"uc_bullet_one_page_scroll_navigation_elementor_b71ba46_item1\">\n\t<a data-scroll='brossage' href='#brossage' class=\"ue-menu-item uc_dot\">\n  \t\t <div class=\"ue-menu-item-icon\"><i class='fas fa-circle'><\/i><\/div>\n      \t<span class=\"ue-menu-tooltip\">(01.)<\/span>\n  \t<\/a>\n<\/li>\n<li id=\"uc_bullet_one_page_scroll_navigation_elementor_b71ba46_item2\">\n\t<a data-scroll='hydratation' href='#hydratation' class=\"ue-menu-item uc_dot\">\n  \t\t <div class=\"ue-menu-item-icon\"><i class='fas fa-circle'><\/i><\/div>\n      \t<span class=\"ue-menu-tooltip\">(02.)<\/span>\n  \t<\/a>\n<\/li>\n<li id=\"uc_bullet_one_page_scroll_navigation_elementor_b71ba46_item3\">\n\t<a data-scroll='stockage' href='#stockage' class=\"ue-menu-item uc_dot\">\n  \t\t <div class=\"ue-menu-item-icon\"><i class='fas fa-circle'><\/i><\/div>\n      \t<span class=\"ue-menu-tooltip\">(03.)<\/span>\n  \t<\/a>\n<\/li>\n\n\t<\/ul>\n<\/nav>\n<\/div>\n<!-- end One Page Scroll Navigation -->\t\t\t\t<\/div>\n\t\t\t\t<\/div>\n\t\t\t\t\t<\/div>\n\t\t\t\t<\/div>\n\t\t\t\t<\/div>\n\t\t","protected":false},"excerpt":{"rendered":"<p>Le mohair \u00e9tant une fibre naturelle, il n\u00e9cessite des soins particuliers pour conserver son aspect et son toucher au fil du temps. Il est normal que le produit perde un peu de poils au d\u00e9but, mais cela ne constitue pas un d\u00e9faut, mais une caract\u00e9ristique propre au mat\u00e9riau. (1.) Brossage r\u00e9gulier Utilise une brosse \u00e0 [&hellip;]<\/p>\n","protected":false},"author":2,"featured_media":0,"parent":0,"menu_order":0,"comment_status":"closed","ping_status":"closed","template":"elementor_header_footer","meta":{"_acf_changed":false,"footnotes":""},"class_list":["post-3701","page","type-page","status-publish","hentry"],"acf":[],"_links":{"self":[{"href":"https:\/\/www.mantasezcaray.com\/fr\/wp-json\/wp\/v2\/pages\/3701","targetHints":{"allow":["GET"]}}],"collection":[{"href":"https:\/\/www.mantasezcaray.com\/fr\/wp-json\/wp\/v2\/pages"}],"about":[{"href":"https:\/\/www.mantasezcaray.com\/fr\/wp-json\/wp\/v2\/types\/page"}],"author":[{"embeddable":true,"href":"https:\/\/www.mantasezcaray.com\/fr\/wp-json\/wp\/v2\/users\/2"}],"replies":[{"embeddable":true,"href":"https:\/\/www.mantasezcaray.com\/fr\/wp-json\/wp\/v2\/comments?post=3701"}],"version-history":[{"count":4,"href":"https:\/\/www.mantasezcaray.com\/fr\/wp-json\/wp\/v2\/pages\/3701\/revisions"}],"predecessor-version":[{"id":5247,"href":"https:\/\/www.mantasezcaray.com\/fr\/wp-json\/wp\/v2\/pages\/3701\/revisions\/5247"}],"wp:attachment":[{"href":"https:\/\/www.mantasezcaray.com\/fr\/wp-json\/wp\/v2\/media?parent=3701"}],"curies":[{"name":"wp","href":"https:\/\/api.w.org\/{rel}","templated":true}]}}