{"id":3690,"date":"2025-12-06T12:07:04","date_gmt":"2025-12-06T12:07:04","guid":{"rendered":"https:\/\/www.mantasezcaray.com\/durabilite\/"},"modified":"2026-04-24T13:38:37","modified_gmt":"2026-04-24T13:38:37","slug":"durabilite","status":"publish","type":"page","link":"https:\/\/www.mantasezcaray.com\/fr\/durabilite\/","title":{"rendered":"Durabilit\u00e9"},"content":{"rendered":"\t\t<div data-elementor-type=\"wp-page\" data-elementor-id=\"3690\" class=\"elementor elementor-3690 elementor-33\" data-elementor-post-type=\"page\">\n\t\t\t\t<div class=\"elementor-element elementor-element-25c07df e-flex e-con-boxed e-con e-parent\" data-id=\"25c07df\" data-element_type=\"container\" data-e-type=\"container\" id=\"engagement\" data-settings=\"{&quot;background_background&quot;:&quot;classic&quot;}\">\n\t\t\t\t\t<div class=\"e-con-inner\">\n\t\t\t\t<div class=\"elementor-element elementor-element-e90abae elementor-widget__width-initial e-transform elementor-widget elementor-widget-text-editor\" data-id=\"e90abae\" data-element_type=\"widget\" data-e-type=\"widget\" data-settings=\"{&quot;_transform_translateX_effect&quot;:{&quot;unit&quot;:&quot;px&quot;,&quot;size&quot;:-264,&quot;sizes&quot;:[]},&quot;_transform_translateX_effect_tablet&quot;:{&quot;unit&quot;:&quot;px&quot;,&quot;size&quot;:0,&quot;sizes&quot;:[]},&quot;_transform_translateX_effect_mobile&quot;:{&quot;unit&quot;:&quot;px&quot;,&quot;size&quot;:0,&quot;sizes&quot;:[]},&quot;_transform_translateY_effect_mobile&quot;:{&quot;unit&quot;:&quot;px&quot;,&quot;size&quot;:0,&quot;sizes&quot;:[]},&quot;_transform_translateY_effect&quot;:{&quot;unit&quot;:&quot;px&quot;,&quot;size&quot;:&quot;&quot;,&quot;sizes&quot;:[]},&quot;_transform_translateY_effect_tablet&quot;:{&quot;unit&quot;:&quot;px&quot;,&quot;size&quot;:&quot;&quot;,&quot;sizes&quot;:[]}}\" data-widget_type=\"text-editor.default\">\n\t\t\t\t\t\t\t\t\t<p>La durabilit\u00e9 et la protection de l&rsquo;\u00e9cosyst\u00e8me ont toujours occup\u00e9 une place importante dans la philosophie de Mantas Ezcaray depuis ses d\u00e9buts.<br>C&rsquo;est pourquoi, au sein de notre entreprise, nous nous effor\u00e7ons de travailler exclusivement avec des fibres naturelles de la plus haute qualit\u00e9, soigneusement s\u00e9lectionn\u00e9es en collaboration avec nos fournisseurs, avec lesquels nous partageons des valeurs, des engagements et des ann\u00e9es d&rsquo;exp\u00e9rience de travail commun. <\/p>\t\t\t\t\t\t\t\t<\/div>\n\t\t\t\t<div class=\"elementor-element elementor-element-bc620f8 elementor-widget__width-initial e-transform elementor-widget elementor-widget-text-editor\" data-id=\"bc620f8\" data-element_type=\"widget\" data-e-type=\"widget\" data-settings=\"{&quot;_transform_translateX_effect&quot;:{&quot;unit&quot;:&quot;px&quot;,&quot;size&quot;:264,&quot;sizes&quot;:[]},&quot;_transform_translateX_effect_tablet&quot;:{&quot;unit&quot;:&quot;px&quot;,&quot;size&quot;:0,&quot;sizes&quot;:[]},&quot;_transform_translateX_effect_mobile&quot;:{&quot;unit&quot;:&quot;px&quot;,&quot;size&quot;:0,&quot;sizes&quot;:[]},&quot;_transform_translateY_effect_mobile&quot;:{&quot;unit&quot;:&quot;px&quot;,&quot;size&quot;:0,&quot;sizes&quot;:[]},&quot;_transform_translateY_effect&quot;:{&quot;unit&quot;:&quot;px&quot;,&quot;size&quot;:&quot;&quot;,&quot;sizes&quot;:[]},&quot;_transform_translateY_effect_tablet&quot;:{&quot;unit&quot;:&quot;px&quot;,&quot;size&quot;:&quot;&quot;,&quot;sizes&quot;:[]}}\" data-widget_type=\"text-editor.default\">\n\t\t\t\t\t\t\t\t\t<p>Notre engagement en faveur du d\u00e9veloppement durable et de la protection de l&rsquo;environnement va bien au-del\u00e0 du choix de nos mati\u00e8res premi\u00e8res. Nous veillons \u00e0 ce que toutes les fibres naturelles que nous achetons proviennent d&rsquo;animaux b\u00e9n\u00e9ficiant de soins exceptionnels, tant dans les fermes o\u00f9 ils vivent et paissent en libert\u00e9 que lors de la tonte.<\/p>\t\t\t\t\t\t\t\t<\/div>\n\t\t\t\t\t<\/div>\n\t\t\t\t<\/div>\n\t\t<div class=\"elementor-element elementor-element-f5b1570 e-flex e-con-boxed e-con e-parent\" data-id=\"f5b1570\" data-element_type=\"container\" data-e-type=\"container\" id=\"materiel\" data-settings=\"{&quot;background_background&quot;:&quot;classic&quot;}\">\n\t\t\t\t\t<div class=\"e-con-inner\">\n\t\t\t\t<div class=\"elementor-element elementor-element-bec01d5 elementor-widget__width-initial e-transform elementor-widget elementor-widget-text-editor\" data-id=\"bec01d5\" data-element_type=\"widget\" data-e-type=\"widget\" data-settings=\"{&quot;_transform_translateX_effect&quot;:{&quot;unit&quot;:&quot;px&quot;,&quot;size&quot;:-364,&quot;sizes&quot;:[]},&quot;_transform_translateY_effect&quot;:{&quot;unit&quot;:&quot;px&quot;,&quot;size&quot;:-32,&quot;sizes&quot;:[]},&quot;_transform_translateX_effect_tablet&quot;:{&quot;unit&quot;:&quot;px&quot;,&quot;size&quot;:0,&quot;sizes&quot;:[]},&quot;_transform_translateX_effect_mobile&quot;:{&quot;unit&quot;:&quot;px&quot;,&quot;size&quot;:0,&quot;sizes&quot;:[]},&quot;_transform_translateY_effect_tablet&quot;:{&quot;unit&quot;:&quot;px&quot;,&quot;size&quot;:0,&quot;sizes&quot;:[]},&quot;_transform_translateY_effect_mobile&quot;:{&quot;unit&quot;:&quot;px&quot;,&quot;size&quot;:0,&quot;sizes&quot;:[]}}\" data-widget_type=\"text-editor.default\">\n\t\t\t\t\t\t\t\t\t<p>Nous travaillons avec le meilleur mohair sud-africain, la meilleure laine m\u00e9rinos australienne et le meilleur cachemire mongol, toutes des fibres naturelles de grande qualit\u00e9 aux propri\u00e9t\u00e9s uniques. Ces fibres nous permettent de cr\u00e9er des couvertures douces, chaudes et confortables qui dureront de nombreuses ann\u00e9es, r\u00e9duisant ainsi l&rsquo;impact environnemental en \u00e9vitant l&rsquo;utilisation de mat\u00e9riaux synth\u00e9tiques moins durables. <\/p>\t\t\t\t\t\t\t\t<\/div>\n\t\t\t\t<div class=\"elementor-element elementor-element-7af6654 elementor-widget__width-initial e-transform elementor-widget elementor-widget-text-editor\" data-id=\"7af6654\" data-element_type=\"widget\" data-e-type=\"widget\" data-settings=\"{&quot;_transform_translateX_effect&quot;:{&quot;unit&quot;:&quot;px&quot;,&quot;size&quot;:-128,&quot;sizes&quot;:[]},&quot;_transform_translateY_effect&quot;:{&quot;unit&quot;:&quot;px&quot;,&quot;size&quot;:-32,&quot;sizes&quot;:[]},&quot;_transform_translateX_effect_tablet&quot;:{&quot;unit&quot;:&quot;px&quot;,&quot;size&quot;:0,&quot;sizes&quot;:[]},&quot;_transform_translateX_effect_mobile&quot;:{&quot;unit&quot;:&quot;px&quot;,&quot;size&quot;:0,&quot;sizes&quot;:[]},&quot;_transform_translateY_effect_tablet&quot;:{&quot;unit&quot;:&quot;px&quot;,&quot;size&quot;:0,&quot;sizes&quot;:[]},&quot;_transform_translateY_effect_mobile&quot;:{&quot;unit&quot;:&quot;px&quot;,&quot;size&quot;:0,&quot;sizes&quot;:[]}}\" data-widget_type=\"text-editor.default\">\n\t\t\t\t\t\t\t\t\t<p>En choisissant l&rsquo;une de nos couvertures ou l&rsquo;un de nos accessoires, vous n&rsquo;achetez pas seulement un produit de qualit\u00e9, mais vous contribuez \u00e9galement \u00e0 la pr\u00e9servation de notre plan\u00e8te.<\/p>\t\t\t\t\t\t\t\t<\/div>\n\t\t\t\t\t<\/div>\n\t\t\t\t<\/div>\n\t\t<div class=\"elementor-element elementor-element-1f90fec e-transform e-flex e-con-boxed e-con e-parent\" data-id=\"1f90fec\" data-element_type=\"container\" data-e-type=\"container\" id=\"certificats\" data-settings=\"{&quot;background_background&quot;:&quot;classic&quot;,&quot;_transform_translateX_effect&quot;:{&quot;unit&quot;:&quot;px&quot;,&quot;size&quot;:&quot;&quot;,&quot;sizes&quot;:[]},&quot;_transform_translateX_effect_tablet&quot;:{&quot;unit&quot;:&quot;px&quot;,&quot;size&quot;:&quot;&quot;,&quot;sizes&quot;:[]},&quot;_transform_translateX_effect_mobile&quot;:{&quot;unit&quot;:&quot;px&quot;,&quot;size&quot;:&quot;&quot;,&quot;sizes&quot;:[]},&quot;_transform_translateY_effect&quot;:{&quot;unit&quot;:&quot;px&quot;,&quot;size&quot;:&quot;&quot;,&quot;sizes&quot;:[]},&quot;_transform_translateY_effect_tablet&quot;:{&quot;unit&quot;:&quot;px&quot;,&quot;size&quot;:&quot;&quot;,&quot;sizes&quot;:[]},&quot;_transform_translateY_effect_mobile&quot;:{&quot;unit&quot;:&quot;px&quot;,&quot;size&quot;:&quot;&quot;,&quot;sizes&quot;:[]}}\">\n\t\t\t\t\t<div class=\"e-con-inner\">\n\t\t<div class=\"elementor-element elementor-element-321051e e-con-full e-transform e-flex e-con e-child\" data-id=\"321051e\" data-element_type=\"container\" data-e-type=\"container\" data-settings=\"{&quot;_transform_translateX_effect&quot;:{&quot;unit&quot;:&quot;px&quot;,&quot;size&quot;:264,&quot;sizes&quot;:[]},&quot;_transform_translateX_effect_tablet&quot;:{&quot;unit&quot;:&quot;px&quot;,&quot;size&quot;:0,&quot;sizes&quot;:[]},&quot;_transform_translateX_effect_mobile&quot;:{&quot;unit&quot;:&quot;px&quot;,&quot;size&quot;:0,&quot;sizes&quot;:[]},&quot;_transform_translateY_effect_mobile&quot;:{&quot;unit&quot;:&quot;px&quot;,&quot;size&quot;:0,&quot;sizes&quot;:[]},&quot;_transform_translateY_effect&quot;:{&quot;unit&quot;:&quot;px&quot;,&quot;size&quot;:&quot;&quot;,&quot;sizes&quot;:[]},&quot;_transform_translateY_effect_tablet&quot;:{&quot;unit&quot;:&quot;px&quot;,&quot;size&quot;:&quot;&quot;,&quot;sizes&quot;:[]}}\">\n\t\t<div class=\"elementor-element elementor-element-5161303 e-con-full e-flex e-con e-child\" data-id=\"5161303\" data-element_type=\"container\" data-e-type=\"container\">\n\t\t\t\t<div class=\"elementor-element elementor-element-7fb695b elementor-widget elementor-widget-image\" data-id=\"7fb695b\" data-element_type=\"widget\" data-e-type=\"widget\" data-widget_type=\"image.default\">\n\t\t\t\t\t\t\t\t\t\t\t\t\t\t\t<img decoding=\"async\" width=\"358\" height=\"133\" src=\"https:\/\/www.mantasezcaray.com\/wp-content\/uploads\/2025\/12\/oeko-tex-standard-100-sello.png\" class=\"attachment-large size-large wp-image-3687\" alt=\"\" srcset=\"https:\/\/www.mantasezcaray.com\/wp-content\/uploads\/2025\/12\/oeko-tex-standard-100-sello.png 358w, https:\/\/www.mantasezcaray.com\/wp-content\/uploads\/2025\/12\/oeko-tex-standard-100-sello-300x111.png 300w\" sizes=\"(max-width: 358px) 100vw, 358px\" \/>\t\t\t\t\t\t\t\t\t\t\t\t\t\t\t<\/div>\n\t\t\t\t<div class=\"elementor-element elementor-element-63701c8 elementor-widget elementor-widget-image\" data-id=\"63701c8\" data-element_type=\"widget\" data-e-type=\"widget\" data-widget_type=\"image.default\">\n\t\t\t\t\t\t\t\t\t\t\t\t\t\t\t<img decoding=\"async\" width=\"95\" height=\"83\" src=\"https:\/\/www.mantasezcaray.com\/wp-content\/uploads\/2025\/12\/sello_wool-1.png\" class=\"attachment-large size-large wp-image-3688\" alt=\"\" \/>\t\t\t\t\t\t\t\t\t\t\t\t\t\t\t<\/div>\n\t\t\t\t<\/div>\n\t\t\t\t<div class=\"elementor-element elementor-element-6400f87 elementor-widget__width-initial elementor-widget elementor-widget-text-editor\" data-id=\"6400f87\" data-element_type=\"widget\" data-e-type=\"widget\" data-widget_type=\"text-editor.default\">\n\t\t\t\t\t\t\t\t\t<p>Nos fournisseurs utilisent de la laine issue d&rsquo;\u00e9levages sans \u00ab mulesing \u00bb et respectant les cinq principes du bien-\u00eatre animal d\u00e9finis par le Farm Animal Welfare Council :<\/p><ul role=\"list\"><li>\u00c0 l&rsquo;abri de la faim, de la soif et de la malnutrition.<\/li><li>Sans peur ni angoisse.<\/li><li>Sans g\u00eane physique ou thermique.<\/li><li>Sans douleur, blessure ni maladie.<\/li><li>Libre d&rsquo;exprimer les comportements et les habitudes propres \u00e0 son esp\u00e8ce.<\/li><\/ul><p>C&rsquo;est \u00e9galement notre engagement, et nous pouvons le certifier sur demande.<\/p>\t\t\t\t\t\t\t\t<\/div>\n\t\t\t\t<\/div>\n\t\t\t\t\t<\/div>\n\t\t\t\t<\/div>\n\t\t<div class=\"elementor-element elementor-element-24fd683 e-flex e-con-boxed e-con e-parent\" data-id=\"24fd683\" data-element_type=\"container\" data-e-type=\"container\" data-settings=\"{&quot;sticky&quot;:&quot;bottom&quot;,&quot;sticky_offset&quot;:75,&quot;sticky_parent&quot;:&quot;yes&quot;,&quot;sticky_offset_mobile&quot;:32,&quot;sticky_on&quot;:[&quot;desktop&quot;,&quot;tablet&quot;,&quot;mobile&quot;],&quot;sticky_effects_offset&quot;:0,&quot;sticky_anchor_link_offset&quot;:0}\">\n\t\t\t\t\t<div class=\"e-con-inner\">\n\t\t\t\t<div class=\"elementor-element elementor-element-2a6c7ec elementor-widget__width-auto elementor-widget elementor-widget-ucaddon_bullet_one_page_scroll_navigation\" data-id=\"2a6c7ec\" data-element_type=\"widget\" data-e-type=\"widget\" data-widget_type=\"ucaddon_bullet_one_page_scroll_navigation.default\">\n\t\t\t\t<div class=\"elementor-widget-container\">\n\t\t\t\t\t\n<!-- start One Page Scroll Navigation -->\n\t\t<link id='font-awesome-css' href='https:\/\/www.mantasezcaray.com\/wp-content\/plugins\/unlimited-elements-for-elementor-premium\/assets_libraries\/font-awesome6\/fontawesome-all.min.css' type='text\/css' rel='stylesheet' >\n\t\t<link id='font-awesome-4-shim-css' href='https:\/\/www.mantasezcaray.com\/wp-content\/plugins\/unlimited-elements-for-elementor-premium\/assets_libraries\/font-awesome6\/fontawesome-v4-shims.min.css' type='text\/css' rel='stylesheet' >\n\n<style>\/* widget: One Page Scroll Navigation *\/\n\nhtml{\n  scroll-behavior: auto;\n}\n\n#uc_bullet_one_page_scroll_navigation_elementor_2a6c7ec .uc_nav-menu{\n\tmargin: 0;\n\tpadding: 0;\n\tlist-style: none;\n\tdisplay: flex;\n\tflex-direction: column;\n}\n\n#uc_bullet_one_page_scroll_navigation_elementor_2a6c7ec a.ue-menu-item\n{\n  display:flex;\n  position:relative;\n  align-items:center;\n}\n\n#uc_bullet_one_page_scroll_navigation_elementor_2a6c7ec .uc_nav-menu a.ue-menu-item .ue-menu-item-icon\n{\n  display:inline-block;\n  position:relative;\n  display:flex;\n  align-items:center;\n  justify-content:center;\n  line-height:1em;\n  transition:0.3s;\n}\n\n#uc_bullet_one_page_scroll_navigation_elementor_2a6c7ec .uc_nav-menu a.ue-menu-item .ue-menu-item-icon svg\n{\n  width:1em;\n  height:1em;\n}\n\n#uc_bullet_one_page_scroll_navigation_elementor_2a6c7ec .uc_nav-menu a.ue-menu-item .ue-menu-tooltip {\n  display: inline-block;\n  opacity: 1;\n  transition: 0.3s;\n  background-color:#FFFFFF00;\n  line-height:1em;\n  position: absolute;\n  top: 50%;\n  inset-inline-start: calc(100% + 14px);\n  transform: translate(0, -50%);\n  white-space: nowrap;\n}\n\n\n\n\n.ue-menu-tooltip\n{\n  font-size:11px;\n}\n\n\n#uc_bullet_one_page_scroll_navigation_elementor_2a6c7ec .uc_nav-menu a.ue-menu-item .ue-menu-tooltip::before {\n  display: block;\n  position: absolute;\n  content: '';\n  border-top: 7px solid transparent;\n  border-bottom: 7px solid transparent;\n  top: 50%;\n  \n  transition: all .3s ease;\n}\n\n#uc_bullet_one_page_scroll_navigation_elementor_2a6c7ec .uc_nav-menu a.ue-menu-item .ue-menu-tooltip::before {\n  border-right: 7px solid #FFFFFF00;\n  left: 0;\n  transform: translate(-6px, -50%);\n}\n#uc_bullet_one_page_scroll_navigation_elementor_2a6c7ec .uc_nav-menu a.uc_active .ue-menu-tooltip  {\n\n  opacity: 1;\n}   \n  @media only screen and (min-width: 1024px) {\n    #uc_bullet_one_page_scroll_navigation_elementor_2a6c7ec .uc_nav-menu a.ue-menu-item:hover .ue-menu-tooltip  {\n \n    opacity: 1;\n  } \n}\n\n\n\n\n\n<\/style>\n\n<div style=\"direction:ltr\">\n<nav id=\"uc_bullet_one_page_scroll_navigation_elementor_2a6c7ec\" class=\"uc_navbar  \" data-enablesnap=\"true\" data-enablesnap-mobile=\"true\" data-iseditormode=\"no\" data-always-first=\"true\" data-scroll-speed=\"600\">\n\t<ul class=\"uc_nav-menu\">\n\t\t<li id=\"uc_bullet_one_page_scroll_navigation_elementor_2a6c7ec_item1\">\n\t<a data-scroll='engagement' href='#engagement' class=\"ue-menu-item uc_dot\">\n  \t\t <div class=\"ue-menu-item-icon\"><i class='fas fa-circle'><\/i><\/div>\n      \t<span class=\"ue-menu-tooltip\">NOTRE ENGAGEMENT<\/span>\n  \t<\/a>\n<\/li>\n<li id=\"uc_bullet_one_page_scroll_navigation_elementor_2a6c7ec_item2\">\n\t<a data-scroll='materiel' href='#materiel' class=\"ue-menu-item uc_dot\">\n  \t\t <div class=\"ue-menu-item-icon\"><i class='fas fa-circle'><\/i><\/div>\n      \t<span class=\"ue-menu-tooltip\">MAT\u00c9RIEL DURABLE<\/span>\n  \t<\/a>\n<\/li>\n<li id=\"uc_bullet_one_page_scroll_navigation_elementor_2a6c7ec_item3\">\n\t<a data-scroll='certificats' href='#certificats' class=\"ue-menu-item uc_dot\">\n  \t\t <div class=\"ue-menu-item-icon\"><i class='fas fa-circle'><\/i><\/div>\n      \t<span class=\"ue-menu-tooltip\">NOS CERTIFICATS<\/span>\n  \t<\/a>\n<\/li>\n\n\t<\/ul>\n<\/nav>\n<\/div>\n<!-- end One Page Scroll Navigation -->\t\t\t\t<\/div>\n\t\t\t\t<\/div>\n\t\t\t\t<div class=\"elementor-element elementor-element-e72499c elementor-widget elementor-widget-html\" data-id=\"e72499c\" data-element_type=\"widget\" data-e-type=\"widget\" data-widget_type=\"html.default\">\n\t\t\t\t\t<script>document.addEventListener('DOMContentLoaded', function () {\r\n  \/**\r\n   * Detecta el men\u00fa del widget (Unlimited Elements \/ Bullet One Page Scroll)\r\n   * sin depender del ID exacto (que cambia por p\u00e1gina).\r\n   *\/\r\n  const menuContainer =\r\n    document.querySelector('nav[id^=\"uc_bullet_one_page_scroll_navigation_elementor_\"]') ||\r\n    document.querySelector('nav.uc_navbar');\r\n\r\n  if (!menuContainer) return;\r\n\r\n  const ACTIVE_ITEM_CLASS = 'uc_active';\r\n  const CLICK_DELAY_MS = 800;\r\n\r\n  let isAnchorClick = false;\r\n  let isUserDraggingMenu = false;\r\n\r\n  \/\/ =========================\r\n  \/\/ 1) DRAG-TO-SCROLL (robusto)\r\n  \/\/ =========================\r\n  let startX = 0;\r\n  let startY = 0;\r\n  let startScrollLeft = 0;\r\n  let decidedDirection = false;\r\n  let lockHorizontal = false;\r\n\r\n  function getPoint(e) {\r\n    return e.touches ? e.touches[0] : e;\r\n  }\r\n\r\n  function onStart(e) {\r\n    const t = getPoint(e);\r\n    isUserDraggingMenu = true;\r\n    decidedDirection = false;\r\n    lockHorizontal = false;\r\n    startX = t.clientX;\r\n    startY = t.clientY;\r\n    startScrollLeft = menuContainer.scrollLeft;\r\n  }\r\n\r\n  function onMove(e) {\r\n    if (!isUserDraggingMenu) return;\r\n\r\n    const t = getPoint(e);\r\n    const dx = t.clientX - startX;\r\n    const dy = t.clientY - startY;\r\n\r\n    if (!decidedDirection) {\r\n      decidedDirection = true;\r\n      lockHorizontal = Math.abs(dx) > Math.abs(dy);\r\n    }\r\n\r\n    if (lockHorizontal) {\r\n      \/\/ Para poder preventDefault en iOS el listener debe ser passive:false\r\n      e.preventDefault();\r\n      e.stopPropagation();\r\n      if (typeof e.stopImmediatePropagation === 'function') e.stopImmediatePropagation();\r\n\r\n      menuContainer.scrollLeft = startScrollLeft - dx;\r\n    }\r\n  }\r\n\r\n  function onEnd() {\r\n    isUserDraggingMenu = false;\r\n    \/\/ Ventana peque\u00f1a para que no salte el autocentrado justo al soltar\r\n    setTimeout(() => { isUserDraggingMenu = false; }, 200);\r\n  }\r\n\r\n  \/\/ Touch (m\u00f3vil)\r\n  menuContainer.addEventListener('touchstart', onStart, { passive: true });\r\n  menuContainer.addEventListener('touchmove', onMove, { passive: false }); \/\/ clave\r\n  menuContainer.addEventListener('touchend', onEnd, { passive: true });\r\n  menuContainer.addEventListener('touchcancel', onEnd, { passive: true });\r\n\r\n  \/\/ Pointer (Android \/ desktop)\r\n  menuContainer.addEventListener('pointerdown', onStart, { passive: true });\r\n  menuContainer.addEventListener('pointermove', function (e) {\r\n    if (!isUserDraggingMenu) return;\r\n\r\n    const dx = e.clientX - startX;\r\n    const dy = e.clientY - startY;\r\n\r\n    if (!decidedDirection) {\r\n      decidedDirection = true;\r\n      lockHorizontal = Math.abs(dx) > Math.abs(dy);\r\n    }\r\n\r\n    if (lockHorizontal) {\r\n      e.preventDefault();\r\n      e.stopPropagation();\r\n      if (typeof e.stopImmediatePropagation === 'function') e.stopImmediatePropagation();\r\n      menuContainer.scrollLeft = startScrollLeft - dx;\r\n    }\r\n  }, { passive: false });\r\n  menuContainer.addEventListener('pointerup', onEnd, { passive: true });\r\n  menuContainer.addEventListener('pointercancel', onEnd, { passive: true });\r\n\r\n  \/\/ =========================\r\n  \/\/ 2) AUTO-CENTRADO DEL ACTIVO (sin pelear)\r\n  \/\/ =========================\r\n  function scrollActiveItemToCenter(activeItem) {\r\n    if (isUserDraggingMenu) return;\r\n    if (isAnchorClick) return;\r\n    if (window.innerWidth > 1024) return;\r\n\r\n    const containerRect = menuContainer.getBoundingClientRect();\r\n    const itemRect = activeItem.getBoundingClientRect();\r\n\r\n    const itemCenter = (itemRect.left - containerRect.left) + (itemRect.width \/ 2);\r\n    const containerCenter = containerRect.width \/ 2;\r\n\r\n    const targetScrollLeft = menuContainer.scrollLeft + (itemCenter - containerCenter);\r\n\r\n    if (typeof menuContainer.scrollTo === 'function') {\r\n      menuContainer.scrollTo({ left: targetScrollLeft, behavior: 'smooth' });\r\n    } else {\r\n      menuContainer.scrollLeft = targetScrollLeft;\r\n    }\r\n  }\r\n\r\n  const menuLinks = menuContainer.querySelectorAll('a');\r\n\r\n  menuLinks.forEach(link => {\r\n    link.addEventListener('click', function () {\r\n      isAnchorClick = true;\r\n      setTimeout(() => { isAnchorClick = false; }, CLICK_DELAY_MS);\r\n    });\r\n\r\n    const observer = new MutationObserver(function (mutationsList) {\r\n      for (const m of mutationsList) {\r\n        if (m.type === 'attributes' && m.attributeName === 'class') {\r\n          if (link.classList.contains(ACTIVE_ITEM_CLASS)) {\r\n            scrollActiveItemToCenter(link);\r\n            break;\r\n          }\r\n        }\r\n      }\r\n    });\r\n\r\n    observer.observe(link, { attributes: true, attributeFilter: ['class'] });\r\n  });\r\n});\r\n<\/script>\t\t\t\t<\/div>\n\t\t\t\t\t<\/div>\n\t\t\t\t<\/div>\n\t\t\t\t<\/div>\n\t\t","protected":false},"excerpt":{"rendered":"<p>La durabilit\u00e9 et la protection de l&rsquo;\u00e9cosyst\u00e8me ont toujours occup\u00e9 une place importante dans la philosophie de Mantas Ezcaray depuis ses d\u00e9buts.C&rsquo;est pourquoi, au sein de notre entreprise, nous nous effor\u00e7ons de travailler exclusivement avec des fibres naturelles de la plus haute qualit\u00e9, soigneusement s\u00e9lectionn\u00e9es en collaboration avec nos fournisseurs, avec lesquels nous partageons des [&hellip;]<\/p>\n","protected":false},"author":2,"featured_media":0,"parent":0,"menu_order":0,"comment_status":"closed","ping_status":"closed","template":"elementor_header_footer","meta":{"_acf_changed":false,"footnotes":""},"class_list":["post-3690","page","type-page","status-publish","hentry"],"acf":[],"_links":{"self":[{"href":"https:\/\/www.mantasezcaray.com\/fr\/wp-json\/wp\/v2\/pages\/3690","targetHints":{"allow":["GET"]}}],"collection":[{"href":"https:\/\/www.mantasezcaray.com\/fr\/wp-json\/wp\/v2\/pages"}],"about":[{"href":"https:\/\/www.mantasezcaray.com\/fr\/wp-json\/wp\/v2\/types\/page"}],"author":[{"embeddable":true,"href":"https:\/\/www.mantasezcaray.com\/fr\/wp-json\/wp\/v2\/users\/2"}],"replies":[{"embeddable":true,"href":"https:\/\/www.mantasezcaray.com\/fr\/wp-json\/wp\/v2\/comments?post=3690"}],"version-history":[{"count":7,"href":"https:\/\/www.mantasezcaray.com\/fr\/wp-json\/wp\/v2\/pages\/3690\/revisions"}],"predecessor-version":[{"id":5244,"href":"https:\/\/www.mantasezcaray.com\/fr\/wp-json\/wp\/v2\/pages\/3690\/revisions\/5244"}],"wp:attachment":[{"href":"https:\/\/www.mantasezcaray.com\/fr\/wp-json\/wp\/v2\/media?parent=3690"}],"curies":[{"name":"wp","href":"https:\/\/api.w.org\/{rel}","templated":true}]}}