{"id":3684,"date":"2020-05-21T17:42:31","date_gmt":"2020-05-21T15:42:31","guid":{"rendered":"https:\/\/www.mantasezcaray.com\/lentreprise\/workshop\/"},"modified":"2025-01-09T13:05:56","modified_gmt":"2025-01-09T12:05:56","slug":"workshop","status":"publish","type":"page","link":"https:\/\/www.mantasezcaray.com\/fr\/lentreprise\/workshop\/","title":{"rendered":"Informations sur L&rsquo;Atelier"},"content":{"rendered":"\n<div class=\"wp-block-media-text alignwide is-vertically-aligned-top is-stacked-on-mobile\" style=\"grid-template-columns:48% auto\"><figure class=\"wp-block-media-text__media\"><img loading=\"lazy\" decoding=\"async\" width=\"1920\" height=\"1278\" src=\"https:\/\/www.mantasezcaray.com\/wp-content\/uploads\/2020\/04\/DSC8584.jpg\" alt=\"Procesos - Mantas Ezcaray\" class=\"wp-image-526 size-full\" srcset=\"https:\/\/www.mantasezcaray.com\/wp-content\/uploads\/2020\/04\/DSC8584.jpg 1920w, https:\/\/www.mantasezcaray.com\/wp-content\/uploads\/2020\/04\/DSC8584-600x399.jpg 600w, https:\/\/www.mantasezcaray.com\/wp-content\/uploads\/2020\/04\/DSC8584-768x511.jpg 768w, https:\/\/www.mantasezcaray.com\/wp-content\/uploads\/2020\/04\/DSC8584-1536x1022.jpg 1536w, https:\/\/www.mantasezcaray.com\/wp-content\/uploads\/2020\/04\/DSC8584-300x200.jpg 300w\" sizes=\"auto, (max-width: 1920px) 100vw, 1920px\" \/><\/figure><div class=\"wp-block-media-text__content\">\n<p><strong>Adresse<\/strong><br>12, rue Cristobal de Zamudio<br>Ezcaray, La Rioja<br>Espagne<\/p>\n\n\n\n\n\n\n\n\n\n\n\n<p><strong>Calendrier d&rsquo;hiver : Novembre &#8211; Juin<\/strong><br>Du lundi au vendredi : de 10h \u00e0 14h et de 15h \u00e0 19h<br>Samedi : de 10h00 \u00e0 14h30 et de 16h00 \u00e0 20h30<br>Dimanches et jours f\u00e9ri\u00e9s : 10h00 \u00e0 14h30<\/p>\n\n\n\n<p>Le magasin sera ferm\u00e9 les jours suivants :<\/p>\n\n\n\n<p>25 d\u00e9cembre<\/p>\n\n\n\n<p>1er janvier<\/p>\n\n\n\n<p>6 janvier<\/p>\n\n\n\n\n\n\n\n\n\n\n\n<p><strong>Calendrier d&rsquo;\u00e9t\u00e9 : Juillet &#8211; Octobre<\/strong><br>Du lundi au vendredi : de 10h \u00e0 14h et de 16h \u00e0 20h<br>Samedi : de 10h00 \u00e0 14h30 et de 16h00 \u00e0 20h30<br>Dimanches et jours f\u00e9ri\u00e9s : 10h00 \u00e0 14h30<\/p>\n\n\n\n\n<\/div><\/div>\n\n\n\n<div style=\"height:20px\" aria-hidden=\"true\" class=\"wp-block-spacer\"><\/div>\n\n\n\n<figure class=\"wp-block-gallery has-nested-images columns-default is-cropped wp-block-gallery-1 is-layout-flex wp-block-gallery-is-layout-flex\">\n<figure class=\"wp-block-image size-medium\"><img loading=\"lazy\" decoding=\"async\" width=\"600\" height=\"450\" data-id=\"3039\" src=\"https:\/\/www.mantasezcaray.com\/wp-content\/uploads\/2020\/05\/mantasezcaray-tienda-taller1-600x450.jpg\" alt=\"\" class=\"wp-image-3039\" srcset=\"https:\/\/www.mantasezcaray.com\/wp-content\/uploads\/2020\/05\/mantasezcaray-tienda-taller1-600x450.jpg 600w, https:\/\/www.mantasezcaray.com\/wp-content\/uploads\/2020\/05\/mantasezcaray-tienda-taller1-1733x1300.jpg 1733w, https:\/\/www.mantasezcaray.com\/wp-content\/uploads\/2020\/05\/mantasezcaray-tienda-taller1-768x576.jpg 768w, https:\/\/www.mantasezcaray.com\/wp-content\/uploads\/2020\/05\/mantasezcaray-tienda-taller1-1536x1152.jpg 1536w, https:\/\/www.mantasezcaray.com\/wp-content\/uploads\/2020\/05\/mantasezcaray-tienda-taller1-300x225.jpg 300w, https:\/\/www.mantasezcaray.com\/wp-content\/uploads\/2020\/05\/mantasezcaray-tienda-taller1.jpg 2016w\" sizes=\"auto, (max-width: 600px) 100vw, 600px\" \/><\/figure>\n\n\n\n<figure class=\"wp-block-image size-medium\"><img loading=\"lazy\" decoding=\"async\" width=\"1733\" height=\"1300\" data-id=\"3041\" src=\"https:\/\/www.mantasezcaray.com\/wp-content\/uploads\/2020\/05\/mantasezcaray-tienda-taller2-1733x1300.jpg\" alt=\"\" class=\"wp-image-3041\" srcset=\"https:\/\/www.mantasezcaray.com\/wp-content\/uploads\/2020\/05\/mantasezcaray-tienda-taller2-1733x1300.jpg 1733w, https:\/\/www.mantasezcaray.com\/wp-content\/uploads\/2020\/05\/mantasezcaray-tienda-taller2-600x450.jpg 600w, https:\/\/www.mantasezcaray.com\/wp-content\/uploads\/2020\/05\/mantasezcaray-tienda-taller2-768x576.jpg 768w, https:\/\/www.mantasezcaray.com\/wp-content\/uploads\/2020\/05\/mantasezcaray-tienda-taller2-1536x1152.jpg 1536w, https:\/\/www.mantasezcaray.com\/wp-content\/uploads\/2020\/05\/mantasezcaray-tienda-taller2-300x225.jpg 300w, https:\/\/www.mantasezcaray.com\/wp-content\/uploads\/2020\/05\/mantasezcaray-tienda-taller2.jpg 2016w\" sizes=\"auto, (max-width: 1733px) 100vw, 1733px\" \/><\/figure>\n<\/figure>\n\n\n\n<div style=\"height:40px\" aria-hidden=\"true\" class=\"wp-block-spacer\"><\/div>\n\n\n\n<iframe loading=\"lazy\" src=\"https:\/\/www.google.com\/maps\/embed?pb=!1m18!1m12!1m3!1d5255.973983841059!2d-3.0156822995839283!3d42.32513078147551!2m3!1f0!2f0!3f0!3m2!1i1024!2i768!4f13.1!3m3!1m2!1s0xd4570d277c4493d%3A0xe9cd79486eff6508!2sMantas%20Ezcaray%20Fabricaci%C3%B3n%20y%20venta%20de%20mantas%20echarpes%20y%20bufandas!5e0!3m2!1ses!2ses!4v1589150851206!5m2!1ses!2ses\" style=\"border:0;\" allowfullscreen=\"\" aria-hidden=\"false\" tabindex=\"0\" width=\"1196\" height=\"600\" frameborder=\"0\"><\/iframe>\n","protected":false},"excerpt":{"rendered":"<p>Adresse12, rue Cristobal de ZamudioEzcaray, La RiojaEspagne Calendrier d&rsquo;hiver : Novembre &#8211; JuinDu lundi au vendredi : de 10h \u00e0 14h et de 15h \u00e0 19hSamedi : de 10h00 \u00e0 14h30 et de 16h00 \u00e0 20h30Dimanches et jours f\u00e9ri\u00e9s : 10h00 \u00e0 14h30 Le magasin sera ferm\u00e9 les jours suivants : 25 d\u00e9cembre 1er janvier [&hellip;]<\/p>\n","protected":false},"author":1,"featured_media":0,"parent":3639,"menu_order":5,"comment_status":"closed","ping_status":"closed","template":"template-fullwidth.php","meta":{"_acf_changed":false,"_editorskit_title_hidden":false,"_editorskit_reading_time":1,"_editorskit_is_block_options_detached":false,"_editorskit_block_options_position":"{}","footnotes":""},"class_list":["post-3684","page","type-page","status-publish","hentry"],"acf":[],"yoast_head":"<!-- This site is optimized with the Yoast SEO plugin v27.2 - https:\/\/yoast.com\/product\/yoast-seo-wordpress\/ -->\n<title>Informations sur L&#039;Atelier - Mantas Ezcaray<\/title>\n<meta name=\"description\" content=\"Adresse12, rue Cristobal de ZamudioEzcaray, La RiojaEspagne Calendrier d&#039;hiver : Novembre - JuinDu lundi au vendredi : de 10h \u00e0 14h et de 15h \u00e0 19hSamedi\" \/>\n<meta name=\"robots\" content=\"index, follow, max-snippet:-1, max-image-preview:large, max-video-preview:-1\" \/>\n<link rel=\"canonical\" href=\"https:\/\/www.mantasezcaray.com\/fr\/lentreprise\/workshop\/\" \/>\n<meta property=\"og:locale\" content=\"fr_FR\" \/>\n<meta property=\"og:type\" content=\"article\" \/>\n<meta property=\"og:title\" content=\"Informations sur L&#039;Atelier - Mantas Ezcaray\" \/>\n<meta property=\"og:description\" content=\"Adresse12, rue Cristobal de ZamudioEzcaray, La RiojaEspagne Calendrier d&#039;hiver : Novembre - JuinDu lundi au vendredi : de 10h \u00e0 14h et de 15h \u00e0 19hSamedi\" \/>\n<meta property=\"og:url\" content=\"https:\/\/www.mantasezcaray.com\/fr\/lentreprise\/workshop\/\" \/>\n<meta property=\"og:site_name\" content=\"Mantas Ezcaray\" \/>\n<meta property=\"article:publisher\" content=\"http:\/\/www.facebook.com\/pages\/Mantas-Ezcaray\/279923425355139\" \/>\n<meta property=\"article:modified_time\" content=\"2025-01-09T12:05:56+00:00\" \/>\n<meta property=\"og:image\" content=\"https:\/\/www.mantasezcaray.com\/wp-content\/uploads\/2020\/04\/DSC8584.jpg\" \/>\n<meta name=\"twitter:card\" content=\"summary_large_image\" \/>\n<meta name=\"twitter:site\" content=\"@mantasezcaray\" \/>\n<meta name=\"twitter:label1\" content=\"Dur\u00e9e de lecture estim\u00e9e\" \/>\n\t<meta name=\"twitter:data1\" content=\"2 minutes\" \/>\n<script type=\"application\/ld+json\" class=\"yoast-schema-graph\">{\"@context\":\"https:\/\/schema.org\",\"@graph\":[{\"@type\":\"WebPage\",\"@id\":\"https:\/\/www.mantasezcaray.com\/fr\/lentreprise\/workshop\/\",\"url\":\"https:\/\/www.mantasezcaray.com\/fr\/lentreprise\/workshop\/\",\"name\":\"Informations sur L'Atelier - Mantas Ezcaray\",\"isPartOf\":{\"@id\":\"https:\/\/www.mantasezcaray.com\/fr\/#website\"},\"primaryImageOfPage\":{\"@id\":\"https:\/\/www.mantasezcaray.com\/fr\/lentreprise\/workshop\/#primaryimage\"},\"image\":{\"@id\":\"https:\/\/www.mantasezcaray.com\/fr\/lentreprise\/workshop\/#primaryimage\"},\"thumbnailUrl\":\"https:\/\/www.mantasezcaray.com\/wp-content\/uploads\/2020\/04\/DSC8584.jpg\",\"datePublished\":\"2020-05-21T15:42:31+00:00\",\"dateModified\":\"2025-01-09T12:05:56+00:00\",\"description\":\"Adresse12, rue Cristobal de ZamudioEzcaray, La RiojaEspagne Calendrier d'hiver : Novembre - JuinDu lundi au vendredi : de 10h \u00e0 14h et de 15h \u00e0 19hSamedi\",\"breadcrumb\":{\"@id\":\"https:\/\/www.mantasezcaray.com\/fr\/lentreprise\/workshop\/#breadcrumb\"},\"inLanguage\":\"fr-FR\",\"potentialAction\":[{\"@type\":\"ReadAction\",\"target\":[\"https:\/\/www.mantasezcaray.com\/fr\/lentreprise\/workshop\/\"]}]},{\"@type\":\"ImageObject\",\"inLanguage\":\"fr-FR\",\"@id\":\"https:\/\/www.mantasezcaray.com\/fr\/lentreprise\/workshop\/#primaryimage\",\"url\":\"https:\/\/www.mantasezcaray.com\/wp-content\/uploads\/2020\/04\/DSC8584.jpg\",\"contentUrl\":\"https:\/\/www.mantasezcaray.com\/wp-content\/uploads\/2020\/04\/DSC8584.jpg\"},{\"@type\":\"BreadcrumbList\",\"@id\":\"https:\/\/www.mantasezcaray.com\/fr\/lentreprise\/workshop\/#breadcrumb\",\"itemListElement\":[{\"@type\":\"ListItem\",\"position\":1,\"name\":\"Inicio\",\"item\":\"https:\/\/www.mantasezcaray.com\/fr\/\"},{\"@type\":\"ListItem\",\"position\":2,\"name\":\"L&rsquo;entreprise\",\"item\":\"https:\/\/www.mantasezcaray.com\/fr\/lentreprise\/\"},{\"@type\":\"ListItem\",\"position\":3,\"name\":\"Informations sur L&#8217;Atelier\"}]},{\"@type\":\"WebSite\",\"@id\":\"https:\/\/www.mantasezcaray.com\/fr\/#website\",\"url\":\"https:\/\/www.mantasezcaray.com\/fr\/\",\"name\":\"Mantas Ezcaray\",\"description\":\"Desde 1930 tejiendo el mejor mohair\",\"publisher\":{\"@id\":\"https:\/\/www.mantasezcaray.com\/fr\/#organization\"},\"potentialAction\":[{\"@type\":\"SearchAction\",\"target\":{\"@type\":\"EntryPoint\",\"urlTemplate\":\"https:\/\/www.mantasezcaray.com\/fr\/?s={search_term_string}\"},\"query-input\":{\"@type\":\"PropertyValueSpecification\",\"valueRequired\":true,\"valueName\":\"search_term_string\"}}],\"inLanguage\":\"fr-FR\"},{\"@type\":\"Organization\",\"@id\":\"https:\/\/www.mantasezcaray.com\/fr\/#organization\",\"name\":\"Mantas Ezcaray\",\"url\":\"https:\/\/www.mantasezcaray.com\/fr\/\",\"logo\":{\"@type\":\"ImageObject\",\"inLanguage\":\"fr-FR\",\"@id\":\"https:\/\/www.mantasezcaray.com\/fr\/#\/schema\/logo\/image\/\",\"url\":\"https:\/\/www.mantasezcaray.com\/wp-content\/uploads\/2020\/05\/logo-mantasezcaray-negro-600x400-1.png\",\"contentUrl\":\"https:\/\/www.mantasezcaray.com\/wp-content\/uploads\/2020\/05\/logo-mantasezcaray-negro-600x400-1.png\",\"width\":600,\"height\":400,\"caption\":\"Mantas Ezcaray\"},\"image\":{\"@id\":\"https:\/\/www.mantasezcaray.com\/fr\/#\/schema\/logo\/image\/\"},\"sameAs\":[\"http:\/\/www.facebook.com\/pages\/Mantas-Ezcaray\/279923425355139\",\"https:\/\/x.com\/mantasezcaray\",\"https:\/\/www.instagram.com\/mantasezcaray\/\",\"https:\/\/www.youtube.com\/channel\/UCCYt_HCWxLvImAGnaItH2qQ\"]}]}<\/script>\n<!-- \/ Yoast SEO plugin. -->","yoast_head_json":{"title":"Informations sur L'Atelier - Mantas Ezcaray","description":"Adresse12, rue Cristobal de ZamudioEzcaray, La RiojaEspagne Calendrier d'hiver : Novembre - JuinDu lundi au vendredi : de 10h \u00e0 14h et de 15h \u00e0 19hSamedi","robots":{"index":"index","follow":"follow","max-snippet":"max-snippet:-1","max-image-preview":"max-image-preview:large","max-video-preview":"max-video-preview:-1"},"canonical":"https:\/\/www.mantasezcaray.com\/fr\/lentreprise\/workshop\/","og_locale":"fr_FR","og_type":"article","og_title":"Informations sur L'Atelier - Mantas Ezcaray","og_description":"Adresse12, rue Cristobal de ZamudioEzcaray, La RiojaEspagne Calendrier d'hiver : Novembre - JuinDu lundi au vendredi : de 10h \u00e0 14h et de 15h \u00e0 19hSamedi","og_url":"https:\/\/www.mantasezcaray.com\/fr\/lentreprise\/workshop\/","og_site_name":"Mantas Ezcaray","article_publisher":"http:\/\/www.facebook.com\/pages\/Mantas-Ezcaray\/279923425355139","article_modified_time":"2025-01-09T12:05:56+00:00","og_image":[{"url":"https:\/\/www.mantasezcaray.com\/wp-content\/uploads\/2020\/04\/DSC8584.jpg","type":"","width":"","height":""}],"twitter_card":"summary_large_image","twitter_site":"@mantasezcaray","twitter_misc":{"Dur\u00e9e de lecture estim\u00e9e":"2 minutes"},"schema":{"@context":"https:\/\/schema.org","@graph":[{"@type":"WebPage","@id":"https:\/\/www.mantasezcaray.com\/fr\/lentreprise\/workshop\/","url":"https:\/\/www.mantasezcaray.com\/fr\/lentreprise\/workshop\/","name":"Informations sur L'Atelier - Mantas Ezcaray","isPartOf":{"@id":"https:\/\/www.mantasezcaray.com\/fr\/#website"},"primaryImageOfPage":{"@id":"https:\/\/www.mantasezcaray.com\/fr\/lentreprise\/workshop\/#primaryimage"},"image":{"@id":"https:\/\/www.mantasezcaray.com\/fr\/lentreprise\/workshop\/#primaryimage"},"thumbnailUrl":"https:\/\/www.mantasezcaray.com\/wp-content\/uploads\/2020\/04\/DSC8584.jpg","datePublished":"2020-05-21T15:42:31+00:00","dateModified":"2025-01-09T12:05:56+00:00","description":"Adresse12, rue Cristobal de ZamudioEzcaray, La RiojaEspagne Calendrier d'hiver : Novembre - JuinDu lundi au vendredi : de 10h \u00e0 14h et de 15h \u00e0 19hSamedi","breadcrumb":{"@id":"https:\/\/www.mantasezcaray.com\/fr\/lentreprise\/workshop\/#breadcrumb"},"inLanguage":"fr-FR","potentialAction":[{"@type":"ReadAction","target":["https:\/\/www.mantasezcaray.com\/fr\/lentreprise\/workshop\/"]}]},{"@type":"ImageObject","inLanguage":"fr-FR","@id":"https:\/\/www.mantasezcaray.com\/fr\/lentreprise\/workshop\/#primaryimage","url":"https:\/\/www.mantasezcaray.com\/wp-content\/uploads\/2020\/04\/DSC8584.jpg","contentUrl":"https:\/\/www.mantasezcaray.com\/wp-content\/uploads\/2020\/04\/DSC8584.jpg"},{"@type":"BreadcrumbList","@id":"https:\/\/www.mantasezcaray.com\/fr\/lentreprise\/workshop\/#breadcrumb","itemListElement":[{"@type":"ListItem","position":1,"name":"Inicio","item":"https:\/\/www.mantasezcaray.com\/fr\/"},{"@type":"ListItem","position":2,"name":"L&rsquo;entreprise","item":"https:\/\/www.mantasezcaray.com\/fr\/lentreprise\/"},{"@type":"ListItem","position":3,"name":"Informations sur L&#8217;Atelier"}]},{"@type":"WebSite","@id":"https:\/\/www.mantasezcaray.com\/fr\/#website","url":"https:\/\/www.mantasezcaray.com\/fr\/","name":"Mantas Ezcaray","description":"Desde 1930 tejiendo el mejor mohair","publisher":{"@id":"https:\/\/www.mantasezcaray.com\/fr\/#organization"},"potentialAction":[{"@type":"SearchAction","target":{"@type":"EntryPoint","urlTemplate":"https:\/\/www.mantasezcaray.com\/fr\/?s={search_term_string}"},"query-input":{"@type":"PropertyValueSpecification","valueRequired":true,"valueName":"search_term_string"}}],"inLanguage":"fr-FR"},{"@type":"Organization","@id":"https:\/\/www.mantasezcaray.com\/fr\/#organization","name":"Mantas Ezcaray","url":"https:\/\/www.mantasezcaray.com\/fr\/","logo":{"@type":"ImageObject","inLanguage":"fr-FR","@id":"https:\/\/www.mantasezcaray.com\/fr\/#\/schema\/logo\/image\/","url":"https:\/\/www.mantasezcaray.com\/wp-content\/uploads\/2020\/05\/logo-mantasezcaray-negro-600x400-1.png","contentUrl":"https:\/\/www.mantasezcaray.com\/wp-content\/uploads\/2020\/05\/logo-mantasezcaray-negro-600x400-1.png","width":600,"height":400,"caption":"Mantas Ezcaray"},"image":{"@id":"https:\/\/www.mantasezcaray.com\/fr\/#\/schema\/logo\/image\/"},"sameAs":["http:\/\/www.facebook.com\/pages\/Mantas-Ezcaray\/279923425355139","https:\/\/x.com\/mantasezcaray","https:\/\/www.instagram.com\/mantasezcaray\/","https:\/\/www.youtube.com\/channel\/UCCYt_HCWxLvImAGnaItH2qQ"]}]}},"_links":{"self":[{"href":"https:\/\/www.mantasezcaray.com\/fr\/wp-json\/wp\/v2\/pages\/3684","targetHints":{"allow":["GET"]}}],"collection":[{"href":"https:\/\/www.mantasezcaray.com\/fr\/wp-json\/wp\/v2\/pages"}],"about":[{"href":"https:\/\/www.mantasezcaray.com\/fr\/wp-json\/wp\/v2\/types\/page"}],"author":[{"embeddable":true,"href":"https:\/\/www.mantasezcaray.com\/fr\/wp-json\/wp\/v2\/users\/1"}],"replies":[{"embeddable":true,"href":"https:\/\/www.mantasezcaray.com\/fr\/wp-json\/wp\/v2\/comments?post=3684"}],"version-history":[{"count":5,"href":"https:\/\/www.mantasezcaray.com\/fr\/wp-json\/wp\/v2\/pages\/3684\/revisions"}],"predecessor-version":[{"id":26901,"href":"https:\/\/www.mantasezcaray.com\/fr\/wp-json\/wp\/v2\/pages\/3684\/revisions\/26901"}],"up":[{"embeddable":true,"href":"https:\/\/www.mantasezcaray.com\/fr\/wp-json\/wp\/v2\/pages\/3639"}],"wp:attachment":[{"href":"https:\/\/www.mantasezcaray.com\/fr\/wp-json\/wp\/v2\/media?parent=3684"}],"curies":[{"name":"wp","href":"https:\/\/api.w.org\/{rel}","templated":true}]}}