{"id":3676,"date":"2020-05-21T17:40:51","date_gmt":"2020-05-21T15:40:51","guid":{"rendered":"https:\/\/www.mantasezcaray.com\/lentreprise\/procedes\/"},"modified":"2020-05-26T17:09:42","modified_gmt":"2020-05-26T15:09:42","slug":"procedes","status":"publish","type":"page","link":"https:\/\/www.mantasezcaray.com\/fr\/lentreprise\/procedes\/","title":{"rendered":"PROC\u00c9D\u00c9S"},"content":{"rendered":"\n<p class=\"has-normal-font-size is-style-parrafo-estrecho\">Depuis le XVe si\u00e8cle, la r\u00e9gion poss\u00e8de des ma\u00eetres cardeurs, tondeurs, teinturiers et tisseurs.<\/p>\n\n<div style=\"height:80px\" aria-hidden=\"true\" class=\"wp-block-spacer\"><\/div>\n\n<div class=\"wp-block-media-text has-media-on-the-right is-stacked-on-mobile is-vertically-aligned-bottom\" style=\"grid-template-columns:auto 47%\"><figure class=\"wp-block-media-text__media\"><img loading=\"lazy\" decoding=\"async\" width=\"1920\" height=\"1278\" src=\"https:\/\/www.mantasezcaray.com\/wp-content\/uploads\/2020\/04\/DSC8534.jpg\" alt=\"Procesos - Mantas Ezcaray\" class=\"wp-image-520\" srcset=\"https:\/\/www.mantasezcaray.com\/wp-content\/uploads\/2020\/04\/DSC8534.jpg 1920w, https:\/\/www.mantasezcaray.com\/wp-content\/uploads\/2020\/04\/DSC8534-600x399.jpg 600w, https:\/\/www.mantasezcaray.com\/wp-content\/uploads\/2020\/04\/DSC8534-768x511.jpg 768w, https:\/\/www.mantasezcaray.com\/wp-content\/uploads\/2020\/04\/DSC8534-1536x1022.jpg 1536w, https:\/\/www.mantasezcaray.com\/wp-content\/uploads\/2020\/04\/DSC8534-300x200.jpg 300w\" sizes=\"auto, (max-width: 1920px) 100vw, 1920px\" \/><\/figure><div class=\"wp-block-media-text__content\">\n<p class=\"has-normal-font-size\">Avec le temps, nous sommes devenus aujourd\u2019hui les seuls fabricants de couvertures en mohair, cachemire, alpaga, laine, etc. d\u2019Ezcaray et sans doute de toute l\u2019Espagne.<\/p>\n\n\n\n<p class=\"has-normal-font-size\">Nous avons toujours recours aux outils traditionnels pour le lavage, la teinture de la laine et la finition.<\/p>\n<\/div><\/div>\n\n<div style=\"height:100px\" aria-hidden=\"true\" class=\"wp-block-spacer\"><\/div>\n\n<div class=\"wp-block-cover has-background-dim-20 has-background-dim\" style=\"background-image:url(https:\/\/www.mantasezcaray.com\/wp-content\/uploads\/2020\/04\/DSC8549.jpg);min-height:265px;aspect-ratio:unset;\"><div class=\"wp-block-cover__inner-container is-layout-flow wp-block-cover-is-layout-flow\">\n<p class=\"has-text-align-center has-large-font-size\"><\/p>\n<\/div><\/div>\n\n<div style=\"height:80px\" aria-hidden=\"true\" class=\"wp-block-spacer\"><\/div>\n\n<div class=\"wp-block-media-text is-stacked-on-mobile is-vertically-aligned-bottom is-style-foto-texto-producto\" style=\"grid-template-columns:48% auto\"><figure class=\"wp-block-media-text__media\"><img loading=\"lazy\" decoding=\"async\" width=\"1920\" height=\"1278\" src=\"https:\/\/www.mantasezcaray.com\/wp-content\/uploads\/2020\/04\/DSC8308.jpg\" alt=\"Procesos - Mantas Ezcaray\" class=\"wp-image-512\" srcset=\"https:\/\/www.mantasezcaray.com\/wp-content\/uploads\/2020\/04\/DSC8308.jpg 1920w, https:\/\/www.mantasezcaray.com\/wp-content\/uploads\/2020\/04\/DSC8308-600x399.jpg 600w, https:\/\/www.mantasezcaray.com\/wp-content\/uploads\/2020\/04\/DSC8308-768x511.jpg 768w, https:\/\/www.mantasezcaray.com\/wp-content\/uploads\/2020\/04\/DSC8308-1536x1022.jpg 1536w, https:\/\/www.mantasezcaray.com\/wp-content\/uploads\/2020\/04\/DSC8308-300x200.jpg 300w\" sizes=\"auto, (max-width: 1920px) 100vw, 1920px\" \/><\/figure><div class=\"wp-block-media-text__content\">\n<p class=\"has-normal-font-size is-style-default\">Seules des mains expertes sont capables d\u2019\u00e9tudier minutieusement tous les proc\u00e9d\u00e9s pour aboutir au produit fini.<\/p>\n<\/div><\/div>\n\n<figure class=\"wp-block-gallery columns-2 is-cropped wp-block-gallery-1 is-layout-flex wp-block-gallery-is-layout-flex\"><ul class=\"blocks-gallery-grid\"><li class=\"blocks-gallery-item\"><figure><img loading=\"lazy\" decoding=\"async\" width=\"600\" height=\"399\" src=\"https:\/\/www.mantasezcaray.com\/wp-content\/uploads\/2020\/04\/DSC8589-600x399.jpg\" alt=\"Procesos - Mantas Ezcaray\" data-id=\"528\" data-full-url=\"https:\/\/www.mantasezcaray.com\/wp-content\/uploads\/2020\/04\/DSC8589.jpg\" data-link=\"https:\/\/www.mantasezcaray.com\/la-firma\/procesos\/attachment\/_dsc8589\/\" class=\"wp-image-528\" srcset=\"https:\/\/www.mantasezcaray.com\/wp-content\/uploads\/2020\/04\/DSC8589-600x399.jpg 600w, https:\/\/www.mantasezcaray.com\/wp-content\/uploads\/2020\/04\/DSC8589-768x511.jpg 768w, https:\/\/www.mantasezcaray.com\/wp-content\/uploads\/2020\/04\/DSC8589-1536x1022.jpg 1536w, https:\/\/www.mantasezcaray.com\/wp-content\/uploads\/2020\/04\/DSC8589-300x200.jpg 300w, https:\/\/www.mantasezcaray.com\/wp-content\/uploads\/2020\/04\/DSC8589.jpg 1920w\" sizes=\"auto, (max-width: 600px) 100vw, 600px\" \/><\/figure><\/li><li class=\"blocks-gallery-item\"><figure><img loading=\"lazy\" decoding=\"async\" width=\"600\" height=\"399\" src=\"https:\/\/www.mantasezcaray.com\/wp-content\/uploads\/2020\/04\/DSC8428-600x399.jpg\" alt=\"Procesos - Mantas Ezcaray\" data-id=\"516\" data-full-url=\"https:\/\/www.mantasezcaray.com\/wp-content\/uploads\/2020\/04\/DSC8428.jpg\" data-link=\"https:\/\/www.mantasezcaray.com\/la-firma\/procesos\/attachment\/_dsc8428\/\" class=\"wp-image-516\" srcset=\"https:\/\/www.mantasezcaray.com\/wp-content\/uploads\/2020\/04\/DSC8428-600x399.jpg 600w, https:\/\/www.mantasezcaray.com\/wp-content\/uploads\/2020\/04\/DSC8428-768x511.jpg 768w, https:\/\/www.mantasezcaray.com\/wp-content\/uploads\/2020\/04\/DSC8428-1536x1022.jpg 1536w, https:\/\/www.mantasezcaray.com\/wp-content\/uploads\/2020\/04\/DSC8428-300x200.jpg 300w, https:\/\/www.mantasezcaray.com\/wp-content\/uploads\/2020\/04\/DSC8428.jpg 1920w\" sizes=\"auto, (max-width: 600px) 100vw, 600px\" \/><\/figure><\/li><li class=\"blocks-gallery-item\"><figure><img loading=\"lazy\" decoding=\"async\" width=\"600\" height=\"399\" src=\"https:\/\/www.mantasezcaray.com\/wp-content\/uploads\/2020\/04\/DSC8245-600x399.jpg\" alt=\"Procesos - Mantas Ezcaray\" data-id=\"508\" data-full-url=\"https:\/\/www.mantasezcaray.com\/wp-content\/uploads\/2020\/04\/DSC8245.jpg\" data-link=\"https:\/\/www.mantasezcaray.com\/la-firma\/procesos\/attachment\/_dsc8245\/\" class=\"wp-image-508\" srcset=\"https:\/\/www.mantasezcaray.com\/wp-content\/uploads\/2020\/04\/DSC8245-600x399.jpg 600w, https:\/\/www.mantasezcaray.com\/wp-content\/uploads\/2020\/04\/DSC8245-768x511.jpg 768w, https:\/\/www.mantasezcaray.com\/wp-content\/uploads\/2020\/04\/DSC8245-1536x1022.jpg 1536w, https:\/\/www.mantasezcaray.com\/wp-content\/uploads\/2020\/04\/DSC8245-300x200.jpg 300w, https:\/\/www.mantasezcaray.com\/wp-content\/uploads\/2020\/04\/DSC8245.jpg 1920w\" sizes=\"auto, (max-width: 600px) 100vw, 600px\" \/><\/figure><\/li><li class=\"blocks-gallery-item\"><figure><img loading=\"lazy\" decoding=\"async\" width=\"600\" height=\"399\" src=\"https:\/\/www.mantasezcaray.com\/wp-content\/uploads\/2020\/04\/DSC8225-600x399.jpg\" alt=\"Procesos - Mantas Ezcaray\" data-id=\"506\" data-full-url=\"https:\/\/www.mantasezcaray.com\/wp-content\/uploads\/2020\/04\/DSC8225.jpg\" data-link=\"https:\/\/www.mantasezcaray.com\/la-firma\/procesos\/attachment\/_dsc8225\/\" class=\"wp-image-506\" srcset=\"https:\/\/www.mantasezcaray.com\/wp-content\/uploads\/2020\/04\/DSC8225-600x399.jpg 600w, https:\/\/www.mantasezcaray.com\/wp-content\/uploads\/2020\/04\/DSC8225-768x511.jpg 768w, https:\/\/www.mantasezcaray.com\/wp-content\/uploads\/2020\/04\/DSC8225-1536x1022.jpg 1536w, https:\/\/www.mantasezcaray.com\/wp-content\/uploads\/2020\/04\/DSC8225-300x200.jpg 300w, https:\/\/www.mantasezcaray.com\/wp-content\/uploads\/2020\/04\/DSC8225.jpg 1920w\" sizes=\"auto, (max-width: 600px) 100vw, 600px\" \/><\/figure><\/li><\/ul><\/figure>\n\n<div style=\"height:100px\" aria-hidden=\"true\" class=\"wp-block-spacer\"><\/div>\n\n<div class=\"wp-block-media-text has-media-on-the-right is-stacked-on-mobile is-vertically-aligned-bottom is-style-foto-texto-producto\" style=\"grid-template-columns:auto 68%\"><figure class=\"wp-block-media-text__media\"><img loading=\"lazy\" decoding=\"async\" width=\"1920\" height=\"1278\" src=\"https:\/\/www.mantasezcaray.com\/wp-content\/uploads\/2020\/04\/DSC8263.jpg\" alt=\"Procesos - Mantas Ezcaray\" class=\"wp-image-510\" srcset=\"https:\/\/www.mantasezcaray.com\/wp-content\/uploads\/2020\/04\/DSC8263.jpg 1920w, https:\/\/www.mantasezcaray.com\/wp-content\/uploads\/2020\/04\/DSC8263-600x399.jpg 600w, https:\/\/www.mantasezcaray.com\/wp-content\/uploads\/2020\/04\/DSC8263-768x511.jpg 768w, https:\/\/www.mantasezcaray.com\/wp-content\/uploads\/2020\/04\/DSC8263-1536x1022.jpg 1536w, https:\/\/www.mantasezcaray.com\/wp-content\/uploads\/2020\/04\/DSC8263-300x200.jpg 300w\" sizes=\"auto, (max-width: 1920px) 100vw, 1920px\" \/><\/figure><div class=\"wp-block-media-text__content\">\n<p class=\"has-normal-font-size is-style-default\">Nous sommes fiers du travail bien fait et satisfaits du retour positif de nos clients.<\/p>\n<\/div><\/div>\n\n<p><br\/><\/p>\n","protected":false},"excerpt":{"rendered":"<p>Depuis le XVe si\u00e8cle, la r\u00e9gion poss\u00e8de des ma\u00eetres cardeurs, tondeurs, teinturiers et tisseurs. Avec le temps, nous sommes devenus aujourd\u2019hui les seuls fabricants de couvertures en mohair, cachemire, alpaga, laine, etc. d\u2019Ezcaray et sans doute de toute l\u2019Espagne. Nous avons toujours recours aux outils traditionnels pour le lavage, la teinture de la laine et [&hellip;]<\/p>\n","protected":false},"author":1,"featured_media":0,"parent":3639,"menu_order":2,"comment_status":"closed","ping_status":"closed","template":"template-fullwidth.php","meta":{"_acf_changed":false,"_editorskit_title_hidden":false,"_editorskit_reading_time":0,"_editorskit_is_block_options_detached":false,"_editorskit_block_options_position":"{}","footnotes":""},"class_list":["post-3676","page","type-page","status-publish","hentry"],"acf":[],"yoast_head":"<!-- This site is optimized with the Yoast SEO plugin v27.2 - https:\/\/yoast.com\/product\/yoast-seo-wordpress\/ -->\n<title>PROC\u00c9D\u00c9S - Mantas Ezcaray<\/title>\n<meta name=\"description\" content=\"Depuis le XVe si\u00e8cle, la r\u00e9gion poss\u00e8de des ma\u00eetres cardeurs, tondeurs, teinturiers et tisseurs. Avec le temps, nous sommes devenus aujourd\u2019hui les seuls\" \/>\n<meta name=\"robots\" content=\"index, follow, max-snippet:-1, max-image-preview:large, max-video-preview:-1\" \/>\n<link rel=\"canonical\" href=\"https:\/\/www.mantasezcaray.com\/fr\/lentreprise\/procedes\/\" \/>\n<meta property=\"og:locale\" content=\"fr_FR\" \/>\n<meta property=\"og:type\" content=\"article\" \/>\n<meta property=\"og:title\" content=\"PROC\u00c9D\u00c9S - Mantas Ezcaray\" \/>\n<meta property=\"og:description\" content=\"Depuis le XVe si\u00e8cle, la r\u00e9gion poss\u00e8de des ma\u00eetres cardeurs, tondeurs, teinturiers et tisseurs. Avec le temps, nous sommes devenus aujourd\u2019hui les seuls\" \/>\n<meta property=\"og:url\" content=\"https:\/\/www.mantasezcaray.com\/fr\/lentreprise\/procedes\/\" \/>\n<meta property=\"og:site_name\" content=\"Mantas Ezcaray\" \/>\n<meta property=\"article:publisher\" content=\"http:\/\/www.facebook.com\/pages\/Mantas-Ezcaray\/279923425355139\" \/>\n<meta property=\"article:modified_time\" content=\"2020-05-26T15:09:42+00:00\" \/>\n<meta property=\"og:image\" content=\"https:\/\/www.mantasezcaray.com\/wp-content\/uploads\/2020\/04\/DSC8534.jpg\" \/>\n<meta name=\"twitter:card\" content=\"summary_large_image\" \/>\n<meta name=\"twitter:site\" content=\"@mantasezcaray\" \/>\n<script type=\"application\/ld+json\" class=\"yoast-schema-graph\">{\"@context\":\"https:\/\/schema.org\",\"@graph\":[{\"@type\":\"WebPage\",\"@id\":\"https:\/\/www.mantasezcaray.com\/fr\/lentreprise\/procedes\/\",\"url\":\"https:\/\/www.mantasezcaray.com\/fr\/lentreprise\/procedes\/\",\"name\":\"PROC\u00c9D\u00c9S - Mantas Ezcaray\",\"isPartOf\":{\"@id\":\"https:\/\/www.mantasezcaray.com\/fr\/#website\"},\"primaryImageOfPage\":{\"@id\":\"https:\/\/www.mantasezcaray.com\/fr\/lentreprise\/procedes\/#primaryimage\"},\"image\":{\"@id\":\"https:\/\/www.mantasezcaray.com\/fr\/lentreprise\/procedes\/#primaryimage\"},\"thumbnailUrl\":\"https:\/\/www.mantasezcaray.com\/wp-content\/uploads\/2020\/04\/DSC8534.jpg\",\"datePublished\":\"2020-05-21T15:40:51+00:00\",\"dateModified\":\"2020-05-26T15:09:42+00:00\",\"description\":\"Depuis le XVe si\u00e8cle, la r\u00e9gion poss\u00e8de des ma\u00eetres cardeurs, tondeurs, teinturiers et tisseurs. Avec le temps, nous sommes devenus aujourd\u2019hui les seuls\",\"breadcrumb\":{\"@id\":\"https:\/\/www.mantasezcaray.com\/fr\/lentreprise\/procedes\/#breadcrumb\"},\"inLanguage\":\"fr-FR\",\"potentialAction\":[{\"@type\":\"ReadAction\",\"target\":[\"https:\/\/www.mantasezcaray.com\/fr\/lentreprise\/procedes\/\"]}]},{\"@type\":\"ImageObject\",\"inLanguage\":\"fr-FR\",\"@id\":\"https:\/\/www.mantasezcaray.com\/fr\/lentreprise\/procedes\/#primaryimage\",\"url\":\"https:\/\/www.mantasezcaray.com\/wp-content\/uploads\/2020\/04\/DSC8534.jpg\",\"contentUrl\":\"https:\/\/www.mantasezcaray.com\/wp-content\/uploads\/2020\/04\/DSC8534.jpg\"},{\"@type\":\"BreadcrumbList\",\"@id\":\"https:\/\/www.mantasezcaray.com\/fr\/lentreprise\/procedes\/#breadcrumb\",\"itemListElement\":[{\"@type\":\"ListItem\",\"position\":1,\"name\":\"Inicio\",\"item\":\"https:\/\/www.mantasezcaray.com\/fr\/\"},{\"@type\":\"ListItem\",\"position\":2,\"name\":\"L&rsquo;entreprise\",\"item\":\"https:\/\/www.mantasezcaray.com\/fr\/lentreprise\/\"},{\"@type\":\"ListItem\",\"position\":3,\"name\":\"PROC\u00c9D\u00c9S\"}]},{\"@type\":\"WebSite\",\"@id\":\"https:\/\/www.mantasezcaray.com\/fr\/#website\",\"url\":\"https:\/\/www.mantasezcaray.com\/fr\/\",\"name\":\"Mantas Ezcaray\",\"description\":\"Desde 1930 tejiendo el mejor mohair\",\"publisher\":{\"@id\":\"https:\/\/www.mantasezcaray.com\/fr\/#organization\"},\"potentialAction\":[{\"@type\":\"SearchAction\",\"target\":{\"@type\":\"EntryPoint\",\"urlTemplate\":\"https:\/\/www.mantasezcaray.com\/fr\/?s={search_term_string}\"},\"query-input\":{\"@type\":\"PropertyValueSpecification\",\"valueRequired\":true,\"valueName\":\"search_term_string\"}}],\"inLanguage\":\"fr-FR\"},{\"@type\":\"Organization\",\"@id\":\"https:\/\/www.mantasezcaray.com\/fr\/#organization\",\"name\":\"Mantas Ezcaray\",\"url\":\"https:\/\/www.mantasezcaray.com\/fr\/\",\"logo\":{\"@type\":\"ImageObject\",\"inLanguage\":\"fr-FR\",\"@id\":\"https:\/\/www.mantasezcaray.com\/fr\/#\/schema\/logo\/image\/\",\"url\":\"https:\/\/www.mantasezcaray.com\/wp-content\/uploads\/2020\/05\/logo-mantasezcaray-negro-600x400-1.png\",\"contentUrl\":\"https:\/\/www.mantasezcaray.com\/wp-content\/uploads\/2020\/05\/logo-mantasezcaray-negro-600x400-1.png\",\"width\":600,\"height\":400,\"caption\":\"Mantas Ezcaray\"},\"image\":{\"@id\":\"https:\/\/www.mantasezcaray.com\/fr\/#\/schema\/logo\/image\/\"},\"sameAs\":[\"http:\/\/www.facebook.com\/pages\/Mantas-Ezcaray\/279923425355139\",\"https:\/\/x.com\/mantasezcaray\",\"https:\/\/www.instagram.com\/mantasezcaray\/\",\"https:\/\/www.youtube.com\/channel\/UCCYt_HCWxLvImAGnaItH2qQ\"]}]}<\/script>\n<!-- \/ Yoast SEO plugin. -->","yoast_head_json":{"title":"PROC\u00c9D\u00c9S - Mantas Ezcaray","description":"Depuis le XVe si\u00e8cle, la r\u00e9gion poss\u00e8de des ma\u00eetres cardeurs, tondeurs, teinturiers et tisseurs. Avec le temps, nous sommes devenus aujourd\u2019hui les seuls","robots":{"index":"index","follow":"follow","max-snippet":"max-snippet:-1","max-image-preview":"max-image-preview:large","max-video-preview":"max-video-preview:-1"},"canonical":"https:\/\/www.mantasezcaray.com\/fr\/lentreprise\/procedes\/","og_locale":"fr_FR","og_type":"article","og_title":"PROC\u00c9D\u00c9S - Mantas Ezcaray","og_description":"Depuis le XVe si\u00e8cle, la r\u00e9gion poss\u00e8de des ma\u00eetres cardeurs, tondeurs, teinturiers et tisseurs. Avec le temps, nous sommes devenus aujourd\u2019hui les seuls","og_url":"https:\/\/www.mantasezcaray.com\/fr\/lentreprise\/procedes\/","og_site_name":"Mantas Ezcaray","article_publisher":"http:\/\/www.facebook.com\/pages\/Mantas-Ezcaray\/279923425355139","article_modified_time":"2020-05-26T15:09:42+00:00","og_image":[{"url":"https:\/\/www.mantasezcaray.com\/wp-content\/uploads\/2020\/04\/DSC8534.jpg","type":"","width":"","height":""}],"twitter_card":"summary_large_image","twitter_site":"@mantasezcaray","schema":{"@context":"https:\/\/schema.org","@graph":[{"@type":"WebPage","@id":"https:\/\/www.mantasezcaray.com\/fr\/lentreprise\/procedes\/","url":"https:\/\/www.mantasezcaray.com\/fr\/lentreprise\/procedes\/","name":"PROC\u00c9D\u00c9S - Mantas Ezcaray","isPartOf":{"@id":"https:\/\/www.mantasezcaray.com\/fr\/#website"},"primaryImageOfPage":{"@id":"https:\/\/www.mantasezcaray.com\/fr\/lentreprise\/procedes\/#primaryimage"},"image":{"@id":"https:\/\/www.mantasezcaray.com\/fr\/lentreprise\/procedes\/#primaryimage"},"thumbnailUrl":"https:\/\/www.mantasezcaray.com\/wp-content\/uploads\/2020\/04\/DSC8534.jpg","datePublished":"2020-05-21T15:40:51+00:00","dateModified":"2020-05-26T15:09:42+00:00","description":"Depuis le XVe si\u00e8cle, la r\u00e9gion poss\u00e8de des ma\u00eetres cardeurs, tondeurs, teinturiers et tisseurs. Avec le temps, nous sommes devenus aujourd\u2019hui les seuls","breadcrumb":{"@id":"https:\/\/www.mantasezcaray.com\/fr\/lentreprise\/procedes\/#breadcrumb"},"inLanguage":"fr-FR","potentialAction":[{"@type":"ReadAction","target":["https:\/\/www.mantasezcaray.com\/fr\/lentreprise\/procedes\/"]}]},{"@type":"ImageObject","inLanguage":"fr-FR","@id":"https:\/\/www.mantasezcaray.com\/fr\/lentreprise\/procedes\/#primaryimage","url":"https:\/\/www.mantasezcaray.com\/wp-content\/uploads\/2020\/04\/DSC8534.jpg","contentUrl":"https:\/\/www.mantasezcaray.com\/wp-content\/uploads\/2020\/04\/DSC8534.jpg"},{"@type":"BreadcrumbList","@id":"https:\/\/www.mantasezcaray.com\/fr\/lentreprise\/procedes\/#breadcrumb","itemListElement":[{"@type":"ListItem","position":1,"name":"Inicio","item":"https:\/\/www.mantasezcaray.com\/fr\/"},{"@type":"ListItem","position":2,"name":"L&rsquo;entreprise","item":"https:\/\/www.mantasezcaray.com\/fr\/lentreprise\/"},{"@type":"ListItem","position":3,"name":"PROC\u00c9D\u00c9S"}]},{"@type":"WebSite","@id":"https:\/\/www.mantasezcaray.com\/fr\/#website","url":"https:\/\/www.mantasezcaray.com\/fr\/","name":"Mantas Ezcaray","description":"Desde 1930 tejiendo el mejor mohair","publisher":{"@id":"https:\/\/www.mantasezcaray.com\/fr\/#organization"},"potentialAction":[{"@type":"SearchAction","target":{"@type":"EntryPoint","urlTemplate":"https:\/\/www.mantasezcaray.com\/fr\/?s={search_term_string}"},"query-input":{"@type":"PropertyValueSpecification","valueRequired":true,"valueName":"search_term_string"}}],"inLanguage":"fr-FR"},{"@type":"Organization","@id":"https:\/\/www.mantasezcaray.com\/fr\/#organization","name":"Mantas Ezcaray","url":"https:\/\/www.mantasezcaray.com\/fr\/","logo":{"@type":"ImageObject","inLanguage":"fr-FR","@id":"https:\/\/www.mantasezcaray.com\/fr\/#\/schema\/logo\/image\/","url":"https:\/\/www.mantasezcaray.com\/wp-content\/uploads\/2020\/05\/logo-mantasezcaray-negro-600x400-1.png","contentUrl":"https:\/\/www.mantasezcaray.com\/wp-content\/uploads\/2020\/05\/logo-mantasezcaray-negro-600x400-1.png","width":600,"height":400,"caption":"Mantas Ezcaray"},"image":{"@id":"https:\/\/www.mantasezcaray.com\/fr\/#\/schema\/logo\/image\/"},"sameAs":["http:\/\/www.facebook.com\/pages\/Mantas-Ezcaray\/279923425355139","https:\/\/x.com\/mantasezcaray","https:\/\/www.instagram.com\/mantasezcaray\/","https:\/\/www.youtube.com\/channel\/UCCYt_HCWxLvImAGnaItH2qQ"]}]}},"_links":{"self":[{"href":"https:\/\/www.mantasezcaray.com\/fr\/wp-json\/wp\/v2\/pages\/3676","targetHints":{"allow":["GET"]}}],"collection":[{"href":"https:\/\/www.mantasezcaray.com\/fr\/wp-json\/wp\/v2\/pages"}],"about":[{"href":"https:\/\/www.mantasezcaray.com\/fr\/wp-json\/wp\/v2\/types\/page"}],"author":[{"embeddable":true,"href":"https:\/\/www.mantasezcaray.com\/fr\/wp-json\/wp\/v2\/users\/1"}],"replies":[{"embeddable":true,"href":"https:\/\/www.mantasezcaray.com\/fr\/wp-json\/wp\/v2\/comments?post=3676"}],"version-history":[{"count":3,"href":"https:\/\/www.mantasezcaray.com\/fr\/wp-json\/wp\/v2\/pages\/3676\/revisions"}],"predecessor-version":[{"id":4504,"href":"https:\/\/www.mantasezcaray.com\/fr\/wp-json\/wp\/v2\/pages\/3676\/revisions\/4504"}],"up":[{"embeddable":true,"href":"https:\/\/www.mantasezcaray.com\/fr\/wp-json\/wp\/v2\/pages\/3639"}],"wp:attachment":[{"href":"https:\/\/www.mantasezcaray.com\/fr\/wp-json\/wp\/v2\/media?parent=3676"}],"curies":[{"name":"wp","href":"https:\/\/api.w.org\/{rel}","templated":true}]}}